{"id":3014,"date":"2021-12-18T21:45:55","date_gmt":"2021-12-18T20:45:55","guid":{"rendered":"https:\/\/petriotgin.com\/einkaufswagen\/"},"modified":"2023-04-27T14:25:01","modified_gmt":"2023-04-27T12:25:01","slug":"einkaufswagen","status":"publish","type":"page","link":"https:\/\/petriotgin.com\/de\/einkaufswagen\/","title":{"rendered":"Einkaufswagen"},"content":{"rendered":"\n","protected":false},"excerpt":{"rendered":"","protected":false},"author":5,"featured_media":0,"parent":0,"menu_order":0,"comment_status":"closed","ping_status":"closed","template":"","meta":{"_acf_changed":false,"footnotes":""},"class_list":["post-3014","page","type-page","status-publish","hentry"],"acf":[],"yoast_head":"<!-- This site is optimized with the Yoast SEO Premium plugin v23.9 (Yoast SEO v27.4) - https:\/\/yoast.com\/product\/yoast-seo-premium-wordpress\/ -->\n<title>Einkaufswagen - Petriot Brennerei<\/title>\n<meta name=\"description\" content=\"Artikel zum Einkaufswagen hinzuf\u00fcgen, Auswahl \u00fcberpr\u00fcfen und einfach auschecken. Jetzt einkaufen und Zeit und Geld sparen!\" \/>\n<meta name=\"robots\" content=\"noindex, follow\" \/>\n<meta property=\"og:locale\" content=\"de_DE\" \/>\n<meta property=\"og:type\" content=\"article\" \/>\n<meta property=\"og:title\" content=\"Einkaufswagen\" \/>\n<meta property=\"og:description\" content=\"Artikel zum Einkaufswagen hinzuf\u00fcgen, Auswahl \u00fcberpr\u00fcfen und einfach auschecken. Jetzt einkaufen und Zeit und Geld sparen!\" \/>\n<meta property=\"og:url\" content=\"https:\/\/petriotgin.com\/de\/einkaufswagen\/\" \/>\n<meta property=\"og:site_name\" content=\"Petriot Brennerei\" \/>\n<meta property=\"article:publisher\" content=\"https:\/\/www.facebook.com\/PetriotGin\" \/>\n<meta property=\"article:modified_time\" content=\"2023-04-27T12:25:01+00:00\" \/>\n<meta property=\"og:image\" content=\"https:\/\/petriotgin.com\/wp-content\/uploads\/2021\/02\/Petriot_profil.png\" \/>\n\t<meta property=\"og:image:width\" content=\"1042\" \/>\n\t<meta property=\"og:image:height\" content=\"1042\" \/>\n\t<meta property=\"og:image:type\" content=\"image\/png\" \/>\n<meta name=\"twitter:card\" content=\"summary_large_image\" \/>\n<script type=\"application\/ld+json\" class=\"yoast-schema-graph\">{\"@context\":\"https:\\\/\\\/schema.org\",\"@graph\":[{\"@type\":\"WebPage\",\"@id\":\"https:\\\/\\\/petriotgin.com\\\/de\\\/einkaufswagen\\\/\",\"url\":\"https:\\\/\\\/petriotgin.com\\\/de\\\/einkaufswagen\\\/\",\"name\":\"Einkaufswagen - Petriot Brennerei\",\"isPartOf\":{\"@id\":\"https:\\\/\\\/petriotgin.com\\\/de\\\/#website\"},\"datePublished\":\"2021-12-18T20:45:55+00:00\",\"dateModified\":\"2023-04-27T12:25:01+00:00\",\"description\":\"Artikel zum Einkaufswagen hinzuf\u00fcgen, Auswahl \u00fcberpr\u00fcfen und einfach auschecken. Jetzt einkaufen und Zeit und Geld sparen!\",\"breadcrumb\":{\"@id\":\"https:\\\/\\\/petriotgin.com\\\/de\\\/einkaufswagen\\\/#breadcrumb\"},\"inLanguage\":\"de\",\"potentialAction\":[{\"@type\":\"ReadAction\",\"target\":[\"https:\\\/\\\/petriotgin.com\\\/de\\\/einkaufswagen\\\/\"]}]},{\"@type\":\"BreadcrumbList\",\"@id\":\"https:\\\/\\\/petriotgin.com\\\/de\\\/einkaufswagen\\\/#breadcrumb\",\"itemListElement\":[{\"@type\":\"ListItem\",\"position\":1,\"name\":\"Startseite\",\"item\":\"https:\\\/\\\/petriotgin.com\\\/de\\\/\"},{\"@type\":\"ListItem\",\"position\":2,\"name\":\"Einkaufswagen\"}]},{\"@type\":\"WebSite\",\"@id\":\"https:\\\/\\\/petriotgin.com\\\/de\\\/#website\",\"url\":\"https:\\\/\\\/petriotgin.com\\\/de\\\/\",\"name\":\"Petriot Gin\",\"description\":\"Petriot Distillery, Slovenia\",\"publisher\":{\"@id\":\"https:\\\/\\\/petriotgin.com\\\/de\\\/#organization\"},\"alternateName\":\"Petriot distillery\",\"potentialAction\":[{\"@type\":\"SearchAction\",\"target\":{\"@type\":\"EntryPoint\",\"urlTemplate\":\"https:\\\/\\\/petriotgin.com\\\/de\\\/?s={search_term_string}\"},\"query-input\":{\"@type\":\"PropertyValueSpecification\",\"valueRequired\":true,\"valueName\":\"search_term_string\"}}],\"inLanguage\":\"de\"},{\"@type\":\"Organization\",\"@id\":\"https:\\\/\\\/petriotgin.com\\\/de\\\/#organization\",\"name\":\"Petriot d.o.o.\",\"alternateName\":\"Petriot Distillery\",\"url\":\"https:\\\/\\\/petriotgin.com\\\/de\\\/\",\"logo\":{\"@type\":\"ImageObject\",\"inLanguage\":\"de\",\"@id\":\"https:\\\/\\\/petriotgin.com\\\/de\\\/#\\\/schema\\\/logo\\\/image\\\/\",\"url\":\"https:\\\/\\\/petriotgin.com\\\/wp-content\\\/uploads\\\/2021\\\/02\\\/Petriot_profil.png\",\"contentUrl\":\"https:\\\/\\\/petriotgin.com\\\/wp-content\\\/uploads\\\/2021\\\/02\\\/Petriot_profil.png\",\"width\":1042,\"height\":1042,\"caption\":\"Petriot d.o.o.\"},\"image\":{\"@id\":\"https:\\\/\\\/petriotgin.com\\\/de\\\/#\\\/schema\\\/logo\\\/image\\\/\"},\"sameAs\":[\"https:\\\/\\\/www.facebook.com\\\/PetriotGin\",\"https:\\\/\\\/www.instagram.com\\\/petriotgin\\\/\",\"https:\\\/\\\/www.linkedin.com\\\/company\\\/petriot-distillery\"],\"email\":\"ilove@petriotgin.com\",\"telephone\":\"+386 40 75 99 49\",\"legalName\":\"Petriot Distillery\",\"vatID\":\"84583185\",\"taxID\":\"SI84583185\",\"numberOfEmployees\":{\"@type\":\"QuantitativeValue\",\"minValue\":\"1\",\"maxValue\":\"10\"}}]}<\/script>\n<!-- \/ Yoast SEO Premium plugin. -->","yoast_head_json":{"title":"Einkaufswagen - Petriot Brennerei","description":"Artikel zum Einkaufswagen hinzuf\u00fcgen, Auswahl \u00fcberpr\u00fcfen und einfach auschecken. Jetzt einkaufen und Zeit und Geld sparen!","robots":{"index":"noindex","follow":"follow"},"og_locale":"de_DE","og_type":"article","og_title":"Einkaufswagen","og_description":"Artikel zum Einkaufswagen hinzuf\u00fcgen, Auswahl \u00fcberpr\u00fcfen und einfach auschecken. Jetzt einkaufen und Zeit und Geld sparen!","og_url":"https:\/\/petriotgin.com\/de\/einkaufswagen\/","og_site_name":"Petriot Brennerei","article_publisher":"https:\/\/www.facebook.com\/PetriotGin","article_modified_time":"2023-04-27T12:25:01+00:00","og_image":[{"width":1042,"height":1042,"url":"https:\/\/petriotgin.com\/wp-content\/uploads\/2021\/02\/Petriot_profil.png","type":"image\/png"}],"twitter_card":"summary_large_image","schema":{"@context":"https:\/\/schema.org","@graph":[{"@type":"WebPage","@id":"https:\/\/petriotgin.com\/de\/einkaufswagen\/","url":"https:\/\/petriotgin.com\/de\/einkaufswagen\/","name":"Einkaufswagen - Petriot Brennerei","isPartOf":{"@id":"https:\/\/petriotgin.com\/de\/#website"},"datePublished":"2021-12-18T20:45:55+00:00","dateModified":"2023-04-27T12:25:01+00:00","description":"Artikel zum Einkaufswagen hinzuf\u00fcgen, Auswahl \u00fcberpr\u00fcfen und einfach auschecken. Jetzt einkaufen und Zeit und Geld sparen!","breadcrumb":{"@id":"https:\/\/petriotgin.com\/de\/einkaufswagen\/#breadcrumb"},"inLanguage":"de","potentialAction":[{"@type":"ReadAction","target":["https:\/\/petriotgin.com\/de\/einkaufswagen\/"]}]},{"@type":"BreadcrumbList","@id":"https:\/\/petriotgin.com\/de\/einkaufswagen\/#breadcrumb","itemListElement":[{"@type":"ListItem","position":1,"name":"Startseite","item":"https:\/\/petriotgin.com\/de\/"},{"@type":"ListItem","position":2,"name":"Einkaufswagen"}]},{"@type":"WebSite","@id":"https:\/\/petriotgin.com\/de\/#website","url":"https:\/\/petriotgin.com\/de\/","name":"Petriot Gin","description":"Petriot Distillery, Slovenia","publisher":{"@id":"https:\/\/petriotgin.com\/de\/#organization"},"alternateName":"Petriot distillery","potentialAction":[{"@type":"SearchAction","target":{"@type":"EntryPoint","urlTemplate":"https:\/\/petriotgin.com\/de\/?s={search_term_string}"},"query-input":{"@type":"PropertyValueSpecification","valueRequired":true,"valueName":"search_term_string"}}],"inLanguage":"de"},{"@type":"Organization","@id":"https:\/\/petriotgin.com\/de\/#organization","name":"Petriot d.o.o.","alternateName":"Petriot Distillery","url":"https:\/\/petriotgin.com\/de\/","logo":{"@type":"ImageObject","inLanguage":"de","@id":"https:\/\/petriotgin.com\/de\/#\/schema\/logo\/image\/","url":"https:\/\/petriotgin.com\/wp-content\/uploads\/2021\/02\/Petriot_profil.png","contentUrl":"https:\/\/petriotgin.com\/wp-content\/uploads\/2021\/02\/Petriot_profil.png","width":1042,"height":1042,"caption":"Petriot d.o.o."},"image":{"@id":"https:\/\/petriotgin.com\/de\/#\/schema\/logo\/image\/"},"sameAs":["https:\/\/www.facebook.com\/PetriotGin","https:\/\/www.instagram.com\/petriotgin\/","https:\/\/www.linkedin.com\/company\/petriot-distillery"],"email":"ilove@petriotgin.com","telephone":"+386 40 75 99 49","legalName":"Petriot Distillery","vatID":"84583185","taxID":"SI84583185","numberOfEmployees":{"@type":"QuantitativeValue","minValue":"1","maxValue":"10"}}]}},"_links":{"self":[{"href":"https:\/\/petriotgin.com\/de\/wp-json\/wp\/v2\/pages\/3014","targetHints":{"allow":["GET"]}}],"collection":[{"href":"https:\/\/petriotgin.com\/de\/wp-json\/wp\/v2\/pages"}],"about":[{"href":"https:\/\/petriotgin.com\/de\/wp-json\/wp\/v2\/types\/page"}],"author":[{"embeddable":true,"href":"https:\/\/petriotgin.com\/de\/wp-json\/wp\/v2\/users\/5"}],"replies":[{"embeddable":true,"href":"https:\/\/petriotgin.com\/de\/wp-json\/wp\/v2\/comments?post=3014"}],"version-history":[{"count":1,"href":"https:\/\/petriotgin.com\/de\/wp-json\/wp\/v2\/pages\/3014\/revisions"}],"predecessor-version":[{"id":4449,"href":"https:\/\/petriotgin.com\/de\/wp-json\/wp\/v2\/pages\/3014\/revisions\/4449"}],"wp:attachment":[{"href":"https:\/\/petriotgin.com\/de\/wp-json\/wp\/v2\/media?parent=3014"}],"curies":[{"name":"wp","href":"https:\/\/api.w.org\/{rel}","templated":true}]}}