{"id":3188,"date":"2020-11-27T10:16:38","date_gmt":"2020-11-27T09:16:38","guid":{"rendered":"https:\/\/petriotgin.com\/domov\/"},"modified":"2022-01-05T00:27:05","modified_gmt":"2022-01-04T23:27:05","slug":"domov","status":"publish","type":"page","link":"https:\/\/petriotgin.com\/de\/","title":{"rendered":"Startseite"},"content":{"rendered":"<div class=\"wp1200\">\n<h1>AUTHENTISCHER SLOWENISCHER GIN<\/h1>\n<\/div>\n\n<div id=\"parallax_image_block-block_602a8072b36aa\" class=\"flex block clear parallaxContainer\">\n    <div class=\"parallaxItem\" style=\"background: url('https:\/\/petriotgin.com\/wp-content\/uploads\/2021\/12\/slovenski_gin_bela_krajina.jpg') no-repeat center;background-size: cover;\"><\/div>\n<\/div>\n\n<script>\n    window.addEventListener('scroll',function(e){\n        let YOffset = window.pageYOffset;\n        let speed = 1;\n\n        const parallaxContainer = document.getElementById('parallax_image_block-block_602a8072b36aa');\n\n        parallaxContainer.querySelectorAll('.parallaxItem').forEach(function(item){\n            item.style.top = - (YOffset * speed) + 'px';\n        })\n    })\n<\/script>\n\n\n<div id=\"single_post_block-block_5fe9de57787f7\" class=\"newWithUs\">\n\t        <h2 class=\"blockTitle\">\n\t\t\t                <a class=\"title center\" href=\"https:\/\/petriotgin.com\/de\/andere-neuigkeiten\/\">Neueste Nachrichten<\/a>\n\t\t\t        <\/h2>\n\t    <div class=\"flex block\">\n        <div class=\"bigBlock\"\n             style=\"background: url('https:\/\/petriotgin.com\/wp-content\/uploads\/2021\/02\/PETRIOT_GIN_16_11749.jpg') no-repeat center; background-size: cover;\"><\/div>\n        <div class=\"wp1200\">\n            <div class=\"smallBlock\">\n                <h2><a class=\"title\" href=\"https:\/\/petriotgin.com\/de\/der-erste-gin-der-petriot-distillery-erhalt-bereits-eine-goldauszeichnung\/\">Der erste Gin der Petriot Distillery erh\u00e4lt bereits eine Goldauszeichnung<\/a><\/h2>\n                <hr class=\"grey\">\n\t\t\t\t                    <p class=\"shortText\">\n\t\t\t\t\t\t\u201cEs handelt sich um einen sehr sch\u00f6nen und harmonischen London Dry Gin aus hochwertigem Basisbrand, mit ausgewogenen Aromen, die von Wacholder angef\u00fchrt werden, und einem angenehmen Nachgeschmack\u201c, lautete die einhellige Meinung von acht slowenischen Spirituosen- und Gastronomieexperten auf dem Gin&#038;Brin-Festival, nachdem sie den Green George Gin von Petriot in der prestigetr\u00e4chtigsten Gin-Kategorie, dem London Dry, mit Gold ausgezeichnet hatten.                        <a href=\"https:\/\/petriotgin.com\/de\/der-erste-gin-der-petriot-distillery-erhalt-bereits-eine-goldauszeichnung\/\">Read more<\/a>\n                    <\/p>\n\t\t\t\t            <\/div>\n        <\/div>\n    <\/div>\n<\/div>\n\n\n\n<div id=\"product_block-block_5fe9df83787f8\" class=\"discoverFlavors\">\n\t        <h2 class=\"blockTitle\">\n\t\t\t                <a class=\"title center\" href=\"https:\/\/petriotgin.com\/de\/geschmacker-entdecken\/\">UNSERE GESCHICHTE<\/a>\n\t\t\t        <\/h2>\n\t    <div class=\"discoverFlavorsBlock\"\n         style=\"background: url('https:\/\/petriotgin.com\/wp-content\/uploads\/2021\/02\/PETRIOT_GIN_16_11848@2-scaled.jpg') no-repeat center; background-size: cover;\">\n        <div class=\"wp1200 flex\">\n            <div class=\"textWrapper\">\n                <h2><a class=\"title\" href=\"https:\/\/petriotgin.com\/de\/kategorija\/gins-de\/bela-krajina\/\">GREEN GEORGE GIN 0.7L<\/a><\/h2>\n                <hr class=\"grey\">\n                <p class=\"shortText\">Green George ist ein Gin von au\u00dfergew\u00f6hnlich aromatischem Geschmack und eine Hommage an eine sehr vielf\u00e4ltige slowenische Region \u2013 Bela krajina. Seine Herkunft kommt in den f\u00fcr Bela krajina typischen lokalen Zutaten des Green George Gin zum Ausdruck: Birkenwasser, Hagebutte, Kamille und Schafgarbe.<\/p>\n               <!-- <a class=\"whiteButton\" href=\"\/de\/wp-json\/wp\/v2\/pages\/3188?add-to-cart=3349\">Kaufen<\/a> -->\n\t\t\t\t<a class=\"whiteButton\" href=\"https:\/\/petriotgin.com\/de\/kategorija\/gins-de\/bela-krajina\/\">Kaufen<\/a>\n            <\/div>\n        <\/div>\n    <\/div>\n<\/div>\n\n\n<div id=\"recipes_list_block-block_5fe9e2b321531\" class=\"upgradeFlavors\">\n\t        <h2 class=\"blockTitle\">\n\t\t\t                <a class=\"title center\" href=\"https:\/petriotgin.com\/nadgradi-okuse\/\">DIE GESCHM\u00c4CKER ENTDECKEN<\/a>\n\t\t\t        <\/h2>\n\t\n    <div class=\"flex\">\n\t\t            <div class=\"col1_3 flex h382\"\n                 style=\"background: url('https:\/\/petriotgin.com\/wp-content\/uploads\/2023\/02\/negroni.jpg') no-repeat  center left; background-size: 160%;\" >\n                <div class=\"text\">\n                    <h3>PETRIOT NEGRONI<\/h3>\n                    <span>ITALIENISCHES APERITIVO AUS BELA KRAJINA<\/span>\n                    <hr class=\"white\">\n                    <a class=\"whiteButton\" href=\"https:\/\/petriotgin.com\/de\/rezept\/negroni-rezept\/\">Mehr<\/a>\n                <\/div>\n            <\/div>\n\t\t            <div class=\"col1_3 flex h382\"\n                 style=\"background: url('https:\/\/petriotgin.com\/wp-content\/uploads\/2023\/02\/gin_tonic.jpg') no-repeat  center left; background-size: 160%;\" >\n                <div class=\"text\">\n                    <h3>Petriot Gin Tonic<\/h3>\n                    <span>ERFRISCHEND EINFACHE MISCHUNG, DIE NUR ZWEI HAUPTZUTATEN BEN\u00d6TIGT<\/span>\n                    <hr class=\"white\">\n                    <a class=\"whiteButton\" href=\"https:\/\/petriotgin.com\/de\/rezept\/gin-tonic-rezept\/\">Mehr<\/a>\n                <\/div>\n            <\/div>\n\t\t            <div class=\"col1_3 flex h382\"\n                 style=\"background: url('https:\/\/petriotgin.com\/wp-content\/uploads\/2020\/12\/PETRIOT_GIN_16_11954.jpg') no-repeat  center left; background-size: 160%;\" >\n                <div class=\"text\">\n                    <h3>GIN BASIL SMASH<\/h3>\n                    <span>BETONT DIE FRISCHE DES GREEN GEORGE GIN<\/span>\n                    <hr class=\"white\">\n                    <a class=\"whiteButton\" href=\"https:\/\/petriotgin.com\/de\/rezept\/gin-basil-smash\/\">Mehr<\/a>\n                <\/div>\n            <\/div>\n\t\t    <\/div>\n<\/div>\n\n<div class=\"wp1200\" style=\"margin-top: 30px;\">\n<p>[instagram-feed cols=7]<\/p>\n<\/div>","protected":false},"excerpt":{"rendered":"<p>AUTHENTISCHER SLOWENISCHER GIN [instagram-feed cols=7]<\/p>\n","protected":false},"author":1,"featured_media":2868,"parent":0,"menu_order":0,"comment_status":"closed","ping_status":"closed","template":"front-page.php","meta":{"_acf_changed":false,"footnotes":""},"class_list":["post-3188","page","type-page","status-publish","has-post-thumbnail","hentry"],"acf":[],"yoast_head":"<!-- This site is optimized with the Yoast SEO Premium plugin v23.9 (Yoast SEO v27.4) - https:\/\/yoast.com\/product\/yoast-seo-premium-wordpress\/ -->\n<title>Slowenischer Gin | Brin Gin Green George Gin | Petriot Gin<\/title>\n<meta name=\"description\" content=\"Gin-Fans aufgepasst! Ab sofort k\u00f6nnt ihr den neuen slowenischen Gin Green George genie\u00dfen. Hergestellt in der Mikrodestillerie Petriot.\" \/>\n<meta name=\"robots\" content=\"index, follow, max-snippet:-1, max-image-preview:large, max-video-preview:-1\" \/>\n<link rel=\"canonical\" href=\"https:\/\/petriotgin.com\/de\/\" \/>\n<meta property=\"og:locale\" content=\"de_DE\" \/>\n<meta property=\"og:type\" content=\"article\" \/>\n<meta property=\"og:title\" content=\"Petriot gin\" \/>\n<meta property=\"og:description\" content=\"avtenti\u010dni slovenski gin\" \/>\n<meta property=\"og:url\" content=\"https:\/\/petriotgin.com\/de\/\" \/>\n<meta property=\"og:site_name\" content=\"Petriot Brennerei\" \/>\n<meta property=\"article:publisher\" content=\"https:\/\/www.facebook.com\/PetriotGin\" \/>\n<meta property=\"article:modified_time\" content=\"2022-01-04T23:27:05+00:00\" \/>\n<meta property=\"og:image\" content=\"https:\/\/petriotgin.com\/wp-content\/uploads\/2021\/02\/Petriot_profil.png\" \/>\n\t<meta property=\"og:image:width\" content=\"1042\" \/>\n\t<meta property=\"og:image:height\" content=\"1042\" \/>\n\t<meta property=\"og:image:type\" content=\"image\/png\" \/>\n<meta name=\"twitter:card\" content=\"summary_large_image\" \/>\n<meta name=\"twitter:title\" content=\"Petriot gin\" \/>\n<meta name=\"twitter:description\" content=\"avtenti\u010dni slovenski gin\" \/>\n<meta name=\"twitter:image\" content=\"https:\/\/petriotgin.com\/wp-content\/uploads\/2021\/02\/Petriot_profil.png\" \/>\n<meta name=\"twitter:label1\" content=\"Gesch\u00e4tzte Lesezeit\" \/>\n\t<meta name=\"twitter:data1\" content=\"1\u00a0Minute\" \/>\n<script type=\"application\/ld+json\" class=\"yoast-schema-graph\">{\"@context\":\"https:\\\/\\\/schema.org\",\"@graph\":[{\"@type\":\"WebPage\",\"@id\":\"https:\\\/\\\/petriotgin.com\\\/de\\\/\",\"url\":\"https:\\\/\\\/petriotgin.com\\\/de\\\/\",\"name\":\"Slowenischer Gin | Brin Gin Green George Gin | Petriot Gin\",\"isPartOf\":{\"@id\":\"https:\\\/\\\/petriotgin.com\\\/de\\\/#website\"},\"primaryImageOfPage\":{\"@id\":\"https:\\\/\\\/petriotgin.com\\\/de\\\/#primaryimage\"},\"image\":{\"@id\":\"https:\\\/\\\/petriotgin.com\\\/de\\\/#primaryimage\"},\"thumbnailUrl\":\"https:\\\/\\\/petriotgin.com\\\/wp-content\\\/uploads\\\/2021\\\/01\\\/PETRIOT_GIN_16_11828.jpg\",\"datePublished\":\"2020-11-27T09:16:38+00:00\",\"dateModified\":\"2022-01-04T23:27:05+00:00\",\"description\":\"Gin-Fans aufgepasst! Ab sofort k\u00f6nnt ihr den neuen slowenischen Gin Green George genie\u00dfen. Hergestellt in der Mikrodestillerie Petriot.\",\"breadcrumb\":{\"@id\":\"https:\\\/\\\/petriotgin.com\\\/de\\\/#breadcrumb\"},\"inLanguage\":\"de\",\"potentialAction\":[{\"@type\":\"ReadAction\",\"target\":[\"https:\\\/\\\/petriotgin.com\\\/de\\\/\"]}]},{\"@type\":\"ImageObject\",\"inLanguage\":\"de\",\"@id\":\"https:\\\/\\\/petriotgin.com\\\/de\\\/#primaryimage\",\"url\":\"https:\\\/\\\/petriotgin.com\\\/wp-content\\\/uploads\\\/2021\\\/01\\\/PETRIOT_GIN_16_11828.jpg\",\"contentUrl\":\"https:\\\/\\\/petriotgin.com\\\/wp-content\\\/uploads\\\/2021\\\/01\\\/PETRIOT_GIN_16_11828.jpg\",\"width\":\"2048\",\"height\":\"1365\",\"caption\":\"slowenischer gin | Green George Gin 0.7 L Preis | Petriot Gin\"},{\"@type\":\"BreadcrumbList\",\"@id\":\"https:\\\/\\\/petriotgin.com\\\/de\\\/#breadcrumb\",\"itemListElement\":[{\"@type\":\"ListItem\",\"position\":1,\"name\":\"Startseite\",\"item\":\"https:\\\/\\\/petriotgin.com\\\/de\\\/\"},{\"@type\":\"ListItem\",\"position\":2,\"name\":\"Startseite\"}]},{\"@type\":\"WebSite\",\"@id\":\"https:\\\/\\\/petriotgin.com\\\/de\\\/#website\",\"url\":\"https:\\\/\\\/petriotgin.com\\\/de\\\/\",\"name\":\"Petriot Gin\",\"description\":\"Petriot Distillery, Slovenia\",\"publisher\":{\"@id\":\"https:\\\/\\\/petriotgin.com\\\/de\\\/#organization\"},\"alternateName\":\"Petriot distillery\",\"potentialAction\":[{\"@type\":\"SearchAction\",\"target\":{\"@type\":\"EntryPoint\",\"urlTemplate\":\"https:\\\/\\\/petriotgin.com\\\/de\\\/?s={search_term_string}\"},\"query-input\":{\"@type\":\"PropertyValueSpecification\",\"valueRequired\":true,\"valueName\":\"search_term_string\"}}],\"inLanguage\":\"de\"},{\"@type\":\"Organization\",\"@id\":\"https:\\\/\\\/petriotgin.com\\\/de\\\/#organization\",\"name\":\"Petriot d.o.o.\",\"alternateName\":\"Petriot Distillery\",\"url\":\"https:\\\/\\\/petriotgin.com\\\/de\\\/\",\"logo\":{\"@type\":\"ImageObject\",\"inLanguage\":\"de\",\"@id\":\"https:\\\/\\\/petriotgin.com\\\/de\\\/#\\\/schema\\\/logo\\\/image\\\/\",\"url\":\"https:\\\/\\\/petriotgin.com\\\/wp-content\\\/uploads\\\/2021\\\/02\\\/Petriot_profil.png\",\"contentUrl\":\"https:\\\/\\\/petriotgin.com\\\/wp-content\\\/uploads\\\/2021\\\/02\\\/Petriot_profil.png\",\"width\":1042,\"height\":1042,\"caption\":\"Petriot d.o.o.\"},\"image\":{\"@id\":\"https:\\\/\\\/petriotgin.com\\\/de\\\/#\\\/schema\\\/logo\\\/image\\\/\"},\"sameAs\":[\"https:\\\/\\\/www.facebook.com\\\/PetriotGin\",\"https:\\\/\\\/www.instagram.com\\\/petriotgin\\\/\",\"https:\\\/\\\/www.linkedin.com\\\/company\\\/petriot-distillery\"],\"email\":\"ilove@petriotgin.com\",\"telephone\":\"+386 40 75 99 49\",\"legalName\":\"Petriot Distillery\",\"vatID\":\"84583185\",\"taxID\":\"SI84583185\",\"numberOfEmployees\":{\"@type\":\"QuantitativeValue\",\"minValue\":\"1\",\"maxValue\":\"10\"}}]}<\/script>\n<!-- \/ Yoast SEO Premium plugin. -->","yoast_head_json":{"title":"Slowenischer Gin | Brin Gin Green George Gin | Petriot Gin","description":"Gin-Fans aufgepasst! Ab sofort k\u00f6nnt ihr den neuen slowenischen Gin Green George genie\u00dfen. Hergestellt in der Mikrodestillerie Petriot.","robots":{"index":"index","follow":"follow","max-snippet":"max-snippet:-1","max-image-preview":"max-image-preview:large","max-video-preview":"max-video-preview:-1"},"canonical":"https:\/\/petriotgin.com\/de\/","og_locale":"de_DE","og_type":"article","og_title":"Petriot gin","og_description":"avtenti\u010dni slovenski gin","og_url":"https:\/\/petriotgin.com\/de\/","og_site_name":"Petriot Brennerei","article_publisher":"https:\/\/www.facebook.com\/PetriotGin","article_modified_time":"2022-01-04T23:27:05+00:00","og_image":[{"width":1042,"height":1042,"url":"https:\/\/petriotgin.com\/wp-content\/uploads\/2021\/02\/Petriot_profil.png","type":"image\/png"}],"twitter_card":"summary_large_image","twitter_title":"Petriot gin","twitter_description":"avtenti\u010dni slovenski gin","twitter_image":"https:\/\/petriotgin.com\/wp-content\/uploads\/2021\/02\/Petriot_profil.png","twitter_misc":{"Gesch\u00e4tzte Lesezeit":"1\u00a0Minute"},"schema":{"@context":"https:\/\/schema.org","@graph":[{"@type":"WebPage","@id":"https:\/\/petriotgin.com\/de\/","url":"https:\/\/petriotgin.com\/de\/","name":"Slowenischer Gin | Brin Gin Green George Gin | Petriot Gin","isPartOf":{"@id":"https:\/\/petriotgin.com\/de\/#website"},"primaryImageOfPage":{"@id":"https:\/\/petriotgin.com\/de\/#primaryimage"},"image":{"@id":"https:\/\/petriotgin.com\/de\/#primaryimage"},"thumbnailUrl":"https:\/\/petriotgin.com\/wp-content\/uploads\/2021\/01\/PETRIOT_GIN_16_11828.jpg","datePublished":"2020-11-27T09:16:38+00:00","dateModified":"2022-01-04T23:27:05+00:00","description":"Gin-Fans aufgepasst! Ab sofort k\u00f6nnt ihr den neuen slowenischen Gin Green George genie\u00dfen. Hergestellt in der Mikrodestillerie Petriot.","breadcrumb":{"@id":"https:\/\/petriotgin.com\/de\/#breadcrumb"},"inLanguage":"de","potentialAction":[{"@type":"ReadAction","target":["https:\/\/petriotgin.com\/de\/"]}]},{"@type":"ImageObject","inLanguage":"de","@id":"https:\/\/petriotgin.com\/de\/#primaryimage","url":"https:\/\/petriotgin.com\/wp-content\/uploads\/2021\/01\/PETRIOT_GIN_16_11828.jpg","contentUrl":"https:\/\/petriotgin.com\/wp-content\/uploads\/2021\/01\/PETRIOT_GIN_16_11828.jpg","width":"2048","height":"1365","caption":"slowenischer gin | Green George Gin 0.7 L Preis | Petriot Gin"},{"@type":"BreadcrumbList","@id":"https:\/\/petriotgin.com\/de\/#breadcrumb","itemListElement":[{"@type":"ListItem","position":1,"name":"Startseite","item":"https:\/\/petriotgin.com\/de\/"},{"@type":"ListItem","position":2,"name":"Startseite"}]},{"@type":"WebSite","@id":"https:\/\/petriotgin.com\/de\/#website","url":"https:\/\/petriotgin.com\/de\/","name":"Petriot Gin","description":"Petriot Distillery, Slovenia","publisher":{"@id":"https:\/\/petriotgin.com\/de\/#organization"},"alternateName":"Petriot distillery","potentialAction":[{"@type":"SearchAction","target":{"@type":"EntryPoint","urlTemplate":"https:\/\/petriotgin.com\/de\/?s={search_term_string}"},"query-input":{"@type":"PropertyValueSpecification","valueRequired":true,"valueName":"search_term_string"}}],"inLanguage":"de"},{"@type":"Organization","@id":"https:\/\/petriotgin.com\/de\/#organization","name":"Petriot d.o.o.","alternateName":"Petriot Distillery","url":"https:\/\/petriotgin.com\/de\/","logo":{"@type":"ImageObject","inLanguage":"de","@id":"https:\/\/petriotgin.com\/de\/#\/schema\/logo\/image\/","url":"https:\/\/petriotgin.com\/wp-content\/uploads\/2021\/02\/Petriot_profil.png","contentUrl":"https:\/\/petriotgin.com\/wp-content\/uploads\/2021\/02\/Petriot_profil.png","width":1042,"height":1042,"caption":"Petriot d.o.o."},"image":{"@id":"https:\/\/petriotgin.com\/de\/#\/schema\/logo\/image\/"},"sameAs":["https:\/\/www.facebook.com\/PetriotGin","https:\/\/www.instagram.com\/petriotgin\/","https:\/\/www.linkedin.com\/company\/petriot-distillery"],"email":"ilove@petriotgin.com","telephone":"+386 40 75 99 49","legalName":"Petriot Distillery","vatID":"84583185","taxID":"SI84583185","numberOfEmployees":{"@type":"QuantitativeValue","minValue":"1","maxValue":"10"}}]}},"_links":{"self":[{"href":"https:\/\/petriotgin.com\/de\/wp-json\/wp\/v2\/pages\/3188","targetHints":{"allow":["GET"]}}],"collection":[{"href":"https:\/\/petriotgin.com\/de\/wp-json\/wp\/v2\/pages"}],"about":[{"href":"https:\/\/petriotgin.com\/de\/wp-json\/wp\/v2\/types\/page"}],"author":[{"embeddable":true,"href":"https:\/\/petriotgin.com\/de\/wp-json\/wp\/v2\/users\/1"}],"replies":[{"embeddable":true,"href":"https:\/\/petriotgin.com\/de\/wp-json\/wp\/v2\/comments?post=3188"}],"version-history":[{"count":7,"href":"https:\/\/petriotgin.com\/de\/wp-json\/wp\/v2\/pages\/3188\/revisions"}],"predecessor-version":[{"id":3361,"href":"https:\/\/petriotgin.com\/de\/wp-json\/wp\/v2\/pages\/3188\/revisions\/3361"}],"wp:featuredmedia":[{"embeddable":true,"href":"https:\/\/petriotgin.com\/de\/wp-json\/wp\/v2\/media\/2868"}],"wp:attachment":[{"href":"https:\/\/petriotgin.com\/de\/wp-json\/wp\/v2\/media?parent=3188"}],"curies":[{"name":"wp","href":"https:\/\/api.w.org\/{rel}","templated":true}]}}