{"id":3195,"date":"2020-11-27T11:35:11","date_gmt":"2020-11-27T10:35:11","guid":{"rendered":"https:\/\/petriotgin.com\/nasa-zgodba\/"},"modified":"2022-01-05T00:41:04","modified_gmt":"2022-01-04T23:41:04","slug":"unsere-geschichte","status":"publish","type":"page","link":"https:\/\/petriotgin.com\/de\/unsere-geschichte\/","title":{"rendered":"Unsere geschichte"},"content":{"rendered":"<div class=\"wp1200\">\n<h1>Unsere geschichte<\/h1>\n<\/div>\n\n\n<div id=\"header_image_text_block-block_602e699c3022b\" class=\"\">\n    <div class=\"textPad\">\n\t\t            <h2 class=\"mainTitle\"> <\/h2>\n            <hr class=\"grey\">\n\t\t\t\t            <p class=\"shortText\">DIE PETRIOT DISTILLERY, HERKUNFT DES PETRIOT GIN, HAT IHRE WURZELN IN BELA KRAJINA. DER GR\u00dcNDER DER BRENNEREI, JURIJ PETRUNA, STAMMT AUS BELA KRAJINA, IST AUSGEBILDETER IT-FACHMANN UND GLEICHZEITIG EIN LIEBHABER UND KENNER DES GINS. <\/p>\n\t\t    <\/div>\n\t        <div class=\"imageBlock h570 halfTextImage\" style=\"background: url('https:\/\/petriotgin.com\/wp-content\/uploads\/2021\/02\/O_GIN_product3052@2-scaled.jpg') no-repeat top center; background-size: cover;\">\n\t\t\t                <p class=\"sideText resposnsiveHidden\">Jurijs erster Kontakt mit Gin war eine Liebe auf den ersten Blick, authentisch und tief, die ihn nicht so schnell loslie\u00df. Im Laufe der Jahre hat Jurij dem Gin viel Zeit gewidmet, indem er den Herstellungsprozess studierte, sich weiterbildete und die Aromen auf der Suche nach neuen Kombinationen von pflanzlichen Stoffen erforschte. Schon seine Gin-Versuchsreihen waren eine ungew\u00f6hnliche Geschmackskombination, die seine Freunde beeindruckte. Die Entscheidung, seine Leidenschaft in die Er\u00f6ffnung einer eigenen Petriot Distillery zu verwandeln, war daher einfach. \r\n<\/p>\n\t\t\t        <\/div>\n                        <p class=\"sideText responsiveDisplay\">Jurijs erster Kontakt mit Gin war eine Liebe auf den ersten Blick, authentisch und tief, die ihn nicht so schnell loslie\u00df. Im Laufe der Jahre hat Jurij dem Gin viel Zeit gewidmet, indem er den Herstellungsprozess studierte, sich weiterbildete und die Aromen auf der Suche nach neuen Kombinationen von pflanzlichen Stoffen erforschte. Schon seine Gin-Versuchsreihen waren eine ungew\u00f6hnliche Geschmackskombination, die seine Freunde beeindruckte. Die Entscheidung, seine Leidenschaft in die Er\u00f6ffnung einer eigenen Petriot Distillery zu verwandeln, war daher einfach. \r\n<\/p>\n\t\t\t\t\n\t        <div class=\"buttonContainer\">\n            <a href=\"\/die-geschmacker-entdecken\" class=\"goldButton\">Zum webshopgehen<\/a>\n        <\/div>\n\t<\/div>\n\n\n<div id=\"header_image_text_block-block_61c8e1cb60f3e\" class=\"\">\n    <div class=\"textPad\">\n\t\t\t\t    <\/div>\n\t\n\t<\/div>\n\n\n<div id=\"header_block-block_5fea17a1dc45e\" class=\"\">\n    <div class=\"textPad\">\n\t\t\t\t            <p class=\"shortText\">JEDE SERIE VON PETRIOT GINS IST EINE HOMMAGE AN DIE SLOWENISCHE LANDSCHAFT, DAS ERBE UND DIE TRADITION.\r\n<\/p>\n\t\t\n\t\t    <\/div>\n\t        <div class=\"imageBlock h570\" style=\"background: url('https:\/\/petriotgin.com\/wp-content\/uploads\/2021\/02\/iStock-1235367947@2-scaled.jpg') no-repeat center; background-size: cover;\"><\/div>\n\t\n\t        <div class=\"flex wp1200 rightContent\">\n            <div class=\"text\">\n\t\t\t\t<p>Unsere Inspiration f\u00fcr <strong>Petriot Gin<\/strong> haben wir in der vielf\u00e4ltigen slowenischen Landschaft gefunden. Das sind die Birken von Bela krajina, die Ebenen von Prekmurje, das sonnenverw\u00f6hnte Karstland und der Duft von Heu in der scharfen Alpenluft. Die sch\u00f6nen Beeren und Pflanzen der slowenischen Landschaft sind in den authentischen Geschmack unserer Gins eingeflochten.<\/p>\n            <\/div>\n        <\/div>\n\t<\/div>\n\n\n<div id=\"header_block-block_5fea17dcdc45f\" class=\"\">\n    <div class=\"textPad\">\n\t\t            <h2 class=\"\">Brennerei<\/h2>\n            <hr class=\"grey\">\n\t\t\t\t            <p class=\"shortText\">WIR SIND EINE SLOWENISCHE MIKROBRENNEREI F\u00dcR HOCHWERTIGE GINS. F\u00dcR DIE ENTWICKLUNG UND HERSTELLUNG UNSERES GINS VERWENDEN WIR MEHRERE KESSEL VON RENOMMIERTEN EUROP\u00c4ISCHEN HERSTELLERN.\r\n<\/p>\n\t\t\n\t\t    <\/div>\n\t        <div class=\"imageBlock h570\" style=\"background: url('https:\/\/petriotgin.com\/wp-content\/uploads\/2021\/02\/GIN_product3139@2-scaled.jpg') no-repeat center; background-size: cover;\"><\/div>\n\t\n\t        <div class=\"flex wp1200 rightContent\">\n            <div class=\"text\">\n\t\t\t\t<p>W\u00e4hrend der gesamte Produktionsprozess \u2013 von der Auswahl der Rohstoffe \u00fcber das Abwiegen bis hin zum Verpacken der Produkte \u2013 manuell erfolgt, sind in der Brennerei alle Schritte automatisiert. Durch den Einsatz der Automatisierung sichern wir die Qualit\u00e4t unserer Produkte.<\/p>\n<p>&nbsp;<\/p>\n            <\/div>\n        <\/div>\n\t<\/div>\n\n\n<hr class=\"wp-block-separator is-style-wide\"\/>\n\n\n\n<div id=\"header_block-block_5fea1820dc460\" class=\"\">\n    <div class=\"textPad\">\n\t\t            <h2 class=\"\">DIE ENTWICKLUNG EINES NEUEN GESCHMACKS DAUERT MEHRERE MONATE<\/h2>\n            <hr class=\"grey\">\n\t\t\t\t            <p class=\"shortText\">UNSERE WICHTIGSTEN LEITLINIEN F\u00dcR DIE GIN-PRODUKTION SIND:<\/p>\n\t\t\n\t\t    <\/div>\n\t\n\t<\/div>\n\n\n<div id=\"two_columns_padded_block-block_602a4ca72e668\" class=\"tasteDevelopment\">\n    <div class=\"flex\">\n        <div class=\"col1_2 h386\" id=\"left\"\n             style=\"background: url('https:\/\/petriotgin.com\/wp-content\/uploads\/2021\/02\/gin_zacimbe.jpg') no-repeat center; background-size: cover;\">\n\n        <\/div>\n        <div class=\"col1_2\" id=\"right\">\n\t\t\t<ul>\n<li style=\"text-align: left;\"><a href=\"#\">Sistemati\u010dnost<\/a>, ki nam daje mo\u017enosti analiti\u010dnega pristopa in s tem natan\u010dno kontrolo nad kakovostjo kon\u010dnega izdelka<\/li>\n<li><a href=\"#\">Naravne in ekolo\u0161ke sestavine<\/a>, brez kakr\u0161nih koli aditivov ali drugih umetnih dodatkov. Okuse gina oblikujemo z ekstrakti povsem naravnih arom iz ekolo\u0161ko gojenega sadja in zeli\u0161\u010d po klasi\u010dni metodi.<\/li>\n<\/ul>\n        <\/div>\n    <\/div>\n<\/div>\n\n\n<p><\/p>\n","protected":false},"excerpt":{"rendered":"<p>Unsere geschichte<\/p>\n","protected":false},"author":1,"featured_media":2872,"parent":0,"menu_order":0,"comment_status":"closed","ping_status":"closed","template":"","meta":{"_acf_changed":false,"footnotes":""},"class_list":["post-3195","page","type-page","status-publish","has-post-thumbnail","hentry"],"acf":[],"yoast_head":"<!-- This site is optimized with the Yoast SEO Premium plugin v23.9 (Yoast SEO v27.4) - https:\/\/yoast.com\/product\/yoast-seo-premium-wordpress\/ -->\n<title>Bester Gin - Petriot Gin aus unserer Slowenischen Mikrobrennerei<\/title>\n<meta name=\"description\" content=\"Unsere slowenische Mikrobrennerei steht f\u00fcr Qualit\u00e4tsgin. Probieren Sie noch heute den besten Gin - unseren slowenischen Petroit Gin.\" \/>\n<meta name=\"robots\" content=\"index, follow, max-snippet:-1, max-image-preview:large, max-video-preview:-1\" \/>\n<link rel=\"canonical\" href=\"https:\/\/petriotgin.com\/de\/unsere-geschichte\/\" \/>\n<meta property=\"og:locale\" content=\"de_DE\" \/>\n<meta property=\"og:type\" content=\"article\" \/>\n<meta property=\"og:title\" content=\"Unsere geschichte\" \/>\n<meta property=\"og:description\" content=\"Unsere slowenische Mikrobrennerei steht f\u00fcr Qualit\u00e4tsgin. Probieren Sie noch heute den besten Gin - unseren slowenischen Petroit Gin.\" \/>\n<meta property=\"og:url\" content=\"https:\/\/petriotgin.com\/de\/unsere-geschichte\/\" \/>\n<meta property=\"og:site_name\" content=\"Petriot Brennerei\" \/>\n<meta property=\"article:publisher\" content=\"https:\/\/www.facebook.com\/PetriotGin\" \/>\n<meta property=\"article:modified_time\" content=\"2022-01-04T23:41:04+00:00\" \/>\n<meta property=\"og:image\" content=\"https:\/\/petriotgin.com\/wp-content\/uploads\/2021\/01\/PETRIOT_GIN_16_11862.jpg\" \/>\n\t<meta property=\"og:image:width\" content=\"2048\" \/>\n\t<meta property=\"og:image:height\" content=\"1365\" \/>\n\t<meta property=\"og:image:type\" content=\"image\/jpeg\" \/>\n<meta name=\"twitter:card\" content=\"summary_large_image\" \/>\n<meta name=\"twitter:label1\" content=\"Gesch\u00e4tzte Lesezeit\" \/>\n\t<meta name=\"twitter:data1\" content=\"1\u00a0Minute\" \/>\n<script type=\"application\/ld+json\" class=\"yoast-schema-graph\">{\"@context\":\"https:\\\/\\\/schema.org\",\"@graph\":[{\"@type\":\"WebPage\",\"@id\":\"https:\\\/\\\/petriotgin.com\\\/de\\\/unsere-geschichte\\\/\",\"url\":\"https:\\\/\\\/petriotgin.com\\\/de\\\/unsere-geschichte\\\/\",\"name\":\"Bester Gin - Petriot Gin aus unserer Slowenischen Mikrobrennerei\",\"isPartOf\":{\"@id\":\"https:\\\/\\\/petriotgin.com\\\/de\\\/#website\"},\"primaryImageOfPage\":{\"@id\":\"https:\\\/\\\/petriotgin.com\\\/de\\\/unsere-geschichte\\\/#primaryimage\"},\"image\":{\"@id\":\"https:\\\/\\\/petriotgin.com\\\/de\\\/unsere-geschichte\\\/#primaryimage\"},\"thumbnailUrl\":\"https:\\\/\\\/petriotgin.com\\\/wp-content\\\/uploads\\\/2021\\\/01\\\/PETRIOT_GIN_16_11862.jpg\",\"datePublished\":\"2020-11-27T10:35:11+00:00\",\"dateModified\":\"2022-01-04T23:41:04+00:00\",\"description\":\"Unsere slowenische Mikrobrennerei steht f\u00fcr Qualit\u00e4tsgin. Probieren Sie noch heute den besten Gin - unseren slowenischen Petroit Gin.\",\"breadcrumb\":{\"@id\":\"https:\\\/\\\/petriotgin.com\\\/de\\\/unsere-geschichte\\\/#breadcrumb\"},\"inLanguage\":\"de\",\"potentialAction\":[{\"@type\":\"ReadAction\",\"target\":[\"https:\\\/\\\/petriotgin.com\\\/de\\\/unsere-geschichte\\\/\"]}]},{\"@type\":\"ImageObject\",\"inLanguage\":\"de\",\"@id\":\"https:\\\/\\\/petriotgin.com\\\/de\\\/unsere-geschichte\\\/#primaryimage\",\"url\":\"https:\\\/\\\/petriotgin.com\\\/wp-content\\\/uploads\\\/2021\\\/01\\\/PETRIOT_GIN_16_11862.jpg\",\"contentUrl\":\"https:\\\/\\\/petriotgin.com\\\/wp-content\\\/uploads\\\/2021\\\/01\\\/PETRIOT_GIN_16_11862.jpg\",\"width\":\"2048\",\"height\":\"1365\",\"caption\":\"Petriot gin Geern George v cocktailu s kumaro\"},{\"@type\":\"BreadcrumbList\",\"@id\":\"https:\\\/\\\/petriotgin.com\\\/de\\\/unsere-geschichte\\\/#breadcrumb\",\"itemListElement\":[{\"@type\":\"ListItem\",\"position\":1,\"name\":\"Startseite\",\"item\":\"https:\\\/\\\/petriotgin.com\\\/de\\\/\"},{\"@type\":\"ListItem\",\"position\":2,\"name\":\"Unsere geschichte\"}]},{\"@type\":\"WebSite\",\"@id\":\"https:\\\/\\\/petriotgin.com\\\/de\\\/#website\",\"url\":\"https:\\\/\\\/petriotgin.com\\\/de\\\/\",\"name\":\"Petriot Gin\",\"description\":\"Petriot Distillery, Slovenia\",\"publisher\":{\"@id\":\"https:\\\/\\\/petriotgin.com\\\/de\\\/#organization\"},\"alternateName\":\"Petriot distillery\",\"potentialAction\":[{\"@type\":\"SearchAction\",\"target\":{\"@type\":\"EntryPoint\",\"urlTemplate\":\"https:\\\/\\\/petriotgin.com\\\/de\\\/?s={search_term_string}\"},\"query-input\":{\"@type\":\"PropertyValueSpecification\",\"valueRequired\":true,\"valueName\":\"search_term_string\"}}],\"inLanguage\":\"de\"},{\"@type\":\"Organization\",\"@id\":\"https:\\\/\\\/petriotgin.com\\\/de\\\/#organization\",\"name\":\"Petriot d.o.o.\",\"alternateName\":\"Petriot Distillery\",\"url\":\"https:\\\/\\\/petriotgin.com\\\/de\\\/\",\"logo\":{\"@type\":\"ImageObject\",\"inLanguage\":\"de\",\"@id\":\"https:\\\/\\\/petriotgin.com\\\/de\\\/#\\\/schema\\\/logo\\\/image\\\/\",\"url\":\"https:\\\/\\\/petriotgin.com\\\/wp-content\\\/uploads\\\/2021\\\/02\\\/Petriot_profil.png\",\"contentUrl\":\"https:\\\/\\\/petriotgin.com\\\/wp-content\\\/uploads\\\/2021\\\/02\\\/Petriot_profil.png\",\"width\":1042,\"height\":1042,\"caption\":\"Petriot d.o.o.\"},\"image\":{\"@id\":\"https:\\\/\\\/petriotgin.com\\\/de\\\/#\\\/schema\\\/logo\\\/image\\\/\"},\"sameAs\":[\"https:\\\/\\\/www.facebook.com\\\/PetriotGin\",\"https:\\\/\\\/www.instagram.com\\\/petriotgin\\\/\",\"https:\\\/\\\/www.linkedin.com\\\/company\\\/petriot-distillery\"],\"email\":\"ilove@petriotgin.com\",\"telephone\":\"+386 40 75 99 49\",\"legalName\":\"Petriot Distillery\",\"vatID\":\"84583185\",\"taxID\":\"SI84583185\",\"numberOfEmployees\":{\"@type\":\"QuantitativeValue\",\"minValue\":\"1\",\"maxValue\":\"10\"}}]}<\/script>\n<!-- \/ Yoast SEO Premium plugin. -->","yoast_head_json":{"title":"Bester Gin - Petriot Gin aus unserer Slowenischen Mikrobrennerei","description":"Unsere slowenische Mikrobrennerei steht f\u00fcr Qualit\u00e4tsgin. Probieren Sie noch heute den besten Gin - unseren slowenischen Petroit Gin.","robots":{"index":"index","follow":"follow","max-snippet":"max-snippet:-1","max-image-preview":"max-image-preview:large","max-video-preview":"max-video-preview:-1"},"canonical":"https:\/\/petriotgin.com\/de\/unsere-geschichte\/","og_locale":"de_DE","og_type":"article","og_title":"Unsere geschichte","og_description":"Unsere slowenische Mikrobrennerei steht f\u00fcr Qualit\u00e4tsgin. Probieren Sie noch heute den besten Gin - unseren slowenischen Petroit Gin.","og_url":"https:\/\/petriotgin.com\/de\/unsere-geschichte\/","og_site_name":"Petriot Brennerei","article_publisher":"https:\/\/www.facebook.com\/PetriotGin","article_modified_time":"2022-01-04T23:41:04+00:00","og_image":[{"width":2048,"height":1365,"url":"https:\/\/petriotgin.com\/wp-content\/uploads\/2021\/01\/PETRIOT_GIN_16_11862.jpg","type":"image\/jpeg"}],"twitter_card":"summary_large_image","twitter_misc":{"Gesch\u00e4tzte Lesezeit":"1\u00a0Minute"},"schema":{"@context":"https:\/\/schema.org","@graph":[{"@type":"WebPage","@id":"https:\/\/petriotgin.com\/de\/unsere-geschichte\/","url":"https:\/\/petriotgin.com\/de\/unsere-geschichte\/","name":"Bester Gin - Petriot Gin aus unserer Slowenischen Mikrobrennerei","isPartOf":{"@id":"https:\/\/petriotgin.com\/de\/#website"},"primaryImageOfPage":{"@id":"https:\/\/petriotgin.com\/de\/unsere-geschichte\/#primaryimage"},"image":{"@id":"https:\/\/petriotgin.com\/de\/unsere-geschichte\/#primaryimage"},"thumbnailUrl":"https:\/\/petriotgin.com\/wp-content\/uploads\/2021\/01\/PETRIOT_GIN_16_11862.jpg","datePublished":"2020-11-27T10:35:11+00:00","dateModified":"2022-01-04T23:41:04+00:00","description":"Unsere slowenische Mikrobrennerei steht f\u00fcr Qualit\u00e4tsgin. Probieren Sie noch heute den besten Gin - unseren slowenischen Petroit Gin.","breadcrumb":{"@id":"https:\/\/petriotgin.com\/de\/unsere-geschichte\/#breadcrumb"},"inLanguage":"de","potentialAction":[{"@type":"ReadAction","target":["https:\/\/petriotgin.com\/de\/unsere-geschichte\/"]}]},{"@type":"ImageObject","inLanguage":"de","@id":"https:\/\/petriotgin.com\/de\/unsere-geschichte\/#primaryimage","url":"https:\/\/petriotgin.com\/wp-content\/uploads\/2021\/01\/PETRIOT_GIN_16_11862.jpg","contentUrl":"https:\/\/petriotgin.com\/wp-content\/uploads\/2021\/01\/PETRIOT_GIN_16_11862.jpg","width":"2048","height":"1365","caption":"Petriot gin Geern George v cocktailu s kumaro"},{"@type":"BreadcrumbList","@id":"https:\/\/petriotgin.com\/de\/unsere-geschichte\/#breadcrumb","itemListElement":[{"@type":"ListItem","position":1,"name":"Startseite","item":"https:\/\/petriotgin.com\/de\/"},{"@type":"ListItem","position":2,"name":"Unsere geschichte"}]},{"@type":"WebSite","@id":"https:\/\/petriotgin.com\/de\/#website","url":"https:\/\/petriotgin.com\/de\/","name":"Petriot Gin","description":"Petriot Distillery, Slovenia","publisher":{"@id":"https:\/\/petriotgin.com\/de\/#organization"},"alternateName":"Petriot distillery","potentialAction":[{"@type":"SearchAction","target":{"@type":"EntryPoint","urlTemplate":"https:\/\/petriotgin.com\/de\/?s={search_term_string}"},"query-input":{"@type":"PropertyValueSpecification","valueRequired":true,"valueName":"search_term_string"}}],"inLanguage":"de"},{"@type":"Organization","@id":"https:\/\/petriotgin.com\/de\/#organization","name":"Petriot d.o.o.","alternateName":"Petriot Distillery","url":"https:\/\/petriotgin.com\/de\/","logo":{"@type":"ImageObject","inLanguage":"de","@id":"https:\/\/petriotgin.com\/de\/#\/schema\/logo\/image\/","url":"https:\/\/petriotgin.com\/wp-content\/uploads\/2021\/02\/Petriot_profil.png","contentUrl":"https:\/\/petriotgin.com\/wp-content\/uploads\/2021\/02\/Petriot_profil.png","width":1042,"height":1042,"caption":"Petriot d.o.o."},"image":{"@id":"https:\/\/petriotgin.com\/de\/#\/schema\/logo\/image\/"},"sameAs":["https:\/\/www.facebook.com\/PetriotGin","https:\/\/www.instagram.com\/petriotgin\/","https:\/\/www.linkedin.com\/company\/petriot-distillery"],"email":"ilove@petriotgin.com","telephone":"+386 40 75 99 49","legalName":"Petriot Distillery","vatID":"84583185","taxID":"SI84583185","numberOfEmployees":{"@type":"QuantitativeValue","minValue":"1","maxValue":"10"}}]}},"_links":{"self":[{"href":"https:\/\/petriotgin.com\/de\/wp-json\/wp\/v2\/pages\/3195","targetHints":{"allow":["GET"]}}],"collection":[{"href":"https:\/\/petriotgin.com\/de\/wp-json\/wp\/v2\/pages"}],"about":[{"href":"https:\/\/petriotgin.com\/de\/wp-json\/wp\/v2\/types\/page"}],"author":[{"embeddable":true,"href":"https:\/\/petriotgin.com\/de\/wp-json\/wp\/v2\/users\/1"}],"replies":[{"embeddable":true,"href":"https:\/\/petriotgin.com\/de\/wp-json\/wp\/v2\/comments?post=3195"}],"version-history":[{"count":2,"href":"https:\/\/petriotgin.com\/de\/wp-json\/wp\/v2\/pages\/3195\/revisions"}],"predecessor-version":[{"id":3198,"href":"https:\/\/petriotgin.com\/de\/wp-json\/wp\/v2\/pages\/3195\/revisions\/3198"}],"wp:featuredmedia":[{"embeddable":true,"href":"https:\/\/petriotgin.com\/de\/wp-json\/wp\/v2\/media\/2872"}],"wp:attachment":[{"href":"https:\/\/petriotgin.com\/de\/wp-json\/wp\/v2\/media?parent=3195"}],"curies":[{"name":"wp","href":"https:\/\/api.w.org\/{rel}","templated":true}]}}