{"id":3211,"date":"2020-11-27T11:35:39","date_gmt":"2020-11-27T10:35:39","guid":{"rendered":"https:\/\/petriotgin.com\/odkrij-okuse\/"},"modified":"2022-01-07T03:26:03","modified_gmt":"2022-01-07T02:26:03","slug":"geschmacker-entdecken","status":"publish","type":"page","link":"https:\/\/petriotgin.com\/de\/geschmacker-entdecken\/","title":{"rendered":"Entdecken"},"content":{"rendered":"<div class=\"wp1200\">\n<h1>Die Geschm\u00e4cker entdecken<\/h1>\n<\/div>\n\n\n<div id=\"header_block-block_5fea16afffa38\" class=\"\">\n    <div class=\"textPad\">\n\t\t            <h2 class=\"mainTitle\"> <\/h2>\n            <hr class=\"grey\">\n\t\t\t\t            <p class=\"shortText\">AUTHENTISCHER SLOWENISCHER GIN IN SORGF\u00c4LTIG AUSGEW\u00c4HLTEN, EINZIGARTIGEN GESCHMACKSRICHTUNGEN. ES SPIELT KEINE ROLLE, OB SIE EIN GIN-KENNER SIND ODER NICHT. ALLES, WAS SIE TUN M\u00dcSSEN, IST, IHREN SINNEN ZU FOLGEN UND SICH ETWAS ZEIT ZU NEHMEN. SIE M\u00dcSSEN AUCH NIRGENDWO HINGEHEN. GENIESSEN SIE HIER, IN DIESEM MOMENT, DAS AROMA, DEN GERUCH UND DEN GESCHMACK UNSERER GINS. <\/p>\n\t\t\n\t\t    <\/div>\n\t\n\t        <div class=\"flex wp1200 rightContent\">\n            <div class=\"text\">\n\t\t\t\t<p>Jede unserer Flaschen ist voll von Sonnenlicht, das von sorgf\u00e4ltig ausgew\u00e4hlten Wacholderbeeren aus der Karstregion ausgeht. Wir f\u00fcgen dem Gin in Slowenien vorkommende Botanicals hinzu und stellen auf diese Weise originelle Geschmackskombinationen zusammen.<\/p>\n            <\/div>\n        <\/div>\n\t<\/div>\n\n\n<div id=\"category_block-block_5fea18345d4f9\" class=\"category\">\n    <hr class=\"borderTop\"\/>\n    <div class=\"textPad\">\n        <h2>Bela krajina<\/h2>\n        <hr class=\"grey\"\/>\n        <p class=\"shortText\">Kot se za Belokranjca spodobi je na\u0161a prva serija ginov poklon Beli Krajini, in sicer z dvema ginoma: Zeleni Jurij in Lepa Anka. Tako Zeleni Jurij kot Lepa Anka sta prepoznavna lika iz belokranjske folklore, ki sta tesno vpeta v \u017eivljenje Belokranjcev \u0161e dandanes.<\/p>\n    <\/div>\n    <div class=\"imageBlock h338\"\n         style=\"background: url('https:\/\/petriotgin.com\/wp-content\/uploads\/2021\/02\/iStock-513488016@2-scaled-1024x288.jpg') no-repeat center; background-size: cover;\"><\/div>\n    <div id=\"categoryImage\">\n        <img decoding=\"async\" src=\"https:\/\/petriotgin.com\/wp-content\/uploads\/2021\/02\/GIN_bottle_700ml-02@2.png\"\/>\n        <a href=\"https:\/\/petriotgin.com\/de\/kategorija\/gin\/serija-bela-krajina\/\" class=\"goldButton\">\n\t\t\tLern mehr        <\/a>\n    <\/div>\n<\/div>","protected":false},"excerpt":{"rendered":"<p>Die Geschm\u00e4cker entdecken<\/p>\n","protected":false},"author":1,"featured_media":2888,"parent":0,"menu_order":0,"comment_status":"closed","ping_status":"closed","template":"","meta":{"_acf_changed":false,"footnotes":""},"class_list":["post-3211","page","type-page","status-publish","has-post-thumbnail","hentry"],"acf":[],"yoast_head":"<!-- This site is optimized with the Yoast SEO Premium plugin v23.9 (Yoast SEO v27.4) - https:\/\/yoast.com\/product\/yoast-seo-premium-wordpress\/ -->\n<title>Slowenischer Gin | 100% Bester aromatisierter Gin | Petriot Gin<\/title>\n<meta name=\"description\" content=\"Authentischer Slowenischer Gin in sorgf\u00e4ltig ausgew\u00e4hlten, einzigartogen Geschmacksrichtungen- 100% Bester aromatisierter Gin\" \/>\n<meta name=\"robots\" content=\"index, follow, max-snippet:-1, max-image-preview:large, max-video-preview:-1\" \/>\n<link rel=\"canonical\" href=\"https:\/\/petriotgin.com\/de\/geschmacker-entdecken\/\" \/>\n<meta property=\"og:locale\" content=\"de_DE\" \/>\n<meta property=\"og:type\" content=\"article\" \/>\n<meta property=\"og:title\" content=\"Entdecken\" \/>\n<meta property=\"og:description\" content=\"Authentischer Slowenischer Gin in sorgf\u00e4ltig ausgew\u00e4hlten, einzigartogen Geschmacksrichtungen- 100% Bester aromatisierter Gin\" \/>\n<meta property=\"og:url\" content=\"https:\/\/petriotgin.com\/de\/geschmacker-entdecken\/\" \/>\n<meta property=\"og:site_name\" content=\"Petriot Brennerei\" \/>\n<meta property=\"article:publisher\" content=\"https:\/\/www.facebook.com\/PetriotGin\" \/>\n<meta property=\"article:modified_time\" content=\"2022-01-07T02:26:03+00:00\" \/>\n<meta property=\"og:image\" content=\"https:\/\/petriotgin.com\/wp-content\/uploads\/2021\/02\/PETRIOT_GIN_16_11749.jpg\" \/>\n\t<meta property=\"og:image:width\" content=\"1080\" \/>\n\t<meta property=\"og:image:height\" content=\"620\" \/>\n\t<meta property=\"og:image:type\" content=\"image\/jpeg\" \/>\n<meta name=\"twitter:card\" content=\"summary_large_image\" \/>\n<meta name=\"twitter:label1\" content=\"Gesch\u00e4tzte Lesezeit\" \/>\n\t<meta name=\"twitter:data1\" content=\"1\u00a0Minute\" \/>\n<script type=\"application\/ld+json\" class=\"yoast-schema-graph\">{\"@context\":\"https:\\\/\\\/schema.org\",\"@graph\":[{\"@type\":\"WebPage\",\"@id\":\"https:\\\/\\\/petriotgin.com\\\/de\\\/geschmacker-entdecken\\\/\",\"url\":\"https:\\\/\\\/petriotgin.com\\\/de\\\/geschmacker-entdecken\\\/\",\"name\":\"Slowenischer Gin | 100% Bester aromatisierter Gin | Petriot Gin\",\"isPartOf\":{\"@id\":\"https:\\\/\\\/petriotgin.com\\\/de\\\/#website\"},\"primaryImageOfPage\":{\"@id\":\"https:\\\/\\\/petriotgin.com\\\/de\\\/geschmacker-entdecken\\\/#primaryimage\"},\"image\":{\"@id\":\"https:\\\/\\\/petriotgin.com\\\/de\\\/geschmacker-entdecken\\\/#primaryimage\"},\"thumbnailUrl\":\"https:\\\/\\\/petriotgin.com\\\/wp-content\\\/uploads\\\/2021\\\/02\\\/PETRIOT_GIN_16_11749.jpg\",\"datePublished\":\"2020-11-27T10:35:39+00:00\",\"dateModified\":\"2022-01-07T02:26:03+00:00\",\"description\":\"Authentischer Slowenischer Gin in sorgf\u00e4ltig ausgew\u00e4hlten, einzigartogen Geschmacksrichtungen- 100% Bester aromatisierter Gin\",\"breadcrumb\":{\"@id\":\"https:\\\/\\\/petriotgin.com\\\/de\\\/geschmacker-entdecken\\\/#breadcrumb\"},\"inLanguage\":\"de\",\"potentialAction\":[{\"@type\":\"ReadAction\",\"target\":[\"https:\\\/\\\/petriotgin.com\\\/de\\\/geschmacker-entdecken\\\/\"]}]},{\"@type\":\"ImageObject\",\"inLanguage\":\"de\",\"@id\":\"https:\\\/\\\/petriotgin.com\\\/de\\\/geschmacker-entdecken\\\/#primaryimage\",\"url\":\"https:\\\/\\\/petriotgin.com\\\/wp-content\\\/uploads\\\/2021\\\/02\\\/PETRIOT_GIN_16_11749.jpg\",\"contentUrl\":\"https:\\\/\\\/petriotgin.com\\\/wp-content\\\/uploads\\\/2021\\\/02\\\/PETRIOT_GIN_16_11749.jpg\",\"width\":\"1080\",\"height\":\"620\",\"caption\":\"Geschmacker Entdecken | 100% Bester aromatisierter Gin | Petriot Gin\"},{\"@type\":\"BreadcrumbList\",\"@id\":\"https:\\\/\\\/petriotgin.com\\\/de\\\/geschmacker-entdecken\\\/#breadcrumb\",\"itemListElement\":[{\"@type\":\"ListItem\",\"position\":1,\"name\":\"Startseite\",\"item\":\"https:\\\/\\\/petriotgin.com\\\/de\\\/\"},{\"@type\":\"ListItem\",\"position\":2,\"name\":\"Entdecken\"}]},{\"@type\":\"WebSite\",\"@id\":\"https:\\\/\\\/petriotgin.com\\\/de\\\/#website\",\"url\":\"https:\\\/\\\/petriotgin.com\\\/de\\\/\",\"name\":\"Petriot Gin\",\"description\":\"Petriot Distillery, Slovenia\",\"publisher\":{\"@id\":\"https:\\\/\\\/petriotgin.com\\\/de\\\/#organization\"},\"alternateName\":\"Petriot distillery\",\"potentialAction\":[{\"@type\":\"SearchAction\",\"target\":{\"@type\":\"EntryPoint\",\"urlTemplate\":\"https:\\\/\\\/petriotgin.com\\\/de\\\/?s={search_term_string}\"},\"query-input\":{\"@type\":\"PropertyValueSpecification\",\"valueRequired\":true,\"valueName\":\"search_term_string\"}}],\"inLanguage\":\"de\"},{\"@type\":\"Organization\",\"@id\":\"https:\\\/\\\/petriotgin.com\\\/de\\\/#organization\",\"name\":\"Petriot d.o.o.\",\"alternateName\":\"Petriot Distillery\",\"url\":\"https:\\\/\\\/petriotgin.com\\\/de\\\/\",\"logo\":{\"@type\":\"ImageObject\",\"inLanguage\":\"de\",\"@id\":\"https:\\\/\\\/petriotgin.com\\\/de\\\/#\\\/schema\\\/logo\\\/image\\\/\",\"url\":\"https:\\\/\\\/petriotgin.com\\\/wp-content\\\/uploads\\\/2021\\\/02\\\/Petriot_profil.png\",\"contentUrl\":\"https:\\\/\\\/petriotgin.com\\\/wp-content\\\/uploads\\\/2021\\\/02\\\/Petriot_profil.png\",\"width\":1042,\"height\":1042,\"caption\":\"Petriot d.o.o.\"},\"image\":{\"@id\":\"https:\\\/\\\/petriotgin.com\\\/de\\\/#\\\/schema\\\/logo\\\/image\\\/\"},\"sameAs\":[\"https:\\\/\\\/www.facebook.com\\\/PetriotGin\",\"https:\\\/\\\/www.instagram.com\\\/petriotgin\\\/\",\"https:\\\/\\\/www.linkedin.com\\\/company\\\/petriot-distillery\"],\"email\":\"ilove@petriotgin.com\",\"telephone\":\"+386 40 75 99 49\",\"legalName\":\"Petriot Distillery\",\"vatID\":\"84583185\",\"taxID\":\"SI84583185\",\"numberOfEmployees\":{\"@type\":\"QuantitativeValue\",\"minValue\":\"1\",\"maxValue\":\"10\"}}]}<\/script>\n<!-- \/ Yoast SEO Premium plugin. -->","yoast_head_json":{"title":"Slowenischer Gin | 100% Bester aromatisierter Gin | Petriot Gin","description":"Authentischer Slowenischer Gin in sorgf\u00e4ltig ausgew\u00e4hlten, einzigartogen Geschmacksrichtungen- 100% Bester aromatisierter Gin","robots":{"index":"index","follow":"follow","max-snippet":"max-snippet:-1","max-image-preview":"max-image-preview:large","max-video-preview":"max-video-preview:-1"},"canonical":"https:\/\/petriotgin.com\/de\/geschmacker-entdecken\/","og_locale":"de_DE","og_type":"article","og_title":"Entdecken","og_description":"Authentischer Slowenischer Gin in sorgf\u00e4ltig ausgew\u00e4hlten, einzigartogen Geschmacksrichtungen- 100% Bester aromatisierter Gin","og_url":"https:\/\/petriotgin.com\/de\/geschmacker-entdecken\/","og_site_name":"Petriot Brennerei","article_publisher":"https:\/\/www.facebook.com\/PetriotGin","article_modified_time":"2022-01-07T02:26:03+00:00","og_image":[{"width":1080,"height":620,"url":"https:\/\/petriotgin.com\/wp-content\/uploads\/2021\/02\/PETRIOT_GIN_16_11749.jpg","type":"image\/jpeg"}],"twitter_card":"summary_large_image","twitter_misc":{"Gesch\u00e4tzte Lesezeit":"1\u00a0Minute"},"schema":{"@context":"https:\/\/schema.org","@graph":[{"@type":"WebPage","@id":"https:\/\/petriotgin.com\/de\/geschmacker-entdecken\/","url":"https:\/\/petriotgin.com\/de\/geschmacker-entdecken\/","name":"Slowenischer Gin | 100% Bester aromatisierter Gin | Petriot Gin","isPartOf":{"@id":"https:\/\/petriotgin.com\/de\/#website"},"primaryImageOfPage":{"@id":"https:\/\/petriotgin.com\/de\/geschmacker-entdecken\/#primaryimage"},"image":{"@id":"https:\/\/petriotgin.com\/de\/geschmacker-entdecken\/#primaryimage"},"thumbnailUrl":"https:\/\/petriotgin.com\/wp-content\/uploads\/2021\/02\/PETRIOT_GIN_16_11749.jpg","datePublished":"2020-11-27T10:35:39+00:00","dateModified":"2022-01-07T02:26:03+00:00","description":"Authentischer Slowenischer Gin in sorgf\u00e4ltig ausgew\u00e4hlten, einzigartogen Geschmacksrichtungen- 100% Bester aromatisierter Gin","breadcrumb":{"@id":"https:\/\/petriotgin.com\/de\/geschmacker-entdecken\/#breadcrumb"},"inLanguage":"de","potentialAction":[{"@type":"ReadAction","target":["https:\/\/petriotgin.com\/de\/geschmacker-entdecken\/"]}]},{"@type":"ImageObject","inLanguage":"de","@id":"https:\/\/petriotgin.com\/de\/geschmacker-entdecken\/#primaryimage","url":"https:\/\/petriotgin.com\/wp-content\/uploads\/2021\/02\/PETRIOT_GIN_16_11749.jpg","contentUrl":"https:\/\/petriotgin.com\/wp-content\/uploads\/2021\/02\/PETRIOT_GIN_16_11749.jpg","width":"1080","height":"620","caption":"Geschmacker Entdecken | 100% Bester aromatisierter Gin | Petriot Gin"},{"@type":"BreadcrumbList","@id":"https:\/\/petriotgin.com\/de\/geschmacker-entdecken\/#breadcrumb","itemListElement":[{"@type":"ListItem","position":1,"name":"Startseite","item":"https:\/\/petriotgin.com\/de\/"},{"@type":"ListItem","position":2,"name":"Entdecken"}]},{"@type":"WebSite","@id":"https:\/\/petriotgin.com\/de\/#website","url":"https:\/\/petriotgin.com\/de\/","name":"Petriot Gin","description":"Petriot Distillery, Slovenia","publisher":{"@id":"https:\/\/petriotgin.com\/de\/#organization"},"alternateName":"Petriot distillery","potentialAction":[{"@type":"SearchAction","target":{"@type":"EntryPoint","urlTemplate":"https:\/\/petriotgin.com\/de\/?s={search_term_string}"},"query-input":{"@type":"PropertyValueSpecification","valueRequired":true,"valueName":"search_term_string"}}],"inLanguage":"de"},{"@type":"Organization","@id":"https:\/\/petriotgin.com\/de\/#organization","name":"Petriot d.o.o.","alternateName":"Petriot Distillery","url":"https:\/\/petriotgin.com\/de\/","logo":{"@type":"ImageObject","inLanguage":"de","@id":"https:\/\/petriotgin.com\/de\/#\/schema\/logo\/image\/","url":"https:\/\/petriotgin.com\/wp-content\/uploads\/2021\/02\/Petriot_profil.png","contentUrl":"https:\/\/petriotgin.com\/wp-content\/uploads\/2021\/02\/Petriot_profil.png","width":1042,"height":1042,"caption":"Petriot d.o.o."},"image":{"@id":"https:\/\/petriotgin.com\/de\/#\/schema\/logo\/image\/"},"sameAs":["https:\/\/www.facebook.com\/PetriotGin","https:\/\/www.instagram.com\/petriotgin\/","https:\/\/www.linkedin.com\/company\/petriot-distillery"],"email":"ilove@petriotgin.com","telephone":"+386 40 75 99 49","legalName":"Petriot Distillery","vatID":"84583185","taxID":"SI84583185","numberOfEmployees":{"@type":"QuantitativeValue","minValue":"1","maxValue":"10"}}]}},"_links":{"self":[{"href":"https:\/\/petriotgin.com\/de\/wp-json\/wp\/v2\/pages\/3211","targetHints":{"allow":["GET"]}}],"collection":[{"href":"https:\/\/petriotgin.com\/de\/wp-json\/wp\/v2\/pages"}],"about":[{"href":"https:\/\/petriotgin.com\/de\/wp-json\/wp\/v2\/types\/page"}],"author":[{"embeddable":true,"href":"https:\/\/petriotgin.com\/de\/wp-json\/wp\/v2\/users\/1"}],"replies":[{"embeddable":true,"href":"https:\/\/petriotgin.com\/de\/wp-json\/wp\/v2\/comments?post=3211"}],"version-history":[{"count":3,"href":"https:\/\/petriotgin.com\/de\/wp-json\/wp\/v2\/pages\/3211\/revisions"}],"predecessor-version":[{"id":3245,"href":"https:\/\/petriotgin.com\/de\/wp-json\/wp\/v2\/pages\/3211\/revisions\/3245"}],"wp:featuredmedia":[{"embeddable":true,"href":"https:\/\/petriotgin.com\/de\/wp-json\/wp\/v2\/media\/2888"}],"wp:attachment":[{"href":"https:\/\/petriotgin.com\/de\/wp-json\/wp\/v2\/media?parent=3211"}],"curies":[{"name":"wp","href":"https:\/\/api.w.org\/{rel}","templated":true}]}}