{"id":3349,"date":"2020-11-30T12:26:45","date_gmt":"2020-11-30T11:26:45","guid":{"rendered":"https:\/\/petriotgin.com\/izdelek\/green-george\/"},"modified":"2023-02-23T16:39:35","modified_gmt":"2023-02-23T15:39:35","slug":"green-george","status":"publish","type":"product","link":"https:\/\/petriotgin.com\/de\/artikel\/green-george\/","title":{"rendered":"GREEN GEORGE GIN 0.7L"},"content":{"rendered":"<p>Green George ist ein Gin von aussergew\u00f6hnlichem geschmack und eine hommage an eine sehr vielf\u00e4ltige slowenische region \u2013 Bela krajina. Dem Volksglauben nach ist Green George ein guter mann, der mit birkenbl\u00e4ttern gekleidet ist und erweckung, reichhaltigkeit und wachstum bringt. Deshalb laden ihn die Menschen in Bela krajina jeden fr\u00fchling mit offenen Armen in ihre H\u00e4user ein und begr\u00fcssen ihn mit Tanz und Gesang. Diese Tradition kommt in den f\u00fcr Bela krajina typischen inhaltsstoffen des Green George Gin zum ausdruck: Birkenwasser, Hagebutte, Kamille und Schafgarbe.<\/p>\n","protected":false},"excerpt":{"rendered":"<p>Green George ist ein Gin von au\u00dfergew\u00f6hnlich aromatischem Geschmack und eine Hommage an eine sehr vielf\u00e4ltige slowenische Region \u2013 Bela krajina. Seine Herkunft kommt in den f\u00fcr Bela krajina typischen lokalen Zutaten des Green George Gin zum Ausdruck: Birkenwasser, Hagebutte, Kamille und Schafgarbe.<\/p>\n","protected":false},"featured_media":2940,"template":"","meta":{"_acf_changed":false},"product_brand":[],"product_cat":[147,146],"product_tag":[],"class_list":{"0":"post-3349","1":"product","2":"type-product","3":"status-publish","4":"has-post-thumbnail","6":"product_cat-bela-krajina","7":"product_cat-gins-de","9":"first","10":"instock","11":"taxable","12":"shipping-taxable","13":"purchasable","14":"product-type-simple"},"bundled_by":[],"bundle_stock_status":"instock","bundle_stock_quantity":null,"bundle_virtual":false,"bundle_layout":"","bundle_add_to_cart_form_location":"","bundle_editable_in_cart":false,"bundle_sold_individually_context":"","bundle_item_grouping":"","bundle_min_size":"","bundle_max_size":"","bundle_price":[],"bundled_items":[],"bundle_sell_ids":[],"acf":[],"yoast_head":"<!-- This site is optimized with the Yoast SEO Premium plugin v23.9 (Yoast SEO v27.3) - https:\/\/yoast.com\/product\/yoast-seo-premium-wordpress\/ -->\n<title>GREEN GEORGE GIN 0.7L - Petriot Brennerei<\/title>\n<meta name=\"description\" content=\"Gin von au\u00dfergew\u00f6hnlich aromatischem Geschmack und eine Hommage an eine sehr vielf\u00e4ltige slowenische Region \u2013 Bela krajina\" \/>\n<meta name=\"robots\" content=\"index, follow, max-snippet:-1, max-image-preview:large, max-video-preview:-1\" \/>\n<link rel=\"canonical\" href=\"https:\/\/petriotgin.com\/de\/artikel\/green-george\/\" \/>\n<meta property=\"og:locale\" content=\"de_DE\" \/>\n<meta property=\"og:type\" content=\"article\" \/>\n<meta property=\"og:title\" content=\"GREEN GEORGE GIN 0.7L\" \/>\n<meta property=\"og:description\" content=\"Gin von au\u00dfergew\u00f6hnlich aromatischem Geschmack und eine Hommage an eine sehr vielf\u00e4ltige slowenische Region \u2013 Bela krajina\" \/>\n<meta property=\"og:url\" content=\"https:\/\/petriotgin.com\/de\/artikel\/green-george\/\" \/>\n<meta property=\"og:site_name\" content=\"Petriot Brennerei\" \/>\n<meta property=\"article:publisher\" content=\"https:\/\/www.facebook.com\/PetriotGin\" \/>\n<meta property=\"article:modified_time\" content=\"2023-02-23T15:39:35+00:00\" \/>\n<meta property=\"og:image\" content=\"https:\/\/petriotgin.com\/wp-content\/uploads\/2020\/11\/GIN_bottle_700ml-02.png\" \/>\n\t<meta property=\"og:image:width\" content=\"332\" \/>\n\t<meta property=\"og:image:height\" content=\"899\" \/>\n\t<meta property=\"og:image:type\" content=\"image\/png\" \/>\n<meta name=\"twitter:card\" content=\"summary_large_image\" \/>\n<meta name=\"twitter:label1\" content=\"Preis\" \/>\n\t<meta name=\"twitter:data1\" content=\"39.04&euro;\" \/>\n\t<meta name=\"twitter:label2\" content=\"Verf\u00fcgbarkeit\" \/>\n\t<meta name=\"twitter:data2\" content=\"Auf Lager\" \/>\n<script type=\"application\/ld+json\" class=\"yoast-schema-graph\">{\"@context\":\"https:\\\/\\\/schema.org\",\"@graph\":[{\"@type\":\"WebPage\",\"@id\":\"https:\\\/\\\/petriotgin.com\\\/de\\\/artikel\\\/green-george\\\/\",\"url\":\"https:\\\/\\\/petriotgin.com\\\/de\\\/artikel\\\/green-george\\\/\",\"name\":\"GREEN GEORGE GIN 0.7L - Petriot Brennerei\",\"isPartOf\":{\"@id\":\"https:\\\/\\\/petriotgin.com\\\/de\\\/#website\"},\"primaryImageOfPage\":{\"@id\":\"https:\\\/\\\/petriotgin.com\\\/de\\\/artikel\\\/green-george\\\/#primaryimage\"},\"image\":{\"@id\":\"https:\\\/\\\/petriotgin.com\\\/de\\\/artikel\\\/green-george\\\/#primaryimage\"},\"thumbnailUrl\":\"https:\\\/\\\/petriotgin.com\\\/wp-content\\\/uploads\\\/2020\\\/11\\\/GIN_bottle_700ml-02.png\",\"datePublished\":\"2020-11-30T11:26:45+00:00\",\"dateModified\":\"2023-02-23T15:39:35+00:00\",\"description\":\"Gin von au\u00dfergew\u00f6hnlich aromatischem Geschmack und eine Hommage an eine sehr vielf\u00e4ltige slowenische Region \u2013 Bela krajina\",\"breadcrumb\":{\"@id\":\"https:\\\/\\\/petriotgin.com\\\/de\\\/artikel\\\/green-george\\\/#breadcrumb\"},\"inLanguage\":\"de\",\"potentialAction\":[{\"@type\":\"ReadAction\",\"target\":[\"https:\\\/\\\/petriotgin.com\\\/de\\\/artikel\\\/green-george\\\/\"]}]},{\"@type\":\"ImageObject\",\"inLanguage\":\"de\",\"@id\":\"https:\\\/\\\/petriotgin.com\\\/de\\\/artikel\\\/green-george\\\/#primaryimage\",\"url\":\"https:\\\/\\\/petriotgin.com\\\/wp-content\\\/uploads\\\/2020\\\/11\\\/GIN_bottle_700ml-02.png\",\"contentUrl\":\"https:\\\/\\\/petriotgin.com\\\/wp-content\\\/uploads\\\/2020\\\/11\\\/GIN_bottle_700ml-02.png\",\"width\":332,\"height\":899,\"caption\":\"700ml steklenica slovenskega gin-a Petriot\"},{\"@type\":\"BreadcrumbList\",\"@id\":\"https:\\\/\\\/petriotgin.com\\\/de\\\/artikel\\\/green-george\\\/#breadcrumb\",\"itemListElement\":[{\"@type\":\"ListItem\",\"position\":1,\"name\":\"Startseite\",\"item\":\"https:\\\/\\\/petriotgin.com\\\/de\\\/\"},{\"@type\":\"ListItem\",\"position\":2,\"name\":\"Shop\",\"item\":\"https:\\\/\\\/petriotgin.com\\\/de\\\/shop-2\\\/\"},{\"@type\":\"ListItem\",\"position\":3,\"name\":\"GREEN GEORGE GIN 0.7L\"}]},{\"@type\":\"WebSite\",\"@id\":\"https:\\\/\\\/petriotgin.com\\\/de\\\/#website\",\"url\":\"https:\\\/\\\/petriotgin.com\\\/de\\\/\",\"name\":\"Petriot Gin\",\"description\":\"Petriot Distillery, Slovenia\",\"publisher\":{\"@id\":\"https:\\\/\\\/petriotgin.com\\\/de\\\/#organization\"},\"alternateName\":\"Petriot distillery\",\"potentialAction\":[{\"@type\":\"SearchAction\",\"target\":{\"@type\":\"EntryPoint\",\"urlTemplate\":\"https:\\\/\\\/petriotgin.com\\\/de\\\/?s={search_term_string}\"},\"query-input\":{\"@type\":\"PropertyValueSpecification\",\"valueRequired\":true,\"valueName\":\"search_term_string\"}}],\"inLanguage\":\"de\"},{\"@type\":\"Organization\",\"@id\":\"https:\\\/\\\/petriotgin.com\\\/de\\\/#organization\",\"name\":\"Petriot d.o.o.\",\"alternateName\":\"Petriot Distillery\",\"url\":\"https:\\\/\\\/petriotgin.com\\\/de\\\/\",\"logo\":{\"@type\":\"ImageObject\",\"inLanguage\":\"de\",\"@id\":\"https:\\\/\\\/petriotgin.com\\\/de\\\/#\\\/schema\\\/logo\\\/image\\\/\",\"url\":\"https:\\\/\\\/petriotgin.com\\\/wp-content\\\/uploads\\\/2021\\\/02\\\/Petriot_profil.png\",\"contentUrl\":\"https:\\\/\\\/petriotgin.com\\\/wp-content\\\/uploads\\\/2021\\\/02\\\/Petriot_profil.png\",\"width\":1042,\"height\":1042,\"caption\":\"Petriot d.o.o.\"},\"image\":{\"@id\":\"https:\\\/\\\/petriotgin.com\\\/de\\\/#\\\/schema\\\/logo\\\/image\\\/\"},\"sameAs\":[\"https:\\\/\\\/www.facebook.com\\\/PetriotGin\",\"https:\\\/\\\/www.instagram.com\\\/petriotgin\\\/\",\"https:\\\/\\\/www.linkedin.com\\\/company\\\/petriot-distillery\"],\"email\":\"ilove@petriotgin.com\",\"telephone\":\"+386 40 75 99 49\",\"legalName\":\"Petriot Distillery\",\"vatID\":\"84583185\",\"taxID\":\"SI84583185\",\"numberOfEmployees\":{\"@type\":\"QuantitativeValue\",\"minValue\":\"1\",\"maxValue\":\"10\"}}]}<\/script>\n<meta property=\"product:price:amount\" content=\"39.04\" \/>\n<meta property=\"product:price:currency\" content=\"EUR\" \/>\n<meta property=\"og:availability\" content=\"instock\" \/>\n<meta property=\"product:availability\" content=\"instock\" \/>\n<meta property=\"product:retailer_item_id\" content=\"GG70\" \/>\n<meta property=\"product:condition\" content=\"new\" \/>\n<!-- \/ Yoast SEO Premium plugin. -->","yoast_head_json":{"title":"GREEN GEORGE GIN 0.7L - Petriot Brennerei","description":"Gin von au\u00dfergew\u00f6hnlich aromatischem Geschmack und eine Hommage an eine sehr vielf\u00e4ltige slowenische Region \u2013 Bela krajina","robots":{"index":"index","follow":"follow","max-snippet":"max-snippet:-1","max-image-preview":"max-image-preview:large","max-video-preview":"max-video-preview:-1"},"canonical":"https:\/\/petriotgin.com\/de\/artikel\/green-george\/","og_locale":"de_DE","og_type":"article","og_title":"GREEN GEORGE GIN 0.7L","og_description":"Gin von au\u00dfergew\u00f6hnlich aromatischem Geschmack und eine Hommage an eine sehr vielf\u00e4ltige slowenische Region \u2013 Bela krajina","og_url":"https:\/\/petriotgin.com\/de\/artikel\/green-george\/","og_site_name":"Petriot Brennerei","article_publisher":"https:\/\/www.facebook.com\/PetriotGin","article_modified_time":"2023-02-23T15:39:35+00:00","og_image":[{"width":332,"height":899,"url":"https:\/\/petriotgin.com\/wp-content\/uploads\/2020\/11\/GIN_bottle_700ml-02.png","type":"image\/png"}],"twitter_card":"summary_large_image","twitter_misc":{"Preis":"39.04&euro;","Verf\u00fcgbarkeit":"Auf Lager"},"schema":{"@context":"https:\/\/schema.org","@graph":[{"@type":"WebPage","@id":"https:\/\/petriotgin.com\/de\/artikel\/green-george\/","url":"https:\/\/petriotgin.com\/de\/artikel\/green-george\/","name":"GREEN GEORGE GIN 0.7L - Petriot Brennerei","isPartOf":{"@id":"https:\/\/petriotgin.com\/de\/#website"},"primaryImageOfPage":{"@id":"https:\/\/petriotgin.com\/de\/artikel\/green-george\/#primaryimage"},"image":{"@id":"https:\/\/petriotgin.com\/de\/artikel\/green-george\/#primaryimage"},"thumbnailUrl":"https:\/\/petriotgin.com\/wp-content\/uploads\/2020\/11\/GIN_bottle_700ml-02.png","datePublished":"2020-11-30T11:26:45+00:00","dateModified":"2023-02-23T15:39:35+00:00","description":"Gin von au\u00dfergew\u00f6hnlich aromatischem Geschmack und eine Hommage an eine sehr vielf\u00e4ltige slowenische Region \u2013 Bela krajina","breadcrumb":{"@id":"https:\/\/petriotgin.com\/de\/artikel\/green-george\/#breadcrumb"},"inLanguage":"de","potentialAction":[{"@type":"ReadAction","target":["https:\/\/petriotgin.com\/de\/artikel\/green-george\/"]}]},{"@type":"ImageObject","inLanguage":"de","@id":"https:\/\/petriotgin.com\/de\/artikel\/green-george\/#primaryimage","url":"https:\/\/petriotgin.com\/wp-content\/uploads\/2020\/11\/GIN_bottle_700ml-02.png","contentUrl":"https:\/\/petriotgin.com\/wp-content\/uploads\/2020\/11\/GIN_bottle_700ml-02.png","width":332,"height":899,"caption":"700ml steklenica slovenskega gin-a Petriot"},{"@type":"BreadcrumbList","@id":"https:\/\/petriotgin.com\/de\/artikel\/green-george\/#breadcrumb","itemListElement":[{"@type":"ListItem","position":1,"name":"Startseite","item":"https:\/\/petriotgin.com\/de\/"},{"@type":"ListItem","position":2,"name":"Shop","item":"https:\/\/petriotgin.com\/de\/shop-2\/"},{"@type":"ListItem","position":3,"name":"GREEN GEORGE GIN 0.7L"}]},{"@type":"WebSite","@id":"https:\/\/petriotgin.com\/de\/#website","url":"https:\/\/petriotgin.com\/de\/","name":"Petriot Gin","description":"Petriot Distillery, Slovenia","publisher":{"@id":"https:\/\/petriotgin.com\/de\/#organization"},"alternateName":"Petriot distillery","potentialAction":[{"@type":"SearchAction","target":{"@type":"EntryPoint","urlTemplate":"https:\/\/petriotgin.com\/de\/?s={search_term_string}"},"query-input":{"@type":"PropertyValueSpecification","valueRequired":true,"valueName":"search_term_string"}}],"inLanguage":"de"},{"@type":"Organization","@id":"https:\/\/petriotgin.com\/de\/#organization","name":"Petriot d.o.o.","alternateName":"Petriot Distillery","url":"https:\/\/petriotgin.com\/de\/","logo":{"@type":"ImageObject","inLanguage":"de","@id":"https:\/\/petriotgin.com\/de\/#\/schema\/logo\/image\/","url":"https:\/\/petriotgin.com\/wp-content\/uploads\/2021\/02\/Petriot_profil.png","contentUrl":"https:\/\/petriotgin.com\/wp-content\/uploads\/2021\/02\/Petriot_profil.png","width":1042,"height":1042,"caption":"Petriot d.o.o."},"image":{"@id":"https:\/\/petriotgin.com\/de\/#\/schema\/logo\/image\/"},"sameAs":["https:\/\/www.facebook.com\/PetriotGin","https:\/\/www.instagram.com\/petriotgin\/","https:\/\/www.linkedin.com\/company\/petriot-distillery"],"email":"ilove@petriotgin.com","telephone":"+386 40 75 99 49","legalName":"Petriot Distillery","vatID":"84583185","taxID":"SI84583185","numberOfEmployees":{"@type":"QuantitativeValue","minValue":"1","maxValue":"10"}}]},"product_price_amount":"39.04","product_price_currency":"EUR","og_availability":"instock","product_availability":"instock","product_retailer_item_id":"GG70","product_condition":"new"},"_links":{"self":[{"href":"https:\/\/petriotgin.com\/de\/wp-json\/wp\/v2\/product\/3349","targetHints":{"allow":["GET"]}}],"collection":[{"href":"https:\/\/petriotgin.com\/de\/wp-json\/wp\/v2\/product"}],"about":[{"href":"https:\/\/petriotgin.com\/de\/wp-json\/wp\/v2\/types\/product"}],"wp:featuredmedia":[{"embeddable":true,"href":"https:\/\/petriotgin.com\/de\/wp-json\/wp\/v2\/media\/2940"}],"wp:attachment":[{"href":"https:\/\/petriotgin.com\/de\/wp-json\/wp\/v2\/media?parent=3349"}],"wp:term":[{"taxonomy":"product_brand","embeddable":true,"href":"https:\/\/petriotgin.com\/de\/wp-json\/wp\/v2\/product_brand?post=3349"},{"taxonomy":"product_cat","embeddable":true,"href":"https:\/\/petriotgin.com\/de\/wp-json\/wp\/v2\/product_cat?post=3349"},{"taxonomy":"product_tag","embeddable":true,"href":"https:\/\/petriotgin.com\/de\/wp-json\/wp\/v2\/product_tag?post=3349"}],"curies":[{"name":"wp","href":"https:\/\/api.w.org\/{rel}","templated":true}]}}