{"id":3292,"date":"2020-11-27T10:16:38","date_gmt":"2020-11-27T09:16:38","guid":{"rendered":"https:\/\/petriotgin.com\/domov\/"},"modified":"2023-02-14T08:16:22","modified_gmt":"2023-02-14T07:16:22","slug":"domov","status":"publish","type":"page","link":"https:\/\/petriotgin.com\/hr\/","title":{"rendered":"Po\u010detna"},"content":{"rendered":"<div class=\"wp1200\">\n<h1>SLOVENSKI CRAFT D\u017dIN<\/h1>\n<\/div>\n\n<div id=\"parallax_image_block-block_350d9faeaa9cc91a193bb8787aea36f8\" class=\"flex block clear parallaxContainer\">\n    <div class=\"parallaxItem\" style=\"background: url('https:\/\/petriotgin.com\/wp-content\/uploads\/2021\/12\/slovenski_gin_bela_krajina.jpg') no-repeat center;background-size: cover;\"><\/div>\n<\/div>\n\n<script>\n    window.addEventListener('scroll',function(e){\n        let YOffset = window.pageYOffset;\n        let speed = 1;\n\n        const parallaxContainer = document.getElementById('parallax_image_block-block_350d9faeaa9cc91a193bb8787aea36f8');\n\n        parallaxContainer.querySelectorAll('.parallaxItem').forEach(function(item){\n            item.style.top = - (YOffset * speed) + 'px';\n        })\n    })\n<\/script>\n\n\n<div id=\"single_post_block-block_f9f784ab5035c0a705d5f85faeac6ea9\" class=\"newWithUs\">\n\t        <h2 class=\"blockTitle\">\n\t\t\t                <a class=\"title center\" href=\"https:\/\/petriotgin.com\/hr\/novo-kod-nas\/\">NOVO U NA\u0160OJ DESTILERIJI<\/a>\n\t\t\t        <\/h2>\n\t    <div class=\"flex block\">\n        <div class=\"bigBlock\"\n             style=\"background: url('https:\/\/petriotgin.com\/wp-content\/uploads\/2021\/02\/PETRIOT_GIN_16_11749.jpg') no-repeat center; background-size: cover;\"><\/div>\n        <div class=\"wp1200\">\n            <div class=\"smallBlock\">\n                <h2><a class=\"title\" href=\"https:\/\/petriotgin.com\/hr\/najbolji-slovenski-gzin-2021-petriot-dobio-zlatnu-nagradu\/\">Prvi d\u017ein destilerije Petriot ve\u0107 je dobio zlatnu nagradu<\/a><\/h2>\n                <hr class=\"grey\">\n\t\t\t\t                    <p class=\"shortText\">\n\t\t\t\t\t\t  \u201eRije\u010d je o vrlo lijepom i skladnom londonskom suhom d\u017einu napravljenom od kvalitetnog baznog duha, s uravnote\u017eenim aromama vo\u0111enim smrekom, i ugodnim okusom\u201c, jednoglasno je mi\u0161ljenje osam slovenskih stru\u010dnjaka za \u017eestoka pi\u0107a i ugostiteljstvo na festivalu Gin&#038;Brin nakon dodjele zlatne nagrade u najpresti\u017enijoj kategoriji d\u017eina, London dry, Petriotovom d\u017einu Green George.                        <a href=\"https:\/\/petriotgin.com\/hr\/najbolji-slovenski-gzin-2021-petriot-dobio-zlatnu-nagradu\/\">Read more<\/a>\n                    <\/p>\n\t\t\t\t            <\/div>\n        <\/div>\n    <\/div>\n<\/div>\n\n\n\n<div id=\"product_block-block_e3c272cc3e2699ea18af498b33d9e229\" class=\"discoverFlavors\">\n\t        <h2 class=\"blockTitle\">\n\t\t\t                <a class=\"title center\" href=\"https:\/\/petriotgin.com\/hr\/odkrij-okuse\/\">OTKRIJ OKUS<\/a>\n\t\t\t        <\/h2>\n\t    <div class=\"discoverFlavorsBlock\"\n         style=\"background: url('https:\/\/petriotgin.com\/wp-content\/uploads\/2021\/02\/PETRIOT_GIN_16_11848@2-scaled.jpg') no-repeat center; background-size: cover;\">\n        <div class=\"wp1200 flex\">\n            <div class=\"textWrapper\">\n                <h2><a class=\"title\" href=\"https:\/\/petriotgin.com\/hr\/kategorija-izdelka\/dzin\/serija-bela-krajina-hr\/\">GREEN GEORGE D\u017dIN 0.7L<\/a><\/h2>\n                <hr class=\"grey\">\n                <p class=\"shortText\">Green George je d\u017ein iznimno aromati\u010dnog okusa, a odaje posvetu vrlo raznolikoj slovenskoj regiji &#8211; Beloj krajini. Njegovo podrijetlo izra\u017eavaju doma\u0107i sastojci u d\u017einu Green George, tipi\u010dni za Belu Krajinu: brezova voda, \u0161ipak, kamilica i stolisnik.<\/p>\n               <!-- <a class=\"whiteButton\" href=\"\/hr\/wp-json\/wp\/v2\/pages\/3292?add-to-cart=3347\">Kupi<\/a> -->\n\t\t\t\t<a class=\"whiteButton\" href=\"https:\/\/petriotgin.com\/hr\/kategorija-izdelka\/dzin\/serija-bela-krajina-hr\/\">Kupi<\/a>\n            <\/div>\n        <\/div>\n    <\/div>\n<\/div>\n\n\n<div id=\"recipes_list_block-block_ba5f9e1f039e8ca670325fb6071168d3\" class=\"upgradeFlavors\">\n\t        <h2 class=\"blockTitle\">\n\t\t\t                <a class=\"title center\" href=\"https:\/\/petriotgin.com\/hr\/nadogradi-okuse\/\">NADOGRADI OKUSE<\/a>\n\t\t\t        <\/h2>\n\t\n    <div class=\"flex\">\n\t\t            <div class=\"col1_3 flex h382\"\n                 style=\"background: url('https:\/\/petriotgin.com\/wp-content\/uploads\/2024\/02\/tom_collins.jpg') no-repeat  center left; background-size: 160%;\" >\n                <div class=\"text\">\n                    <h3>Tom Collins<\/h3>\n                    <span>Limonada za odrasle<\/span>\n                    <hr class=\"white\">\n                    <a class=\"whiteButton\" href=\"https:\/\/petriotgin.com\/hr\/recept\/tom-collins\/\">Vi\u0161e<\/a>\n                <\/div>\n            <\/div>\n\t\t            <div class=\"col1_3 flex h382\"\n                 style=\"background: url('https:\/\/petriotgin.com\/wp-content\/uploads\/2023\/02\/negroni.jpg') no-repeat  center left; background-size: 160%;\" >\n                <div class=\"text\">\n                    <h3>Negroni recept<\/h3>\n                    <span>Talijanski aperitiv po belokranjsko.<\/span>\n                    <hr class=\"white\">\n                    <a class=\"whiteButton\" href=\"https:\/\/petriotgin.com\/hr\/recept\/negroni-koktel\/\">Vi\u0161e<\/a>\n                <\/div>\n            <\/div>\n\t\t            <div class=\"col1_3 flex h382\"\n                 style=\"background: url('https:\/\/petriotgin.com\/wp-content\/uploads\/2023\/02\/gin_tonic.jpg') no-repeat  center left; background-size: 160%;\" >\n                <div class=\"text\">\n                    <h3>Petriot Gin Tonic<\/h3>\n                    <span>Osvje\u017eavaju\u0107a jednostavna mje\u0161avina koja treba samo dva glavna sastojka.<\/span>\n                    <hr class=\"white\">\n                    <a class=\"whiteButton\" href=\"https:\/\/petriotgin.com\/hr\/recept\/gin-tonic-cocktail\/\">Vi\u0161e<\/a>\n                <\/div>\n            <\/div>\n\t\t    <\/div>\n<\/div>\n\n<div class=\"wp1200\" style=\"margin-top: 30px;\">\n<p>[instagram-feed cols=7]<\/p>\n<\/div>","protected":false},"excerpt":{"rendered":"<p>SLOVENSKI CRAFT D\u017dIN [instagram-feed cols=7]<\/p>\n","protected":false},"author":1,"featured_media":0,"parent":0,"menu_order":0,"comment_status":"closed","ping_status":"closed","template":"front-page.php","meta":{"_acf_changed":false,"footnotes":""},"class_list":["post-3292","page","type-page","status-publish","hentry"],"acf":[],"yoast_head":"<!-- This site is optimized with the Yoast SEO Premium plugin v23.9 (Yoast SEO v27.3) - https:\/\/yoast.com\/product\/yoast-seo-premium-wordpress\/ -->\n<title>Petriot Gin | 100% autenti\u010dni slovenski craft gin<\/title>\n<meta name=\"description\" content=\"Koji je craft gin najboli? Odgovorite tek, kada okusite bobi\u010dasto vo\u0107e i botaniku slovenskog krajolika isprepletene u autenti\u010dnom okusu gina.\" \/>\n<meta name=\"robots\" content=\"index, follow, max-snippet:-1, max-image-preview:large, max-video-preview:-1\" \/>\n<link rel=\"canonical\" href=\"https:\/\/petriotgin.com\/hr\/\" \/>\n<meta property=\"og:locale\" content=\"hr_HR\" \/>\n<meta property=\"og:type\" content=\"article\" \/>\n<meta property=\"og:title\" content=\"Petriot gin\" \/>\n<meta property=\"og:description\" content=\"avtenti\u010dni slovenski gin\" \/>\n<meta property=\"og:url\" content=\"https:\/\/petriotgin.com\/hr\/\" \/>\n<meta property=\"og:site_name\" content=\"Destilerija Petriot\" \/>\n<meta property=\"article:publisher\" content=\"https:\/\/www.facebook.com\/PetriotGin\" \/>\n<meta property=\"article:modified_time\" content=\"2023-02-14T07:16:22+00:00\" \/>\n<meta property=\"og:image\" content=\"https:\/\/petriotgin.com\/wp-content\/uploads\/2021\/02\/Petriot_profil.png\" \/>\n\t<meta property=\"og:image:width\" content=\"1042\" \/>\n\t<meta property=\"og:image:height\" content=\"1042\" \/>\n\t<meta property=\"og:image:type\" content=\"image\/png\" \/>\n<meta name=\"twitter:card\" content=\"summary_large_image\" \/>\n<meta name=\"twitter:title\" content=\"Petriot gin\" \/>\n<meta name=\"twitter:description\" content=\"avtenti\u010dni slovenski gin\" \/>\n<meta name=\"twitter:image\" content=\"https:\/\/petriotgin.com\/wp-content\/uploads\/2021\/02\/Petriot_profil.png\" \/>\n<meta name=\"twitter:label1\" content=\"Procijenjeno vrijeme \u010ditanja\" \/>\n\t<meta name=\"twitter:data1\" content=\"1 minuta\" \/>\n<script type=\"application\/ld+json\" class=\"yoast-schema-graph\">{\"@context\":\"https:\\\/\\\/schema.org\",\"@graph\":[{\"@type\":\"WebPage\",\"@id\":\"https:\\\/\\\/petriotgin.com\\\/hr\\\/\",\"url\":\"https:\\\/\\\/petriotgin.com\\\/hr\\\/\",\"name\":\"Petriot Gin | 100% autenti\u010dni slovenski craft gin\",\"isPartOf\":{\"@id\":\"https:\\\/\\\/petriotgin.com\\\/hr\\\/#website\"},\"datePublished\":\"2020-11-27T09:16:38+00:00\",\"dateModified\":\"2023-02-14T07:16:22+00:00\",\"description\":\"Koji je craft gin najboli? Odgovorite tek, kada okusite bobi\u010dasto vo\u0107e i botaniku slovenskog krajolika isprepletene u autenti\u010dnom okusu gina.\",\"breadcrumb\":{\"@id\":\"https:\\\/\\\/petriotgin.com\\\/hr\\\/#breadcrumb\"},\"inLanguage\":\"hr\",\"potentialAction\":[{\"@type\":\"ReadAction\",\"target\":[\"https:\\\/\\\/petriotgin.com\\\/hr\\\/\"]}]},{\"@type\":\"BreadcrumbList\",\"@id\":\"https:\\\/\\\/petriotgin.com\\\/hr\\\/#breadcrumb\",\"itemListElement\":[{\"@type\":\"ListItem\",\"position\":1,\"name\":\"Po\u010detna\",\"item\":\"https:\\\/\\\/petriotgin.com\\\/hr\\\/\"},{\"@type\":\"ListItem\",\"position\":2,\"name\":\"Po\u010detna\"}]},{\"@type\":\"WebSite\",\"@id\":\"https:\\\/\\\/petriotgin.com\\\/hr\\\/#website\",\"url\":\"https:\\\/\\\/petriotgin.com\\\/hr\\\/\",\"name\":\"Petriot Gin\",\"description\":\"Petriot Distillery, Slovenia\",\"publisher\":{\"@id\":\"https:\\\/\\\/petriotgin.com\\\/hr\\\/#organization\"},\"alternateName\":\"Petriot distillery\",\"potentialAction\":[{\"@type\":\"SearchAction\",\"target\":{\"@type\":\"EntryPoint\",\"urlTemplate\":\"https:\\\/\\\/petriotgin.com\\\/hr\\\/?s={search_term_string}\"},\"query-input\":{\"@type\":\"PropertyValueSpecification\",\"valueRequired\":true,\"valueName\":\"search_term_string\"}}],\"inLanguage\":\"hr\"},{\"@type\":\"Organization\",\"@id\":\"https:\\\/\\\/petriotgin.com\\\/hr\\\/#organization\",\"name\":\"Petriot d.o.o.\",\"alternateName\":\"Petriot Distillery\",\"url\":\"https:\\\/\\\/petriotgin.com\\\/hr\\\/\",\"logo\":{\"@type\":\"ImageObject\",\"inLanguage\":\"hr\",\"@id\":\"https:\\\/\\\/petriotgin.com\\\/hr\\\/#\\\/schema\\\/logo\\\/image\\\/\",\"url\":\"https:\\\/\\\/petriotgin.com\\\/wp-content\\\/uploads\\\/2021\\\/02\\\/Petriot_profil.png\",\"contentUrl\":\"https:\\\/\\\/petriotgin.com\\\/wp-content\\\/uploads\\\/2021\\\/02\\\/Petriot_profil.png\",\"width\":1042,\"height\":1042,\"caption\":\"Petriot d.o.o.\"},\"image\":{\"@id\":\"https:\\\/\\\/petriotgin.com\\\/hr\\\/#\\\/schema\\\/logo\\\/image\\\/\"},\"sameAs\":[\"https:\\\/\\\/www.facebook.com\\\/PetriotGin\",\"https:\\\/\\\/www.instagram.com\\\/petriotgin\\\/\",\"https:\\\/\\\/www.linkedin.com\\\/company\\\/petriot-distillery\"],\"email\":\"ilove@petriotgin.com\",\"telephone\":\"+386 40 75 99 49\",\"legalName\":\"Petriot Distillery\",\"vatID\":\"84583185\",\"taxID\":\"SI84583185\",\"numberOfEmployees\":{\"@type\":\"QuantitativeValue\",\"minValue\":\"1\",\"maxValue\":\"10\"}}]}<\/script>\n<!-- \/ Yoast SEO Premium plugin. -->","yoast_head_json":{"title":"Petriot Gin | 100% autenti\u010dni slovenski craft gin","description":"Koji je craft gin najboli? Odgovorite tek, kada okusite bobi\u010dasto vo\u0107e i botaniku slovenskog krajolika isprepletene u autenti\u010dnom okusu gina.","robots":{"index":"index","follow":"follow","max-snippet":"max-snippet:-1","max-image-preview":"max-image-preview:large","max-video-preview":"max-video-preview:-1"},"canonical":"https:\/\/petriotgin.com\/hr\/","og_locale":"hr_HR","og_type":"article","og_title":"Petriot gin","og_description":"avtenti\u010dni slovenski gin","og_url":"https:\/\/petriotgin.com\/hr\/","og_site_name":"Destilerija Petriot","article_publisher":"https:\/\/www.facebook.com\/PetriotGin","article_modified_time":"2023-02-14T07:16:22+00:00","og_image":[{"width":1042,"height":1042,"url":"https:\/\/petriotgin.com\/wp-content\/uploads\/2021\/02\/Petriot_profil.png","type":"image\/png"}],"twitter_card":"summary_large_image","twitter_title":"Petriot gin","twitter_description":"avtenti\u010dni slovenski gin","twitter_image":"https:\/\/petriotgin.com\/wp-content\/uploads\/2021\/02\/Petriot_profil.png","twitter_misc":{"Procijenjeno vrijeme \u010ditanja":"1 minuta"},"schema":{"@context":"https:\/\/schema.org","@graph":[{"@type":"WebPage","@id":"https:\/\/petriotgin.com\/hr\/","url":"https:\/\/petriotgin.com\/hr\/","name":"Petriot Gin | 100% autenti\u010dni slovenski craft gin","isPartOf":{"@id":"https:\/\/petriotgin.com\/hr\/#website"},"datePublished":"2020-11-27T09:16:38+00:00","dateModified":"2023-02-14T07:16:22+00:00","description":"Koji je craft gin najboli? Odgovorite tek, kada okusite bobi\u010dasto vo\u0107e i botaniku slovenskog krajolika isprepletene u autenti\u010dnom okusu gina.","breadcrumb":{"@id":"https:\/\/petriotgin.com\/hr\/#breadcrumb"},"inLanguage":"hr","potentialAction":[{"@type":"ReadAction","target":["https:\/\/petriotgin.com\/hr\/"]}]},{"@type":"BreadcrumbList","@id":"https:\/\/petriotgin.com\/hr\/#breadcrumb","itemListElement":[{"@type":"ListItem","position":1,"name":"Po\u010detna","item":"https:\/\/petriotgin.com\/hr\/"},{"@type":"ListItem","position":2,"name":"Po\u010detna"}]},{"@type":"WebSite","@id":"https:\/\/petriotgin.com\/hr\/#website","url":"https:\/\/petriotgin.com\/hr\/","name":"Petriot Gin","description":"Petriot Distillery, Slovenia","publisher":{"@id":"https:\/\/petriotgin.com\/hr\/#organization"},"alternateName":"Petriot distillery","potentialAction":[{"@type":"SearchAction","target":{"@type":"EntryPoint","urlTemplate":"https:\/\/petriotgin.com\/hr\/?s={search_term_string}"},"query-input":{"@type":"PropertyValueSpecification","valueRequired":true,"valueName":"search_term_string"}}],"inLanguage":"hr"},{"@type":"Organization","@id":"https:\/\/petriotgin.com\/hr\/#organization","name":"Petriot d.o.o.","alternateName":"Petriot Distillery","url":"https:\/\/petriotgin.com\/hr\/","logo":{"@type":"ImageObject","inLanguage":"hr","@id":"https:\/\/petriotgin.com\/hr\/#\/schema\/logo\/image\/","url":"https:\/\/petriotgin.com\/wp-content\/uploads\/2021\/02\/Petriot_profil.png","contentUrl":"https:\/\/petriotgin.com\/wp-content\/uploads\/2021\/02\/Petriot_profil.png","width":1042,"height":1042,"caption":"Petriot d.o.o."},"image":{"@id":"https:\/\/petriotgin.com\/hr\/#\/schema\/logo\/image\/"},"sameAs":["https:\/\/www.facebook.com\/PetriotGin","https:\/\/www.instagram.com\/petriotgin\/","https:\/\/www.linkedin.com\/company\/petriot-distillery"],"email":"ilove@petriotgin.com","telephone":"+386 40 75 99 49","legalName":"Petriot Distillery","vatID":"84583185","taxID":"SI84583185","numberOfEmployees":{"@type":"QuantitativeValue","minValue":"1","maxValue":"10"}}]}},"_links":{"self":[{"href":"https:\/\/petriotgin.com\/hr\/wp-json\/wp\/v2\/pages\/3292","targetHints":{"allow":["GET"]}}],"collection":[{"href":"https:\/\/petriotgin.com\/hr\/wp-json\/wp\/v2\/pages"}],"about":[{"href":"https:\/\/petriotgin.com\/hr\/wp-json\/wp\/v2\/types\/page"}],"author":[{"embeddable":true,"href":"https:\/\/petriotgin.com\/hr\/wp-json\/wp\/v2\/users\/1"}],"replies":[{"embeddable":true,"href":"https:\/\/petriotgin.com\/hr\/wp-json\/wp\/v2\/comments?post=3292"}],"version-history":[{"count":6,"href":"https:\/\/petriotgin.com\/hr\/wp-json\/wp\/v2\/pages\/3292\/revisions"}],"predecessor-version":[{"id":3859,"href":"https:\/\/petriotgin.com\/hr\/wp-json\/wp\/v2\/pages\/3292\/revisions\/3859"}],"wp:attachment":[{"href":"https:\/\/petriotgin.com\/hr\/wp-json\/wp\/v2\/media?parent=3292"}],"curies":[{"name":"wp","href":"https:\/\/api.w.org\/{rel}","templated":true}]}}