{"id":3296,"date":"2020-11-27T11:35:11","date_gmt":"2020-11-27T10:35:11","guid":{"rendered":"https:\/\/petriotgin.com\/nasa-zgodba\/"},"modified":"2021-12-31T08:11:47","modified_gmt":"2021-12-31T07:11:47","slug":"nasa-prica","status":"publish","type":"page","link":"https:\/\/petriotgin.com\/hr\/nasa-prica\/","title":{"rendered":"Na\u0161a pri\u010da"},"content":{"rendered":"<div class=\"wp1200\">\n<h1>Na\u0161a pri\u010da<\/h1>\n<\/div>\n\n\n<div id=\"header_image_text_block-block_602e699c3022b\" class=\"\">\n    <div class=\"textPad\">\n\t\t            <h2 class=\"mainTitle\"> <\/h2>\n            <hr class=\"grey\">\n\t\t\t\t            <p class=\"shortText\">Destilerija Petriot, dom d\u017eina Petriota, vu\u010de svoje korijene do Bele krajine (Slovenija). Osniva\u010d destilerije Jurij Petruna potje\u010de iz Bele krajine, po obrazovanju je IT profesionalac te istovremeno ljubitelj i poznavatelj d\u017eina.<\/p>\n\t\t    <\/div>\n\t        <div class=\"imageBlock h570 halfTextImage\" style=\"background: url('https:\/\/petriotgin.com\/wp-content\/uploads\/2021\/02\/O_GIN_product3052@2-scaled.jpg') no-repeat top center; background-size: cover;\">\n\t\t\t                <p class=\"sideText resposnsiveHidden\">Jurijev prvi kontakt s d\u017einom bila je ljubav na prvi pogled, autenti\u010dna i duboka, ona koja se ne pu\u0161ta lako. Jurij je tijekom godina mnogo vremena posvetio d\u017einu prou\u010davaju\u0107i proces proizvodnje, educiraju\u0107i se i istra\u017euju\u0107i arome u potrazi za novim kombinacijama biljaka. Ve\u0107 njegove probne serije d\u017eina bile su neobi\u010dna kombinacija okusa koja je impresionirala njegove prijatelje. Stoga je njegova odluka da svoju strast pretvori u otvaranje vlastite destilerije Petriot bila jednostavna. \r\n<\/p>\n\t\t\t        <\/div>\n                        <p class=\"sideText responsiveDisplay\">Jurijev prvi kontakt s d\u017einom bila je ljubav na prvi pogled, autenti\u010dna i duboka, ona koja se ne pu\u0161ta lako. Jurij je tijekom godina mnogo vremena posvetio d\u017einu prou\u010davaju\u0107i proces proizvodnje, educiraju\u0107i se i istra\u017euju\u0107i arome u potrazi za novim kombinacijama biljaka. Ve\u0107 njegove probne serije d\u017eina bile su neobi\u010dna kombinacija okusa koja je impresionirala njegove prijatelje. Stoga je njegova odluka da svoju strast pretvori u otvaranje vlastite destilerije Petriot bila jednostavna. \r\n<\/p>\n\t\t\t\t\n\t        <div class=\"buttonContainer\">\n            <a href=\"\/otkrij-okuse\" class=\"goldButton\">Idi u trgovinu<\/a>\n        <\/div>\n\t<\/div>\n\n\n<div id=\"header_block-block_5fea17a1dc45e\" class=\"\">\n    <div class=\"textPad\">\n\t\t\t\t            <p class=\"shortText\">Vsaka serija ginov Petriot je poklon slovenski pokrajini, dedi\u0161\u010dini in tradiciji.\r\n<\/p>\n\t\t\n\t\t    <\/div>\n\t        <div class=\"imageBlock h570\" style=\"background: url('https:\/\/petriotgin.com\/wp-content\/uploads\/2021\/02\/iStock-1235367947@2-scaled.jpg') no-repeat center; background-size: cover;\"><\/div>\n\t\n\t        <div class=\"flex wp1200 rightContent\">\n            <div class=\"text\">\n\t\t\t\t<p>Inspiraciju za d\u017ein Petriot prona\u0161li smo u raznolikom slovenskom krajoliku. To su breze Bele krajine, prekmurske ravnice, osun\u010dani kra\u0161ki kraj i miris sijena u o\u0161trom alpskom zraku. Prekrasno bobi\u010dasto vo\u0107e i botanika slovenskog krajolika isprepleteni su u autenti\u010dnom okusu na\u0161ih d\u017einova.<\/p>\n            <\/div>\n        <\/div>\n\t<\/div>\n\n\n<div id=\"header_block-block_5fea17dcdc45f\" class=\"\">\n    <div class=\"textPad\">\n\t\t            <h2 class=\"\">Destilerija<\/h2>\n            <hr class=\"grey\">\n\t\t\t\t            <p class=\"shortText\">Mi smo slovenska mikro destilerija kvalitetnih d\u017einova. Za razvoj i proizvodnju na\u0161eg d\u017eina koristimo nekoliko kotlova renomiranih europskih proizvo\u0111a\u010da.\r\n<\/p>\n\t\t\n\t\t    <\/div>\n\t        <div class=\"imageBlock h570\" style=\"background: url('https:\/\/petriotgin.com\/wp-content\/uploads\/2021\/02\/GIN_product3139@2-scaled.jpg') no-repeat center; background-size: cover;\"><\/div>\n\t\n\t        <div class=\"flex wp1200 rightContent\">\n            <div class=\"text\">\n\t\t\t\t<p>Dok se cijeli proizvodni proces \u2013 od odabira sirovina, vaganja, do pakiranja proizvoda \u2013 odvija ru\u010dno, svi koraci u procesu destilacije su automatizirani. Kori\u0161tenjem automatizacije osiguravamo kvalitetu na\u0161ih proizvoda.<\/p>\n            <\/div>\n        <\/div>\n\t<\/div>\n\n\n<hr class=\"wp-block-separator is-style-wide\"\/>\n\n\n\n<div id=\"header_block-block_5fea1820dc460\" class=\"\">\n    <div class=\"textPad\">\n\t\t            <h2 class=\"\">Razvoj novog okusa traje nekoliko mjeseci<\/h2>\n            <hr class=\"grey\">\n\t\t\t\t            <p class=\"shortText\">Na\u0161e klju\u010dna usmjerenja u proizvodnji d\u017eina jesu:<\/p>\n\t\t\n\t\t    <\/div>\n\t\n\t<\/div>\n\n\n<div id=\"two_columns_padded_block-block_602a4ca72e668\" class=\"tasteDevelopment\">\n    <div class=\"flex\">\n        <div class=\"col1_2 h386\" id=\"left\"\n             style=\"background: url('https:\/\/petriotgin.com\/wp-content\/uploads\/2021\/02\/gin_zacimbe.jpg') no-repeat center; background-size: cover;\">\n\n        <\/div>\n        <div class=\"col1_2\" id=\"right\">\n\t\t\t<ul>\n<li><strong>sustavnost<\/strong> koja nam daje mogu\u0107nost analiti\u010dkog pristupa, a time i to\u010dne kontrole kvalitete zavr\u0161nog proizvoda,<\/li>\n<li><strong>prirodni ekolo\u0161ki sastojci<\/strong>, bez ikakvih aditiva ili drugih umjetnih dodataka. Okus d\u017eina oblikuju ekstrakti potpuno prirodnih aroma iz ekolo\u0161ki uzgojenog vo\u0107a i biljaka.<\/li>\n<\/ul>\n        <\/div>\n    <\/div>\n<\/div>\n\n\n<p><\/p>\n","protected":false},"excerpt":{"rendered":"<p>Na\u0161a pri\u010da<\/p>\n","protected":false},"author":1,"featured_media":0,"parent":0,"menu_order":0,"comment_status":"closed","ping_status":"closed","template":"","meta":{"_acf_changed":false,"footnotes":""},"class_list":["post-3296","page","type-page","status-publish","hentry"],"acf":[],"yoast_head":"<!-- This site is optimized with the Yoast SEO Premium plugin v23.9 (Yoast SEO v27.3) - https:\/\/yoast.com\/product\/yoast-seo-premium-wordpress\/ -->\n<title>Na\u0161a pri\u010da - Destilerija Petriot<\/title>\n<meta name=\"description\" content=\"Mlada slovenska craft destilarna je odprla svoja vrata pomladi 2021 in se takoj predstavila z vrhunsko ocenjenim slovenskim ginom.\" \/>\n<meta name=\"robots\" content=\"index, follow, max-snippet:-1, max-image-preview:large, max-video-preview:-1\" \/>\n<link rel=\"canonical\" href=\"https:\/\/petriotgin.com\/hr\/nasa-prica\/\" \/>\n<meta property=\"og:locale\" content=\"hr_HR\" \/>\n<meta property=\"og:type\" content=\"article\" \/>\n<meta property=\"og:title\" content=\"Na\u0161a pri\u010da\" \/>\n<meta property=\"og:description\" content=\"Mlada slovenska craft destilarna je odprla svoja vrata pomladi 2021 in se takoj predstavila z vrhunsko ocenjenim slovenskim ginom.\" \/>\n<meta property=\"og:url\" content=\"https:\/\/petriotgin.com\/hr\/nasa-prica\/\" \/>\n<meta property=\"og:site_name\" content=\"Destilerija Petriot\" \/>\n<meta property=\"article:publisher\" content=\"https:\/\/www.facebook.com\/PetriotGin\" \/>\n<meta property=\"article:modified_time\" content=\"2021-12-31T07:11:47+00:00\" \/>\n<meta property=\"og:image\" content=\"https:\/\/petriotgin.com\/wp-content\/uploads\/2021\/02\/Petriot_profil.png\" \/>\n\t<meta property=\"og:image:width\" content=\"1042\" \/>\n\t<meta property=\"og:image:height\" content=\"1042\" \/>\n\t<meta property=\"og:image:type\" content=\"image\/png\" \/>\n<meta name=\"twitter:card\" content=\"summary_large_image\" \/>\n<meta name=\"twitter:label1\" content=\"Procijenjeno vrijeme \u010ditanja\" \/>\n\t<meta name=\"twitter:data1\" content=\"1 minuta\" \/>\n<script type=\"application\/ld+json\" class=\"yoast-schema-graph\">{\"@context\":\"https:\\\/\\\/schema.org\",\"@graph\":[{\"@type\":\"WebPage\",\"@id\":\"https:\\\/\\\/petriotgin.com\\\/hr\\\/nasa-prica\\\/\",\"url\":\"https:\\\/\\\/petriotgin.com\\\/hr\\\/nasa-prica\\\/\",\"name\":\"Na\u0161a pri\u010da - Destilerija Petriot\",\"isPartOf\":{\"@id\":\"https:\\\/\\\/petriotgin.com\\\/hr\\\/#website\"},\"datePublished\":\"2020-11-27T10:35:11+00:00\",\"dateModified\":\"2021-12-31T07:11:47+00:00\",\"description\":\"Mlada slovenska craft destilarna je odprla svoja vrata pomladi 2021 in se takoj predstavila z vrhunsko ocenjenim slovenskim ginom.\",\"breadcrumb\":{\"@id\":\"https:\\\/\\\/petriotgin.com\\\/hr\\\/nasa-prica\\\/#breadcrumb\"},\"inLanguage\":\"hr\",\"potentialAction\":[{\"@type\":\"ReadAction\",\"target\":[\"https:\\\/\\\/petriotgin.com\\\/hr\\\/nasa-prica\\\/\"]}]},{\"@type\":\"BreadcrumbList\",\"@id\":\"https:\\\/\\\/petriotgin.com\\\/hr\\\/nasa-prica\\\/#breadcrumb\",\"itemListElement\":[{\"@type\":\"ListItem\",\"position\":1,\"name\":\"Po\u010detna\",\"item\":\"https:\\\/\\\/petriotgin.com\\\/hr\\\/\"},{\"@type\":\"ListItem\",\"position\":2,\"name\":\"Na\u0161a pri\u010da\"}]},{\"@type\":\"WebSite\",\"@id\":\"https:\\\/\\\/petriotgin.com\\\/hr\\\/#website\",\"url\":\"https:\\\/\\\/petriotgin.com\\\/hr\\\/\",\"name\":\"Petriot Gin\",\"description\":\"Petriot Distillery, Slovenia\",\"publisher\":{\"@id\":\"https:\\\/\\\/petriotgin.com\\\/hr\\\/#organization\"},\"alternateName\":\"Petriot distillery\",\"potentialAction\":[{\"@type\":\"SearchAction\",\"target\":{\"@type\":\"EntryPoint\",\"urlTemplate\":\"https:\\\/\\\/petriotgin.com\\\/hr\\\/?s={search_term_string}\"},\"query-input\":{\"@type\":\"PropertyValueSpecification\",\"valueRequired\":true,\"valueName\":\"search_term_string\"}}],\"inLanguage\":\"hr\"},{\"@type\":\"Organization\",\"@id\":\"https:\\\/\\\/petriotgin.com\\\/hr\\\/#organization\",\"name\":\"Petriot d.o.o.\",\"alternateName\":\"Petriot Distillery\",\"url\":\"https:\\\/\\\/petriotgin.com\\\/hr\\\/\",\"logo\":{\"@type\":\"ImageObject\",\"inLanguage\":\"hr\",\"@id\":\"https:\\\/\\\/petriotgin.com\\\/hr\\\/#\\\/schema\\\/logo\\\/image\\\/\",\"url\":\"https:\\\/\\\/petriotgin.com\\\/wp-content\\\/uploads\\\/2021\\\/02\\\/Petriot_profil.png\",\"contentUrl\":\"https:\\\/\\\/petriotgin.com\\\/wp-content\\\/uploads\\\/2021\\\/02\\\/Petriot_profil.png\",\"width\":1042,\"height\":1042,\"caption\":\"Petriot d.o.o.\"},\"image\":{\"@id\":\"https:\\\/\\\/petriotgin.com\\\/hr\\\/#\\\/schema\\\/logo\\\/image\\\/\"},\"sameAs\":[\"https:\\\/\\\/www.facebook.com\\\/PetriotGin\",\"https:\\\/\\\/www.instagram.com\\\/petriotgin\\\/\",\"https:\\\/\\\/www.linkedin.com\\\/company\\\/petriot-distillery\"],\"email\":\"ilove@petriotgin.com\",\"telephone\":\"+386 40 75 99 49\",\"legalName\":\"Petriot Distillery\",\"vatID\":\"84583185\",\"taxID\":\"SI84583185\",\"numberOfEmployees\":{\"@type\":\"QuantitativeValue\",\"minValue\":\"1\",\"maxValue\":\"10\"}}]}<\/script>\n<!-- \/ Yoast SEO Premium plugin. -->","yoast_head_json":{"title":"Na\u0161a pri\u010da - Destilerija Petriot","description":"Mlada slovenska craft destilarna je odprla svoja vrata pomladi 2021 in se takoj predstavila z vrhunsko ocenjenim slovenskim ginom.","robots":{"index":"index","follow":"follow","max-snippet":"max-snippet:-1","max-image-preview":"max-image-preview:large","max-video-preview":"max-video-preview:-1"},"canonical":"https:\/\/petriotgin.com\/hr\/nasa-prica\/","og_locale":"hr_HR","og_type":"article","og_title":"Na\u0161a pri\u010da","og_description":"Mlada slovenska craft destilarna je odprla svoja vrata pomladi 2021 in se takoj predstavila z vrhunsko ocenjenim slovenskim ginom.","og_url":"https:\/\/petriotgin.com\/hr\/nasa-prica\/","og_site_name":"Destilerija Petriot","article_publisher":"https:\/\/www.facebook.com\/PetriotGin","article_modified_time":"2021-12-31T07:11:47+00:00","og_image":[{"width":1042,"height":1042,"url":"https:\/\/petriotgin.com\/wp-content\/uploads\/2021\/02\/Petriot_profil.png","type":"image\/png"}],"twitter_card":"summary_large_image","twitter_misc":{"Procijenjeno vrijeme \u010ditanja":"1 minuta"},"schema":{"@context":"https:\/\/schema.org","@graph":[{"@type":"WebPage","@id":"https:\/\/petriotgin.com\/hr\/nasa-prica\/","url":"https:\/\/petriotgin.com\/hr\/nasa-prica\/","name":"Na\u0161a pri\u010da - Destilerija Petriot","isPartOf":{"@id":"https:\/\/petriotgin.com\/hr\/#website"},"datePublished":"2020-11-27T10:35:11+00:00","dateModified":"2021-12-31T07:11:47+00:00","description":"Mlada slovenska craft destilarna je odprla svoja vrata pomladi 2021 in se takoj predstavila z vrhunsko ocenjenim slovenskim ginom.","breadcrumb":{"@id":"https:\/\/petriotgin.com\/hr\/nasa-prica\/#breadcrumb"},"inLanguage":"hr","potentialAction":[{"@type":"ReadAction","target":["https:\/\/petriotgin.com\/hr\/nasa-prica\/"]}]},{"@type":"BreadcrumbList","@id":"https:\/\/petriotgin.com\/hr\/nasa-prica\/#breadcrumb","itemListElement":[{"@type":"ListItem","position":1,"name":"Po\u010detna","item":"https:\/\/petriotgin.com\/hr\/"},{"@type":"ListItem","position":2,"name":"Na\u0161a pri\u010da"}]},{"@type":"WebSite","@id":"https:\/\/petriotgin.com\/hr\/#website","url":"https:\/\/petriotgin.com\/hr\/","name":"Petriot Gin","description":"Petriot Distillery, Slovenia","publisher":{"@id":"https:\/\/petriotgin.com\/hr\/#organization"},"alternateName":"Petriot distillery","potentialAction":[{"@type":"SearchAction","target":{"@type":"EntryPoint","urlTemplate":"https:\/\/petriotgin.com\/hr\/?s={search_term_string}"},"query-input":{"@type":"PropertyValueSpecification","valueRequired":true,"valueName":"search_term_string"}}],"inLanguage":"hr"},{"@type":"Organization","@id":"https:\/\/petriotgin.com\/hr\/#organization","name":"Petriot d.o.o.","alternateName":"Petriot Distillery","url":"https:\/\/petriotgin.com\/hr\/","logo":{"@type":"ImageObject","inLanguage":"hr","@id":"https:\/\/petriotgin.com\/hr\/#\/schema\/logo\/image\/","url":"https:\/\/petriotgin.com\/wp-content\/uploads\/2021\/02\/Petriot_profil.png","contentUrl":"https:\/\/petriotgin.com\/wp-content\/uploads\/2021\/02\/Petriot_profil.png","width":1042,"height":1042,"caption":"Petriot d.o.o."},"image":{"@id":"https:\/\/petriotgin.com\/hr\/#\/schema\/logo\/image\/"},"sameAs":["https:\/\/www.facebook.com\/PetriotGin","https:\/\/www.instagram.com\/petriotgin\/","https:\/\/www.linkedin.com\/company\/petriot-distillery"],"email":"ilove@petriotgin.com","telephone":"+386 40 75 99 49","legalName":"Petriot Distillery","vatID":"84583185","taxID":"SI84583185","numberOfEmployees":{"@type":"QuantitativeValue","minValue":"1","maxValue":"10"}}]}},"_links":{"self":[{"href":"https:\/\/petriotgin.com\/hr\/wp-json\/wp\/v2\/pages\/3296","targetHints":{"allow":["GET"]}}],"collection":[{"href":"https:\/\/petriotgin.com\/hr\/wp-json\/wp\/v2\/pages"}],"about":[{"href":"https:\/\/petriotgin.com\/hr\/wp-json\/wp\/v2\/types\/page"}],"author":[{"embeddable":true,"href":"https:\/\/petriotgin.com\/hr\/wp-json\/wp\/v2\/users\/1"}],"replies":[{"embeddable":true,"href":"https:\/\/petriotgin.com\/hr\/wp-json\/wp\/v2\/comments?post=3296"}],"version-history":[{"count":14,"href":"https:\/\/petriotgin.com\/hr\/wp-json\/wp\/v2\/pages\/3296\/revisions"}],"predecessor-version":[{"id":3500,"href":"https:\/\/petriotgin.com\/hr\/wp-json\/wp\/v2\/pages\/3296\/revisions\/3500"}],"wp:attachment":[{"href":"https:\/\/petriotgin.com\/hr\/wp-json\/wp\/v2\/media?parent=3296"}],"curies":[{"name":"wp","href":"https:\/\/api.w.org\/{rel}","templated":true}]}}