{"id":3299,"date":"2020-11-27T11:35:39","date_gmt":"2020-11-27T10:35:39","guid":{"rendered":"https:\/\/petriotgin.com\/odkrij-okuse\/"},"modified":"2023-05-05T19:48:49","modified_gmt":"2023-05-05T17:48:49","slug":"odkrij-okuse","status":"publish","type":"page","link":"https:\/\/petriotgin.com\/hr\/odkrij-okuse\/","title":{"rendered":"Otkrij okuse"},"content":{"rendered":"<div class=\"wp1200\">\n<h1>Otkrij okuse<\/h1>\n<\/div>\n\n\n<div id=\"header_block-block_6a3221e609e5a23a5f58bd9643383d22\" class=\"\">\n    <div class=\"textPad\">\n\t\t            <h2 class=\"mainTitle\"> <\/h2>\n            <hr class=\"grey\">\n\t\t\t\t            <p class=\"shortText\">Autenti\u010dni slovenski d\u017ein u pa\u017eljivo odabranim jedinstvenim okusima. Nije va\u017eno jeste li poznavatelj d\u017eina ili ne. Sve \u0161to trebate u\u010diniti je pratiti svoja \u010dula i odvoditi vrijeme. Ne morate nigdje niti i\u0107i. U\u017eivajte ovdje, u ovom trenutku, u okusu, mirisu i okusu na\u0161ih d\u017eina.<\/p>\n\t\t\n\t\t    <\/div>\n\t\n\t        <div class=\"flex wp1200 rightContent\">\n            <div class=\"text\">\n\t\t\t\t<p>Svaka na\u0161a boca puna je sun\u010deve svjetlosti koja zra\u010di pomno odabranim bobicama kleke s kr\u0161a. U d\u017ein dodajemo biljne sastojeke prona\u0111ene u Sloveniji i na taj na\u010din sla\u017eemo originalne kombinacije okusa.<\/p>\n            <\/div>\n        <\/div>\n\t<\/div>\n\n\n<div id=\"category_block-block_e487927c60d73bd327e332e492b585fb\" class=\"category\">\n    <hr class=\"borderTop\"\/>\n    <div class=\"textPad\">\n        <h2>Bela krajina<\/h2>\n        <hr class=\"grey\"\/>\n        <p class=\"shortText\">Kot se za Belokranjca spodobi je na\u0161a prva serija ginov poklon Beli Krajini, in sicer z dvema ginoma: Zeleni Jurij in Lepa Anka. Tako Zeleni Jurij kot Lepa Anka sta prepoznavna lika iz belokranjske folklore, ki sta tesno vpeta v \u017eivljenje Belokranjcev \u0161e dandanes.<\/p>\n    <\/div>\n    <div class=\"imageBlock h338\"\n         style=\"background: url('https:\/\/petriotgin.com\/wp-content\/uploads\/2021\/02\/iStock-513488016@2-scaled-1024x288.jpg') no-repeat center; background-size: cover;\"><\/div>\n    <div id=\"categoryImage\">\n        <img decoding=\"async\" src=\"https:\/\/petriotgin.com\/wp-content\/uploads\/2021\/02\/GIN_bottle_700ml-02@2.png\"\/>\n        <a href=\"https:\/\/petriotgin.com\/hr\/kategorija\/gin\/serija-bela-krajina\/\" class=\"goldButton\">\n\t\t\tSaznaj vi\u0161e        <\/a>\n    <\/div>\n<\/div>","protected":false},"excerpt":{"rendered":"<p>Otkrij okuse<\/p>\n","protected":false},"author":1,"featured_media":0,"parent":0,"menu_order":0,"comment_status":"closed","ping_status":"closed","template":"","meta":{"_acf_changed":false,"footnotes":""},"class_list":["post-3299","page","type-page","status-publish","hentry"],"acf":[],"yoast_head":"<!-- This site is optimized with the Yoast SEO Premium plugin v23.9 (Yoast SEO v27.4) - https:\/\/yoast.com\/product\/yoast-seo-premium-wordpress\/ -->\n<title>Otkrij okuse - Destilerija Petriot<\/title>\n<meta name=\"description\" content=\"Sa na\u0161ima autenti\u010dnima slovenskima ginova \u017eelimo predstaviti slovenske krajolike kroz okuse tipi\u010dne za svaki od njih. Otkrijte okuse!\" \/>\n<meta name=\"robots\" content=\"index, follow, max-snippet:-1, max-image-preview:large, max-video-preview:-1\" \/>\n<link rel=\"canonical\" href=\"https:\/\/petriotgin.com\/hr\/odkrij-okuse\/\" \/>\n<meta property=\"og:locale\" content=\"hr_HR\" \/>\n<meta property=\"og:type\" content=\"article\" \/>\n<meta property=\"og:title\" content=\"Otkrij okuse\" \/>\n<meta property=\"og:description\" content=\"Sa na\u0161ima autenti\u010dnima slovenskima ginova \u017eelimo predstaviti slovenske krajolike kroz okuse tipi\u010dne za svaki od njih. Otkrijte okuse!\" \/>\n<meta property=\"og:url\" content=\"https:\/\/petriotgin.com\/hr\/odkrij-okuse\/\" \/>\n<meta property=\"og:site_name\" content=\"Destilerija Petriot\" \/>\n<meta property=\"article:publisher\" content=\"https:\/\/www.facebook.com\/PetriotGin\" \/>\n<meta property=\"article:modified_time\" content=\"2023-05-05T17:48:49+00:00\" \/>\n<meta property=\"og:image\" content=\"https:\/\/petriotgin.com\/wp-content\/uploads\/2021\/02\/Petriot_profil.png\" \/>\n\t<meta property=\"og:image:width\" content=\"1042\" \/>\n\t<meta property=\"og:image:height\" content=\"1042\" \/>\n\t<meta property=\"og:image:type\" content=\"image\/png\" \/>\n<meta name=\"twitter:card\" content=\"summary_large_image\" \/>\n<meta name=\"twitter:label1\" content=\"Procijenjeno vrijeme \u010ditanja\" \/>\n\t<meta name=\"twitter:data1\" content=\"1 minuta\" \/>\n<script type=\"application\/ld+json\" class=\"yoast-schema-graph\">{\"@context\":\"https:\\\/\\\/schema.org\",\"@graph\":[{\"@type\":\"WebPage\",\"@id\":\"https:\\\/\\\/petriotgin.com\\\/hr\\\/odkrij-okuse\\\/\",\"url\":\"https:\\\/\\\/petriotgin.com\\\/hr\\\/odkrij-okuse\\\/\",\"name\":\"Otkrij okuse - Destilerija Petriot\",\"isPartOf\":{\"@id\":\"https:\\\/\\\/petriotgin.com\\\/hr\\\/#website\"},\"datePublished\":\"2020-11-27T10:35:39+00:00\",\"dateModified\":\"2023-05-05T17:48:49+00:00\",\"description\":\"Sa na\u0161ima autenti\u010dnima slovenskima ginova \u017eelimo predstaviti slovenske krajolike kroz okuse tipi\u010dne za svaki od njih. Otkrijte okuse!\",\"breadcrumb\":{\"@id\":\"https:\\\/\\\/petriotgin.com\\\/hr\\\/odkrij-okuse\\\/#breadcrumb\"},\"inLanguage\":\"hr\",\"potentialAction\":[{\"@type\":\"ReadAction\",\"target\":[\"https:\\\/\\\/petriotgin.com\\\/hr\\\/odkrij-okuse\\\/\"]}]},{\"@type\":\"BreadcrumbList\",\"@id\":\"https:\\\/\\\/petriotgin.com\\\/hr\\\/odkrij-okuse\\\/#breadcrumb\",\"itemListElement\":[{\"@type\":\"ListItem\",\"position\":1,\"name\":\"Po\u010detna\",\"item\":\"https:\\\/\\\/petriotgin.com\\\/hr\\\/\"},{\"@type\":\"ListItem\",\"position\":2,\"name\":\"Otkrij okuse\"}]},{\"@type\":\"WebSite\",\"@id\":\"https:\\\/\\\/petriotgin.com\\\/hr\\\/#website\",\"url\":\"https:\\\/\\\/petriotgin.com\\\/hr\\\/\",\"name\":\"Petriot Gin\",\"description\":\"Petriot Distillery, Slovenia\",\"publisher\":{\"@id\":\"https:\\\/\\\/petriotgin.com\\\/hr\\\/#organization\"},\"alternateName\":\"Petriot distillery\",\"potentialAction\":[{\"@type\":\"SearchAction\",\"target\":{\"@type\":\"EntryPoint\",\"urlTemplate\":\"https:\\\/\\\/petriotgin.com\\\/hr\\\/?s={search_term_string}\"},\"query-input\":{\"@type\":\"PropertyValueSpecification\",\"valueRequired\":true,\"valueName\":\"search_term_string\"}}],\"inLanguage\":\"hr\"},{\"@type\":\"Organization\",\"@id\":\"https:\\\/\\\/petriotgin.com\\\/hr\\\/#organization\",\"name\":\"Petriot d.o.o.\",\"alternateName\":\"Petriot Distillery\",\"url\":\"https:\\\/\\\/petriotgin.com\\\/hr\\\/\",\"logo\":{\"@type\":\"ImageObject\",\"inLanguage\":\"hr\",\"@id\":\"https:\\\/\\\/petriotgin.com\\\/hr\\\/#\\\/schema\\\/logo\\\/image\\\/\",\"url\":\"https:\\\/\\\/petriotgin.com\\\/wp-content\\\/uploads\\\/2021\\\/02\\\/Petriot_profil.png\",\"contentUrl\":\"https:\\\/\\\/petriotgin.com\\\/wp-content\\\/uploads\\\/2021\\\/02\\\/Petriot_profil.png\",\"width\":1042,\"height\":1042,\"caption\":\"Petriot d.o.o.\"},\"image\":{\"@id\":\"https:\\\/\\\/petriotgin.com\\\/hr\\\/#\\\/schema\\\/logo\\\/image\\\/\"},\"sameAs\":[\"https:\\\/\\\/www.facebook.com\\\/PetriotGin\",\"https:\\\/\\\/www.instagram.com\\\/petriotgin\\\/\",\"https:\\\/\\\/www.linkedin.com\\\/company\\\/petriot-distillery\"],\"email\":\"ilove@petriotgin.com\",\"telephone\":\"+386 40 75 99 49\",\"legalName\":\"Petriot Distillery\",\"vatID\":\"84583185\",\"taxID\":\"SI84583185\",\"numberOfEmployees\":{\"@type\":\"QuantitativeValue\",\"minValue\":\"1\",\"maxValue\":\"10\"}}]}<\/script>\n<!-- \/ Yoast SEO Premium plugin. -->","yoast_head_json":{"title":"Otkrij okuse - Destilerija Petriot","description":"Sa na\u0161ima autenti\u010dnima slovenskima ginova \u017eelimo predstaviti slovenske krajolike kroz okuse tipi\u010dne za svaki od njih. Otkrijte okuse!","robots":{"index":"index","follow":"follow","max-snippet":"max-snippet:-1","max-image-preview":"max-image-preview:large","max-video-preview":"max-video-preview:-1"},"canonical":"https:\/\/petriotgin.com\/hr\/odkrij-okuse\/","og_locale":"hr_HR","og_type":"article","og_title":"Otkrij okuse","og_description":"Sa na\u0161ima autenti\u010dnima slovenskima ginova \u017eelimo predstaviti slovenske krajolike kroz okuse tipi\u010dne za svaki od njih. Otkrijte okuse!","og_url":"https:\/\/petriotgin.com\/hr\/odkrij-okuse\/","og_site_name":"Destilerija Petriot","article_publisher":"https:\/\/www.facebook.com\/PetriotGin","article_modified_time":"2023-05-05T17:48:49+00:00","og_image":[{"width":1042,"height":1042,"url":"https:\/\/petriotgin.com\/wp-content\/uploads\/2021\/02\/Petriot_profil.png","type":"image\/png"}],"twitter_card":"summary_large_image","twitter_misc":{"Procijenjeno vrijeme \u010ditanja":"1 minuta"},"schema":{"@context":"https:\/\/schema.org","@graph":[{"@type":"WebPage","@id":"https:\/\/petriotgin.com\/hr\/odkrij-okuse\/","url":"https:\/\/petriotgin.com\/hr\/odkrij-okuse\/","name":"Otkrij okuse - Destilerija Petriot","isPartOf":{"@id":"https:\/\/petriotgin.com\/hr\/#website"},"datePublished":"2020-11-27T10:35:39+00:00","dateModified":"2023-05-05T17:48:49+00:00","description":"Sa na\u0161ima autenti\u010dnima slovenskima ginova \u017eelimo predstaviti slovenske krajolike kroz okuse tipi\u010dne za svaki od njih. Otkrijte okuse!","breadcrumb":{"@id":"https:\/\/petriotgin.com\/hr\/odkrij-okuse\/#breadcrumb"},"inLanguage":"hr","potentialAction":[{"@type":"ReadAction","target":["https:\/\/petriotgin.com\/hr\/odkrij-okuse\/"]}]},{"@type":"BreadcrumbList","@id":"https:\/\/petriotgin.com\/hr\/odkrij-okuse\/#breadcrumb","itemListElement":[{"@type":"ListItem","position":1,"name":"Po\u010detna","item":"https:\/\/petriotgin.com\/hr\/"},{"@type":"ListItem","position":2,"name":"Otkrij okuse"}]},{"@type":"WebSite","@id":"https:\/\/petriotgin.com\/hr\/#website","url":"https:\/\/petriotgin.com\/hr\/","name":"Petriot Gin","description":"Petriot Distillery, Slovenia","publisher":{"@id":"https:\/\/petriotgin.com\/hr\/#organization"},"alternateName":"Petriot distillery","potentialAction":[{"@type":"SearchAction","target":{"@type":"EntryPoint","urlTemplate":"https:\/\/petriotgin.com\/hr\/?s={search_term_string}"},"query-input":{"@type":"PropertyValueSpecification","valueRequired":true,"valueName":"search_term_string"}}],"inLanguage":"hr"},{"@type":"Organization","@id":"https:\/\/petriotgin.com\/hr\/#organization","name":"Petriot d.o.o.","alternateName":"Petriot Distillery","url":"https:\/\/petriotgin.com\/hr\/","logo":{"@type":"ImageObject","inLanguage":"hr","@id":"https:\/\/petriotgin.com\/hr\/#\/schema\/logo\/image\/","url":"https:\/\/petriotgin.com\/wp-content\/uploads\/2021\/02\/Petriot_profil.png","contentUrl":"https:\/\/petriotgin.com\/wp-content\/uploads\/2021\/02\/Petriot_profil.png","width":1042,"height":1042,"caption":"Petriot d.o.o."},"image":{"@id":"https:\/\/petriotgin.com\/hr\/#\/schema\/logo\/image\/"},"sameAs":["https:\/\/www.facebook.com\/PetriotGin","https:\/\/www.instagram.com\/petriotgin\/","https:\/\/www.linkedin.com\/company\/petriot-distillery"],"email":"ilove@petriotgin.com","telephone":"+386 40 75 99 49","legalName":"Petriot Distillery","vatID":"84583185","taxID":"SI84583185","numberOfEmployees":{"@type":"QuantitativeValue","minValue":"1","maxValue":"10"}}]}},"_links":{"self":[{"href":"https:\/\/petriotgin.com\/hr\/wp-json\/wp\/v2\/pages\/3299","targetHints":{"allow":["GET"]}}],"collection":[{"href":"https:\/\/petriotgin.com\/hr\/wp-json\/wp\/v2\/pages"}],"about":[{"href":"https:\/\/petriotgin.com\/hr\/wp-json\/wp\/v2\/types\/page"}],"author":[{"embeddable":true,"href":"https:\/\/petriotgin.com\/hr\/wp-json\/wp\/v2\/users\/1"}],"replies":[{"embeddable":true,"href":"https:\/\/petriotgin.com\/hr\/wp-json\/wp\/v2\/comments?post=3299"}],"version-history":[{"count":4,"href":"https:\/\/petriotgin.com\/hr\/wp-json\/wp\/v2\/pages\/3299\/revisions"}],"predecessor-version":[{"id":4480,"href":"https:\/\/petriotgin.com\/hr\/wp-json\/wp\/v2\/pages\/3299\/revisions\/4480"}],"wp:attachment":[{"href":"https:\/\/petriotgin.com\/hr\/wp-json\/wp\/v2\/media?parent=3299"}],"curies":[{"name":"wp","href":"https:\/\/api.w.org\/{rel}","templated":true}]}}