{"id":3374,"date":"2021-02-26T21:54:31","date_gmt":"2021-02-26T20:54:31","guid":{"rendered":"https:\/\/petriotgin.com\/stroski-dostave\/"},"modified":"2023-04-27T14:18:30","modified_gmt":"2023-04-27T12:18:30","slug":"troskovi-dostave","status":"publish","type":"page","link":"https:\/\/petriotgin.com\/hr\/troskovi-dostave\/","title":{"rendered":"Tro\u0161kovi dostave"},"content":{"rendered":"\n<figure class=\"wp-block-table\"><table><tbody><tr><td><strong>Cona dostave<\/strong><\/td><td><strong>Dr\u017eave<\/strong><\/td><td><strong>Cijena<\/strong><\/td><\/tr><tr><td>Cona 0<\/td><td>Hrvatska, Slovenija<\/td><td>BESPLATNO<\/td><\/tr><tr><td>Cona 1<\/td><td>Njema\u010dka, Luksemburg, Belgija, Austrija, Nizozemska<\/td><td>8 EUR<\/td><\/tr><tr><td>Cona 2<\/td><td>Danska, Italija<\/td><td>12 EUR<\/td><\/tr><tr><td>Cona 3<\/td><td> Slova\u010dka, Poljska, Monako, Ma\u0111arska, Litva, Francuska, \u010ce\u0161ka Republika<\/td><td>16 EUR<\/td><\/tr><tr><td>Cona 4<\/td><td>\u0160panjolska,  Rumunjska, Latvija, Finska, Estonija, \u0160vedska<\/td><td>25 EUR<\/td><\/tr><\/tbody><\/table><\/figure>\n","protected":false},"excerpt":{"rendered":"<p>Cona dostave Dr\u017eave Cijena Cona 0 Hrvatska, Slovenija BESPLATNO Cona 1 Njema\u010dka, Luksemburg, Belgija, Austrija, Nizozemska 8 EUR Cona 2 Danska, Italija 12 EUR Cona 3 Slova\u010dka, Poljska, Monako, Ma\u0111arska, Litva, Francuska, \u010ce\u0161ka Republika 16 EUR Cona 4 \u0160panjolska, Rumunjska, Latvija, Finska, Estonija, \u0160vedska 25 EUR<\/p>\n","protected":false},"author":2,"featured_media":0,"parent":0,"menu_order":0,"comment_status":"closed","ping_status":"closed","template":"template-files.php","meta":{"_acf_changed":false,"footnotes":""},"class_list":["post-3374","page","type-page","status-publish","hentry"],"acf":[],"yoast_head":"<!-- This site is optimized with the Yoast SEO Premium plugin v23.9 (Yoast SEO v27.3) - https:\/\/yoast.com\/product\/yoast-seo-premium-wordpress\/ -->\n<title>Tro\u0161kovi dostave - Destilerija Petriot<\/title>\n<meta name=\"description\" content=\"Saznajte o na\u0161im tro\u0161kovima dostave i opcijama za va\u0161e kupovine. Nudimo brzu, pouzdanu i povoljnu dostavu po Hrvatskoj i EU.\" \/>\n<meta name=\"robots\" content=\"index, follow, max-snippet:-1, max-image-preview:large, max-video-preview:-1\" \/>\n<link rel=\"canonical\" href=\"https:\/\/petriotgin.com\/hr\/troskovi-dostave\/\" \/>\n<meta property=\"og:locale\" content=\"hr_HR\" \/>\n<meta property=\"og:type\" content=\"article\" \/>\n<meta property=\"og:title\" content=\"Tro\u0161kovi dostave\" \/>\n<meta property=\"og:description\" content=\"Saznajte o na\u0161im tro\u0161kovima dostave i opcijama za va\u0161e kupovine. Nudimo brzu, pouzdanu i povoljnu dostavu po Hrvatskoj i EU.\" \/>\n<meta property=\"og:url\" content=\"https:\/\/petriotgin.com\/hr\/troskovi-dostave\/\" \/>\n<meta property=\"og:site_name\" content=\"Destilerija Petriot\" \/>\n<meta property=\"article:publisher\" content=\"https:\/\/www.facebook.com\/PetriotGin\" \/>\n<meta property=\"article:modified_time\" content=\"2023-04-27T12:18:30+00:00\" \/>\n<meta property=\"og:image\" content=\"https:\/\/petriotgin.com\/wp-content\/uploads\/2021\/02\/Petriot_profil.png\" \/>\n\t<meta property=\"og:image:width\" content=\"1042\" \/>\n\t<meta property=\"og:image:height\" content=\"1042\" \/>\n\t<meta property=\"og:image:type\" content=\"image\/png\" \/>\n<meta name=\"twitter:card\" content=\"summary_large_image\" \/>\n<meta name=\"twitter:label1\" content=\"Procijenjeno vrijeme \u010ditanja\" \/>\n\t<meta name=\"twitter:data1\" content=\"1 minuta\" \/>\n<script type=\"application\/ld+json\" class=\"yoast-schema-graph\">{\"@context\":\"https:\\\/\\\/schema.org\",\"@graph\":[{\"@type\":\"WebPage\",\"@id\":\"https:\\\/\\\/petriotgin.com\\\/hr\\\/troskovi-dostave\\\/\",\"url\":\"https:\\\/\\\/petriotgin.com\\\/hr\\\/troskovi-dostave\\\/\",\"name\":\"Tro\u0161kovi dostave - Destilerija Petriot\",\"isPartOf\":{\"@id\":\"https:\\\/\\\/petriotgin.com\\\/hr\\\/#website\"},\"datePublished\":\"2021-02-26T20:54:31+00:00\",\"dateModified\":\"2023-04-27T12:18:30+00:00\",\"description\":\"Saznajte o na\u0161im tro\u0161kovima dostave i opcijama za va\u0161e kupovine. Nudimo brzu, pouzdanu i povoljnu dostavu po Hrvatskoj i EU.\",\"breadcrumb\":{\"@id\":\"https:\\\/\\\/petriotgin.com\\\/hr\\\/troskovi-dostave\\\/#breadcrumb\"},\"inLanguage\":\"hr\",\"potentialAction\":[{\"@type\":\"ReadAction\",\"target\":[\"https:\\\/\\\/petriotgin.com\\\/hr\\\/troskovi-dostave\\\/\"]}]},{\"@type\":\"BreadcrumbList\",\"@id\":\"https:\\\/\\\/petriotgin.com\\\/hr\\\/troskovi-dostave\\\/#breadcrumb\",\"itemListElement\":[{\"@type\":\"ListItem\",\"position\":1,\"name\":\"Po\u010detna\",\"item\":\"https:\\\/\\\/petriotgin.com\\\/hr\\\/\"},{\"@type\":\"ListItem\",\"position\":2,\"name\":\"Tro\u0161kovi dostave\"}]},{\"@type\":\"WebSite\",\"@id\":\"https:\\\/\\\/petriotgin.com\\\/hr\\\/#website\",\"url\":\"https:\\\/\\\/petriotgin.com\\\/hr\\\/\",\"name\":\"Petriot Gin\",\"description\":\"Petriot Distillery, Slovenia\",\"publisher\":{\"@id\":\"https:\\\/\\\/petriotgin.com\\\/hr\\\/#organization\"},\"alternateName\":\"Petriot distillery\",\"potentialAction\":[{\"@type\":\"SearchAction\",\"target\":{\"@type\":\"EntryPoint\",\"urlTemplate\":\"https:\\\/\\\/petriotgin.com\\\/hr\\\/?s={search_term_string}\"},\"query-input\":{\"@type\":\"PropertyValueSpecification\",\"valueRequired\":true,\"valueName\":\"search_term_string\"}}],\"inLanguage\":\"hr\"},{\"@type\":\"Organization\",\"@id\":\"https:\\\/\\\/petriotgin.com\\\/hr\\\/#organization\",\"name\":\"Petriot d.o.o.\",\"alternateName\":\"Petriot Distillery\",\"url\":\"https:\\\/\\\/petriotgin.com\\\/hr\\\/\",\"logo\":{\"@type\":\"ImageObject\",\"inLanguage\":\"hr\",\"@id\":\"https:\\\/\\\/petriotgin.com\\\/hr\\\/#\\\/schema\\\/logo\\\/image\\\/\",\"url\":\"https:\\\/\\\/petriotgin.com\\\/wp-content\\\/uploads\\\/2021\\\/02\\\/Petriot_profil.png\",\"contentUrl\":\"https:\\\/\\\/petriotgin.com\\\/wp-content\\\/uploads\\\/2021\\\/02\\\/Petriot_profil.png\",\"width\":1042,\"height\":1042,\"caption\":\"Petriot d.o.o.\"},\"image\":{\"@id\":\"https:\\\/\\\/petriotgin.com\\\/hr\\\/#\\\/schema\\\/logo\\\/image\\\/\"},\"sameAs\":[\"https:\\\/\\\/www.facebook.com\\\/PetriotGin\",\"https:\\\/\\\/www.instagram.com\\\/petriotgin\\\/\",\"https:\\\/\\\/www.linkedin.com\\\/company\\\/petriot-distillery\"],\"email\":\"ilove@petriotgin.com\",\"telephone\":\"+386 40 75 99 49\",\"legalName\":\"Petriot Distillery\",\"vatID\":\"84583185\",\"taxID\":\"SI84583185\",\"numberOfEmployees\":{\"@type\":\"QuantitativeValue\",\"minValue\":\"1\",\"maxValue\":\"10\"}}]}<\/script>\n<!-- \/ Yoast SEO Premium plugin. -->","yoast_head_json":{"title":"Tro\u0161kovi dostave - Destilerija Petriot","description":"Saznajte o na\u0161im tro\u0161kovima dostave i opcijama za va\u0161e kupovine. Nudimo brzu, pouzdanu i povoljnu dostavu po Hrvatskoj i EU.","robots":{"index":"index","follow":"follow","max-snippet":"max-snippet:-1","max-image-preview":"max-image-preview:large","max-video-preview":"max-video-preview:-1"},"canonical":"https:\/\/petriotgin.com\/hr\/troskovi-dostave\/","og_locale":"hr_HR","og_type":"article","og_title":"Tro\u0161kovi dostave","og_description":"Saznajte o na\u0161im tro\u0161kovima dostave i opcijama za va\u0161e kupovine. Nudimo brzu, pouzdanu i povoljnu dostavu po Hrvatskoj i EU.","og_url":"https:\/\/petriotgin.com\/hr\/troskovi-dostave\/","og_site_name":"Destilerija Petriot","article_publisher":"https:\/\/www.facebook.com\/PetriotGin","article_modified_time":"2023-04-27T12:18:30+00:00","og_image":[{"width":1042,"height":1042,"url":"https:\/\/petriotgin.com\/wp-content\/uploads\/2021\/02\/Petriot_profil.png","type":"image\/png"}],"twitter_card":"summary_large_image","twitter_misc":{"Procijenjeno vrijeme \u010ditanja":"1 minuta"},"schema":{"@context":"https:\/\/schema.org","@graph":[{"@type":"WebPage","@id":"https:\/\/petriotgin.com\/hr\/troskovi-dostave\/","url":"https:\/\/petriotgin.com\/hr\/troskovi-dostave\/","name":"Tro\u0161kovi dostave - Destilerija Petriot","isPartOf":{"@id":"https:\/\/petriotgin.com\/hr\/#website"},"datePublished":"2021-02-26T20:54:31+00:00","dateModified":"2023-04-27T12:18:30+00:00","description":"Saznajte o na\u0161im tro\u0161kovima dostave i opcijama za va\u0161e kupovine. Nudimo brzu, pouzdanu i povoljnu dostavu po Hrvatskoj i EU.","breadcrumb":{"@id":"https:\/\/petriotgin.com\/hr\/troskovi-dostave\/#breadcrumb"},"inLanguage":"hr","potentialAction":[{"@type":"ReadAction","target":["https:\/\/petriotgin.com\/hr\/troskovi-dostave\/"]}]},{"@type":"BreadcrumbList","@id":"https:\/\/petriotgin.com\/hr\/troskovi-dostave\/#breadcrumb","itemListElement":[{"@type":"ListItem","position":1,"name":"Po\u010detna","item":"https:\/\/petriotgin.com\/hr\/"},{"@type":"ListItem","position":2,"name":"Tro\u0161kovi dostave"}]},{"@type":"WebSite","@id":"https:\/\/petriotgin.com\/hr\/#website","url":"https:\/\/petriotgin.com\/hr\/","name":"Petriot Gin","description":"Petriot Distillery, Slovenia","publisher":{"@id":"https:\/\/petriotgin.com\/hr\/#organization"},"alternateName":"Petriot distillery","potentialAction":[{"@type":"SearchAction","target":{"@type":"EntryPoint","urlTemplate":"https:\/\/petriotgin.com\/hr\/?s={search_term_string}"},"query-input":{"@type":"PropertyValueSpecification","valueRequired":true,"valueName":"search_term_string"}}],"inLanguage":"hr"},{"@type":"Organization","@id":"https:\/\/petriotgin.com\/hr\/#organization","name":"Petriot d.o.o.","alternateName":"Petriot Distillery","url":"https:\/\/petriotgin.com\/hr\/","logo":{"@type":"ImageObject","inLanguage":"hr","@id":"https:\/\/petriotgin.com\/hr\/#\/schema\/logo\/image\/","url":"https:\/\/petriotgin.com\/wp-content\/uploads\/2021\/02\/Petriot_profil.png","contentUrl":"https:\/\/petriotgin.com\/wp-content\/uploads\/2021\/02\/Petriot_profil.png","width":1042,"height":1042,"caption":"Petriot d.o.o."},"image":{"@id":"https:\/\/petriotgin.com\/hr\/#\/schema\/logo\/image\/"},"sameAs":["https:\/\/www.facebook.com\/PetriotGin","https:\/\/www.instagram.com\/petriotgin\/","https:\/\/www.linkedin.com\/company\/petriot-distillery"],"email":"ilove@petriotgin.com","telephone":"+386 40 75 99 49","legalName":"Petriot Distillery","vatID":"84583185","taxID":"SI84583185","numberOfEmployees":{"@type":"QuantitativeValue","minValue":"1","maxValue":"10"}}]}},"_links":{"self":[{"href":"https:\/\/petriotgin.com\/hr\/wp-json\/wp\/v2\/pages\/3374","targetHints":{"allow":["GET"]}}],"collection":[{"href":"https:\/\/petriotgin.com\/hr\/wp-json\/wp\/v2\/pages"}],"about":[{"href":"https:\/\/petriotgin.com\/hr\/wp-json\/wp\/v2\/types\/page"}],"author":[{"embeddable":true,"href":"https:\/\/petriotgin.com\/hr\/wp-json\/wp\/v2\/users\/2"}],"replies":[{"embeddable":true,"href":"https:\/\/petriotgin.com\/hr\/wp-json\/wp\/v2\/comments?post=3374"}],"version-history":[{"count":2,"href":"https:\/\/petriotgin.com\/hr\/wp-json\/wp\/v2\/pages\/3374\/revisions"}],"predecessor-version":[{"id":3378,"href":"https:\/\/petriotgin.com\/hr\/wp-json\/wp\/v2\/pages\/3374\/revisions\/3378"}],"wp:attachment":[{"href":"https:\/\/petriotgin.com\/hr\/wp-json\/wp\/v2\/media?parent=3374"}],"curies":[{"name":"wp","href":"https:\/\/api.w.org\/{rel}","templated":true}]}}