{"id":3380,"date":"2020-12-29T09:28:03","date_gmt":"2020-12-29T08:28:03","guid":{"rendered":"https:\/\/petriotgin.com\/uporaba-piskotkov\/"},"modified":"2023-05-05T19:40:19","modified_gmt":"2023-05-05T17:40:19","slug":"politika-kolacica","status":"publish","type":"page","link":"https:\/\/petriotgin.com\/hr\/politika-kolacica\/","title":{"rendered":"Politika o kori\u0161tenju kola\u010di\u0107a"},"content":{"rendered":"\n<p>Ve\u0107ina web stranica koje danas posje\u0107ujete u jednom ili drugom obliku koristi kola\u010di\u0107e za pobolj\u0161anje va\u0161eg korisni\u010dkog iskustva. Iako je kori\u0161tenje kola\u010di\u0107a op\u0107enito bezopasno, nekim ljudima mo\u017ee biti nametljivo i stoga \u017eele blokirati neke ili sve kola\u010di\u0107e koji su ve\u0107 poslani.<\/p>\n\n\n\n<p>Imajte na umu da kori\u0161tenjem ove web stranice pristajete na na\u0161u upotrebu kola\u010di\u0107a kako je navedeno u ovim pravilima.<\/p>\n\n\n\n<h2 class=\"wp-block-heading\">\u0160to je kola\u010di\u0107?<\/h2>\n\n\n\n<p>Kola\u010di\u0107i su datoteke koje stvaraju web stranice tijekom pregledavanja. Sadr\u017ee postavke web stranice, podatke o profilu i druge informacije. Postoje dvije vrste kola\u010di\u0107a: kola\u010di\u0107e domene postavlja domena web stranice u naslovnoj traci; kola\u010di\u0107e tre\u0107e strane stvaraju druge stranice prisutne u domeni kroz razli\u010dite elemente, npr. reklame ili slike.<\/p>\n\n\n\n<h2 class=\"wp-block-heading\">Postavke i pohranjivanje kola\u010di\u0107a<\/h2>\n\n\n\n<p>Kola\u010di\u0107e mo\u017ee postaviti web stranica koju posje\u0107ujete (\u201evlastiti kola\u010di\u0107i\u201c) ili web stranica tre\u0107e strane koje upravlja sadr\u017eajem web stranice koju posje\u0107ujete (\u201ekola\u010di\u0107i tre\u0107e strane\u201c).<br>Kola\u010di\u0107i se mogu pohraniti na razli\u010dite duljine vremena, samo za sesiju preglednika ili mnogo dulje.<\/p>\n\n\n\n<p>Privremeni ili sesijski kola\u010di\u0107i: kola\u010di\u0107 koji povezuje va\u0161e radnje tijekom sesije pregledavanja. Sesija pregledavanja po\u010dinje kada otvorite prozor preglednika i zavr\u0161ava se kada ga zatvorite. Kola\u010di\u0107i sesije se postavljaju privremeno i bri\u0161u se nakon zatvaranja prozora preglednika.<br>Trajni kola\u010di\u0107i: Kola\u010di\u0107 koji ostaje na va\u0161em ure\u0111aju. Vrijeme koje je postavljeno u svakom kola\u010di\u0107u i aktivira se svaki put kada posjetite web stranicu koja ga je kreirala.<\/p>\n\n\n\n<h2 class=\"wp-block-heading\"> Razli\u010dite vrste kola\u010di\u0107a <\/h2>\n\n\n\n<p>Postoje \u010detiri glavne vrste kola\u010di\u0107a:<br><strong>Strogo potrebni kola\u010di\u0107i:<\/strong> Ovi kola\u010di\u0107i su neophodni jer vam omogu\u0107uju kretanje po stranici, kori\u0161tenje stranice i pru\u017eanje odre\u0111enih zna\u010dajki koje ste zatra\u017eili. Na primjer, za spremanje proizvoda koje ste dodali u ko\u0161aricu za kupnju. Ne trebamo va\u0161e dopu\u0161tenje za kori\u0161tenje ovih kola\u010di\u0107a.<br><strong>Kola\u010di\u0107i funkcionalnosti: <\/strong>Ovi kola\u010di\u0107i osiguravaju da web stranica pohranjuje va\u0161e izbore (npr. va\u0161e korisni\u010dko ime, jezik ili lokaciju) i nudi pobolj\u0161ane i prilago\u0111ene funkcije. Na primjer, web stranica mo\u017ee ponuditi lokalnu vremensku prognozu ili vijesti o prometu kori\u0161tenjem kola\u010di\u0107a za pohranu informacija o lokaciji na kojoj se trenutno nalazite, pohranjuje promjene veli\u010dine fonta, vrste fonta i drugih dijelova web stranice koji se mogu prilagoditi, te nudi usluge koje ste zatra\u017eili, kao \u0161to je gledanje videozapisa i postavljanje komentara na blog. Podaci koje pohranjuju ovi kola\u010di\u0107i mogu biti anonimizirani i ti kola\u010di\u0107i ne mogu pratiti aktivnosti va\u0161eg preglednika na drugim web stranicama.<br><strong>Kola\u010di\u0107i performansi:<\/strong> Ovi kola\u010di\u0107i prikupljaju informacije o tome kako koristite web stranicu. Na primjer, koje stranice naj\u010de\u0161\u0107e posje\u0107ujete i primate li od njih poruku o pogre\u0161ci. Ovi kola\u010di\u0107i ne prikupljaju informacije koje bi vas identificirale. Svi podaci prikupljeni ovim kola\u010di\u0107ima su agregirani stoga su anonimni. Ovi se podaci koriste samo za pobolj\u0161anje funkcionalnosti stranice.<br><strong>Kola\u010di\u0107i za ogla\u0161avanje pona\u0161anja na mre\u017ei: <\/strong>Ovi kola\u010di\u0107i se koriste za prilago\u0111avanje ogla\u0161avanja svakom korisniku. Tako\u0111er se koriste za ograni\u010davanje broja pojavljivanja pojedina\u010dnih oglasa kao i za pomo\u0107 u mjerenju u\u010dinkovitosti reklamne kampanje. Obi\u010dno ih instaliraju reklamne mre\u017ee uz dopu\u0161tenje administratora stranice. Oni bilje\u017ee da ste posjetili web stranicu i \u0161alju te podatke drugim organizacijama, kao \u0161to su ogla\u0161iva\u010di. Kola\u010di\u0107i za ogla\u0161avanje \u010desto su povezani sa zna\u010dajkama web stranice koje pru\u017eaju druge organizacije. Za vi\u0161e informacija o kola\u010di\u0107ima za ogla\u0161avanje pona\u0161anja na mre\u017ei i online privatnosti pogledajte vodi\u010d na www.youronlinechoices.com koji nudi samo ogla\u0161iva\u010dka industrija.<\/p>\n\n\n\n<h2 class=\"wp-block-heading\">Koje kola\u010di\u0107e koristimo<\/h2>\n\n\n\n<p>Stranica koristi odre\u0111ene potrebne kola\u010di\u0107e kako bi zapamtila va\u0161u prijavu, olak\u0161ala komentiranje i sli\u010dno. Ovi se podaci ne koriste ni u koju drugu svrhu i ne dijele se s tre\u0107im stranama.<br>Na\u0161a stranica koristi kola\u010di\u0107e performansi Google Analytics isklju\u010divo za pobolj\u0161anje va\u0161eg korisni\u010dkog iskustva ili pobolj\u0161anje web stranice.<br>U istragama koristimo Google, koji koristi kola\u010di\u0107e izvedbe koji pohranjuju korisni\u010dke postavke.<br>Na\u0161a stranica koristi reklamne kola\u010di\u0107e sa Facebook.com za prikaz lajkova na raznim web stranicama.<\/p>\n\n\n\n<h2 class=\"wp-block-heading\">Kako isklju\u010diti kola\u010di\u0107e<\/h2>\n\n\n\n<p>Postoji niz na\u010dina kako upravljati postavkama kola\u010di\u0107a i kontrolirati ih.<br>Imajte na umu da \u0107e brisanjem ili blokiranjem ovih kola\u010di\u0107a svih ili nekih web stranica koje posje\u0107ujete (ili njihovih funkcija), web stranica ili prestati ispravno raditi ili \u0107e prestati raditi istom u\u010dinkovito\u0161\u0107u.<br>Ako onemogu\u0107ite odre\u0111ene kola\u010di\u0107e ili ako izbri\u0161ete sve kola\u010di\u0107e, va\u0161e postavke ne\u0107e biti pohranjene i primit \u0107ete poruku o kola\u010di\u0107ima svaki put kada posjetite na\u0161u web stranicu. Ipak, mo\u017eete upravljati svojim postavkama kola\u010di\u0107a u svom pregledniku, kao i na web stranicama tre\u0107ih strana koje \u0161alju kola\u010di\u0107e na va\u0161 ure\u0111aj putem na\u0161e web stranice.<br>Isklju\u010divanje kola\u010di\u0107a u va\u0161em pregledniku<br>Ve\u0107ina modernih preglednika nudi vam neke op\u0107e informacije o kola\u010di\u0107ima i omogu\u0107uje vam da vidite sve svoje kola\u010di\u0107e, da selektivno izbri\u0161ete kola\u010di\u0107e i onemogu\u0107ite ili omogu\u0107ite kola\u010di\u0107e za sve odre\u0111ene web stranice. Tako\u0111er, mo\u017eete onemogu\u0107iti odre\u0111ene kola\u010di\u0107e za ogla\u0161avanje tre\u0107ih strana.<br>Promijenite li svoje postavke kola\u010di\u0107a u svom pregledniku, promjena \u0107e se, osim ako pojedina\u010dno ne izbri\u0161ete ili blokirate kola\u010di\u0107e, primijeniti na sve web stranice koje pregledavate, a ne samo na na\u0161u web stranicu. Tako\u0111er, morat \u0107ete prilagoditi postavke kola\u010di\u0107a za svaki preglednik koji koristite.<br>Preglednici op\u0107enito pru\u017eaju informacije o kola\u010di\u0107ima u odjeljku Pomo\u0107. U nastavku su linkovi na odjeljak Pomo\u0107 naj\u010de\u0161\u0107e kori\u0161tenih web preglednika:<\/p>\n\n\n\n<ul class=\"wp-block-list\">\n<li>Microsoft Internet Explorer \u2013 http:\/\/support.microsoft.com\/kb\/196955<\/li>\n\n\n\n<li>Mozilla Firefox \u2013 http:\/\/support.mozilla.org\/en-US\/kb\/cookies-information-websites-store-on-your-computer?redirectlocale=en-US&amp;redirectslug=Cookies<\/li>\n\n\n\n<li>Google Chrome \u2013 http:\/\/support.google.com\/chrome\/bin\/answer.py?hl=hr&amp;answer=95647<\/li>\n\n\n\n<li>Apple Safari \u2013 http:\/\/www.apple.com\/support\/safari\/<\/li>\n\n\n\n<li>Opera \u2013 http:\/\/www.opera.com\/browser\/tutorials\/security\/privacy\/<\/li>\n\n\n\n<li>Google Android \u2013 http:\/\/support.google.com\/android\/?hl=hr<\/li>\n<\/ul>\n\n\n\n<h2 class=\"wp-block-heading\"> Onemogu\u0107avanje kola\u010di\u0107a tre\u0107e strane <\/h2>\n\n\n\n<p>\n<ul><li>Kola\u010di\u0107e koje koristimo na ovoj web stranici mo\u017ee onemogu\u0107iti slijede\u0107i upute za instalaciju add-ona za preglednik za isklju\u010divanje. Upute za instalaciju prona\u0107i \u0107ete na poveznici: Google Analytics \u2013 https:\/\/tools.google.com\/dlpage\/gaoptout\n<\/p>\n\n\n\n<p>Napominjemo da onemogu\u0107avanjem kola\u010di\u0107a performansi koje postavlja na\u0161a web stranica ne\u0107emo mo\u0107i saznati \u0161to se ljudima svi\u0111a na na\u0161oj web stranici, a \u0161to ne. Posljedi\u010dno, bit \u0107e nam te\u017ee pobolj\u0161ati na\u0161u web stranicu i va\u0161e korisni\u010dko iskustvo.<br>Izmijenite li ili izbri\u0161ete datoteku kola\u010di\u0107a preglednika, izmijenite ili nadogradite svoj preglednik ili ure\u0111aj, vjerojatno \u0107ete morati ponovno onemogu\u0107iti kola\u010di\u0107e.<\/p>\n\n\n\n<p>Ljubljana, 25.2.2021<\/p>\n","protected":false},"excerpt":{"rendered":"<p>Ve\u0107ina web stranica koje danas posje\u0107ujete u jednom ili drugom obliku koristi kola\u010di\u0107e za pobolj\u0161anje va\u0161eg korisni\u010dkog iskustva. Iako je kori\u0161tenje kola\u010di\u0107a op\u0107enito bezopasno, nekim ljudima mo\u017ee biti nametljivo i stoga \u017eele blokirati neke ili sve kola\u010di\u0107e koji su ve\u0107 poslani. Imajte na umu da kori\u0161tenjem ove web stranice pristajete na na\u0161u upotrebu kola\u010di\u0107a kako [&hellip;]<\/p>\n","protected":false},"author":1,"featured_media":0,"parent":0,"menu_order":0,"comment_status":"closed","ping_status":"closed","template":"template-files.php","meta":{"_acf_changed":false,"footnotes":""},"class_list":["post-3380","page","type-page","status-publish","hentry"],"acf":[],"yoast_head":"<!-- This site is optimized with the Yoast SEO Premium plugin v23.9 (Yoast SEO v27.3) - https:\/\/yoast.com\/product\/yoast-seo-premium-wordpress\/ -->\n<title>Politika o kori\u0161tenju kola\u010di\u0107a - Destilerija Petriot<\/title>\n<meta name=\"description\" content=\"Opis kori\u0161tenih web kola\u010di\u0107a koje smo instalirali na na\u0161u web stranicu radi bolje interakcije i boljeg funkcioniranja.\" \/>\n<meta name=\"robots\" content=\"index, follow, max-snippet:-1, max-image-preview:large, max-video-preview:-1\" \/>\n<link rel=\"canonical\" href=\"https:\/\/petriotgin.com\/hr\/politika-kolacica\/\" \/>\n<meta property=\"og:locale\" content=\"hr_HR\" \/>\n<meta property=\"og:type\" content=\"article\" \/>\n<meta property=\"og:title\" content=\"Politika o kori\u0161tenju kola\u010di\u0107a\" \/>\n<meta property=\"og:description\" content=\"Opis kori\u0161tenih web kola\u010di\u0107a koje smo instalirali na na\u0161u web stranicu radi bolje interakcije i boljeg funkcioniranja.\" \/>\n<meta property=\"og:url\" content=\"https:\/\/petriotgin.com\/hr\/politika-kolacica\/\" \/>\n<meta property=\"og:site_name\" content=\"Destilerija Petriot\" \/>\n<meta property=\"article:publisher\" content=\"https:\/\/www.facebook.com\/PetriotGin\" \/>\n<meta property=\"article:modified_time\" content=\"2023-05-05T17:40:19+00:00\" \/>\n<meta property=\"og:image\" content=\"https:\/\/petriotgin.com\/wp-content\/uploads\/2021\/02\/Petriot_profil.png\" \/>\n\t<meta property=\"og:image:width\" content=\"1042\" \/>\n\t<meta property=\"og:image:height\" content=\"1042\" \/>\n\t<meta property=\"og:image:type\" content=\"image\/png\" \/>\n<meta name=\"twitter:card\" content=\"summary_large_image\" \/>\n<meta name=\"twitter:label1\" content=\"Procijenjeno vrijeme \u010ditanja\" \/>\n\t<meta name=\"twitter:data1\" content=\"6 minuta\" \/>\n<script type=\"application\/ld+json\" class=\"yoast-schema-graph\">{\"@context\":\"https:\\\/\\\/schema.org\",\"@graph\":[{\"@type\":\"WebPage\",\"@id\":\"https:\\\/\\\/petriotgin.com\\\/hr\\\/politika-kolacica\\\/\",\"url\":\"https:\\\/\\\/petriotgin.com\\\/hr\\\/politika-kolacica\\\/\",\"name\":\"Politika o kori\u0161tenju kola\u010di\u0107a - Destilerija Petriot\",\"isPartOf\":{\"@id\":\"https:\\\/\\\/petriotgin.com\\\/hr\\\/#website\"},\"datePublished\":\"2020-12-29T08:28:03+00:00\",\"dateModified\":\"2023-05-05T17:40:19+00:00\",\"description\":\"Opis kori\u0161tenih web kola\u010di\u0107a koje smo instalirali na na\u0161u web stranicu radi bolje interakcije i boljeg funkcioniranja.\",\"breadcrumb\":{\"@id\":\"https:\\\/\\\/petriotgin.com\\\/hr\\\/politika-kolacica\\\/#breadcrumb\"},\"inLanguage\":\"hr\",\"potentialAction\":[{\"@type\":\"ReadAction\",\"target\":[\"https:\\\/\\\/petriotgin.com\\\/hr\\\/politika-kolacica\\\/\"]}]},{\"@type\":\"BreadcrumbList\",\"@id\":\"https:\\\/\\\/petriotgin.com\\\/hr\\\/politika-kolacica\\\/#breadcrumb\",\"itemListElement\":[{\"@type\":\"ListItem\",\"position\":1,\"name\":\"Po\u010detna\",\"item\":\"https:\\\/\\\/petriotgin.com\\\/hr\\\/\"},{\"@type\":\"ListItem\",\"position\":2,\"name\":\"Politika o kori\u0161tenju kola\u010di\u0107a\"}]},{\"@type\":\"WebSite\",\"@id\":\"https:\\\/\\\/petriotgin.com\\\/hr\\\/#website\",\"url\":\"https:\\\/\\\/petriotgin.com\\\/hr\\\/\",\"name\":\"Petriot Gin\",\"description\":\"Petriot Distillery, Slovenia\",\"publisher\":{\"@id\":\"https:\\\/\\\/petriotgin.com\\\/hr\\\/#organization\"},\"alternateName\":\"Petriot distillery\",\"potentialAction\":[{\"@type\":\"SearchAction\",\"target\":{\"@type\":\"EntryPoint\",\"urlTemplate\":\"https:\\\/\\\/petriotgin.com\\\/hr\\\/?s={search_term_string}\"},\"query-input\":{\"@type\":\"PropertyValueSpecification\",\"valueRequired\":true,\"valueName\":\"search_term_string\"}}],\"inLanguage\":\"hr\"},{\"@type\":\"Organization\",\"@id\":\"https:\\\/\\\/petriotgin.com\\\/hr\\\/#organization\",\"name\":\"Petriot d.o.o.\",\"alternateName\":\"Petriot Distillery\",\"url\":\"https:\\\/\\\/petriotgin.com\\\/hr\\\/\",\"logo\":{\"@type\":\"ImageObject\",\"inLanguage\":\"hr\",\"@id\":\"https:\\\/\\\/petriotgin.com\\\/hr\\\/#\\\/schema\\\/logo\\\/image\\\/\",\"url\":\"https:\\\/\\\/petriotgin.com\\\/wp-content\\\/uploads\\\/2021\\\/02\\\/Petriot_profil.png\",\"contentUrl\":\"https:\\\/\\\/petriotgin.com\\\/wp-content\\\/uploads\\\/2021\\\/02\\\/Petriot_profil.png\",\"width\":1042,\"height\":1042,\"caption\":\"Petriot d.o.o.\"},\"image\":{\"@id\":\"https:\\\/\\\/petriotgin.com\\\/hr\\\/#\\\/schema\\\/logo\\\/image\\\/\"},\"sameAs\":[\"https:\\\/\\\/www.facebook.com\\\/PetriotGin\",\"https:\\\/\\\/www.instagram.com\\\/petriotgin\\\/\",\"https:\\\/\\\/www.linkedin.com\\\/company\\\/petriot-distillery\"],\"email\":\"ilove@petriotgin.com\",\"telephone\":\"+386 40 75 99 49\",\"legalName\":\"Petriot Distillery\",\"vatID\":\"84583185\",\"taxID\":\"SI84583185\",\"numberOfEmployees\":{\"@type\":\"QuantitativeValue\",\"minValue\":\"1\",\"maxValue\":\"10\"}}]}<\/script>\n<!-- \/ Yoast SEO Premium plugin. -->","yoast_head_json":{"title":"Politika o kori\u0161tenju kola\u010di\u0107a - Destilerija Petriot","description":"Opis kori\u0161tenih web kola\u010di\u0107a koje smo instalirali na na\u0161u web stranicu radi bolje interakcije i boljeg funkcioniranja.","robots":{"index":"index","follow":"follow","max-snippet":"max-snippet:-1","max-image-preview":"max-image-preview:large","max-video-preview":"max-video-preview:-1"},"canonical":"https:\/\/petriotgin.com\/hr\/politika-kolacica\/","og_locale":"hr_HR","og_type":"article","og_title":"Politika o kori\u0161tenju kola\u010di\u0107a","og_description":"Opis kori\u0161tenih web kola\u010di\u0107a koje smo instalirali na na\u0161u web stranicu radi bolje interakcije i boljeg funkcioniranja.","og_url":"https:\/\/petriotgin.com\/hr\/politika-kolacica\/","og_site_name":"Destilerija Petriot","article_publisher":"https:\/\/www.facebook.com\/PetriotGin","article_modified_time":"2023-05-05T17:40:19+00:00","og_image":[{"width":1042,"height":1042,"url":"https:\/\/petriotgin.com\/wp-content\/uploads\/2021\/02\/Petriot_profil.png","type":"image\/png"}],"twitter_card":"summary_large_image","twitter_misc":{"Procijenjeno vrijeme \u010ditanja":"6 minuta"},"schema":{"@context":"https:\/\/schema.org","@graph":[{"@type":"WebPage","@id":"https:\/\/petriotgin.com\/hr\/politika-kolacica\/","url":"https:\/\/petriotgin.com\/hr\/politika-kolacica\/","name":"Politika o kori\u0161tenju kola\u010di\u0107a - Destilerija Petriot","isPartOf":{"@id":"https:\/\/petriotgin.com\/hr\/#website"},"datePublished":"2020-12-29T08:28:03+00:00","dateModified":"2023-05-05T17:40:19+00:00","description":"Opis kori\u0161tenih web kola\u010di\u0107a koje smo instalirali na na\u0161u web stranicu radi bolje interakcije i boljeg funkcioniranja.","breadcrumb":{"@id":"https:\/\/petriotgin.com\/hr\/politika-kolacica\/#breadcrumb"},"inLanguage":"hr","potentialAction":[{"@type":"ReadAction","target":["https:\/\/petriotgin.com\/hr\/politika-kolacica\/"]}]},{"@type":"BreadcrumbList","@id":"https:\/\/petriotgin.com\/hr\/politika-kolacica\/#breadcrumb","itemListElement":[{"@type":"ListItem","position":1,"name":"Po\u010detna","item":"https:\/\/petriotgin.com\/hr\/"},{"@type":"ListItem","position":2,"name":"Politika o kori\u0161tenju kola\u010di\u0107a"}]},{"@type":"WebSite","@id":"https:\/\/petriotgin.com\/hr\/#website","url":"https:\/\/petriotgin.com\/hr\/","name":"Petriot Gin","description":"Petriot Distillery, Slovenia","publisher":{"@id":"https:\/\/petriotgin.com\/hr\/#organization"},"alternateName":"Petriot distillery","potentialAction":[{"@type":"SearchAction","target":{"@type":"EntryPoint","urlTemplate":"https:\/\/petriotgin.com\/hr\/?s={search_term_string}"},"query-input":{"@type":"PropertyValueSpecification","valueRequired":true,"valueName":"search_term_string"}}],"inLanguage":"hr"},{"@type":"Organization","@id":"https:\/\/petriotgin.com\/hr\/#organization","name":"Petriot d.o.o.","alternateName":"Petriot Distillery","url":"https:\/\/petriotgin.com\/hr\/","logo":{"@type":"ImageObject","inLanguage":"hr","@id":"https:\/\/petriotgin.com\/hr\/#\/schema\/logo\/image\/","url":"https:\/\/petriotgin.com\/wp-content\/uploads\/2021\/02\/Petriot_profil.png","contentUrl":"https:\/\/petriotgin.com\/wp-content\/uploads\/2021\/02\/Petriot_profil.png","width":1042,"height":1042,"caption":"Petriot d.o.o."},"image":{"@id":"https:\/\/petriotgin.com\/hr\/#\/schema\/logo\/image\/"},"sameAs":["https:\/\/www.facebook.com\/PetriotGin","https:\/\/www.instagram.com\/petriotgin\/","https:\/\/www.linkedin.com\/company\/petriot-distillery"],"email":"ilove@petriotgin.com","telephone":"+386 40 75 99 49","legalName":"Petriot Distillery","vatID":"84583185","taxID":"SI84583185","numberOfEmployees":{"@type":"QuantitativeValue","minValue":"1","maxValue":"10"}}]}},"_links":{"self":[{"href":"https:\/\/petriotgin.com\/hr\/wp-json\/wp\/v2\/pages\/3380","targetHints":{"allow":["GET"]}}],"collection":[{"href":"https:\/\/petriotgin.com\/hr\/wp-json\/wp\/v2\/pages"}],"about":[{"href":"https:\/\/petriotgin.com\/hr\/wp-json\/wp\/v2\/types\/page"}],"author":[{"embeddable":true,"href":"https:\/\/petriotgin.com\/hr\/wp-json\/wp\/v2\/users\/1"}],"replies":[{"embeddable":true,"href":"https:\/\/petriotgin.com\/hr\/wp-json\/wp\/v2\/comments?post=3380"}],"version-history":[{"count":2,"href":"https:\/\/petriotgin.com\/hr\/wp-json\/wp\/v2\/pages\/3380\/revisions"}],"predecessor-version":[{"id":4479,"href":"https:\/\/petriotgin.com\/hr\/wp-json\/wp\/v2\/pages\/3380\/revisions\/4479"}],"wp:attachment":[{"href":"https:\/\/petriotgin.com\/hr\/wp-json\/wp\/v2\/media?parent=3380"}],"curies":[{"name":"wp","href":"https:\/\/api.w.org\/{rel}","templated":true}]}}