{"id":3347,"date":"2020-11-30T12:26:45","date_gmt":"2020-11-30T11:26:45","guid":{"rendered":"https:\/\/petriotgin.com\/izdelek\/green-george\/"},"modified":"2023-02-23T16:36:53","modified_gmt":"2023-02-23T15:36:53","slug":"green-george","status":"publish","type":"product","link":"https:\/\/petriotgin.com\/hr\/izdelek\/green-george\/","title":{"rendered":"GREEN GEORGE D\u017dIN 0.7L"},"content":{"rendered":"<p>Green George je d\u017ein iznimnog okusa, a odaje posvetu vrlo raznolikoj slovenskoj regiji \u2013 Beloj krajini. Prema folkloru Zeleni Jurij je dobar \u010dovjek, odjeven u brezovo li\u0161\u0107e, nosi bu\u0111enje, obilje i rast.<br \/>\nZato ga svakoga prolje\u0107a belokrajinci ra\u0161irenih ruku pozivaju u svoje ku\u0107e i dozivaju ga plesom i pjevom. Tu tradiciju izra\u017eavaju lokalni sastojci u d\u017einu Green George, tipi\u010dnom za Belu krajinu: brezova voda, \u0161ipak, kamilica i stolisnik. London dry distillery style sve vi\u0161e isti\u010de istaknuti karakter Green Georgea s notama brezove vode.<\/p>\n","protected":false},"excerpt":{"rendered":"<p>Green George je d\u017ein iznimno aromati\u010dnog okusa, a odaje posvetu vrlo raznolikoj slovenskoj regiji &#8211; Beloj krajini. Njegovo podrijetlo izra\u017eavaju doma\u0107i sastojci u d\u017einu Green George, tipi\u010dni za Belu Krajinu: brezova voda, \u0161ipak, kamilica i stolisnik.<\/p>\n","protected":false},"featured_media":2937,"template":"","meta":{"_acf_changed":false},"product_brand":[],"product_cat":[152,151],"product_tag":[],"class_list":{"0":"post-3347","1":"product","2":"type-product","3":"status-publish","4":"has-post-thumbnail","6":"product_cat-serija-bela-krajina-hr","7":"product_cat-dzin","9":"first","10":"instock","11":"taxable","12":"shipping-taxable","13":"purchasable","14":"product-type-simple"},"bundled_by":[],"bundle_stock_status":"instock","bundle_stock_quantity":null,"bundle_virtual":false,"bundle_layout":"","bundle_add_to_cart_form_location":"","bundle_editable_in_cart":false,"bundle_sold_individually_context":"","bundle_item_grouping":"","bundle_min_size":"","bundle_max_size":"","bundle_price":[],"bundled_items":[],"bundle_sell_ids":[],"acf":[],"yoast_head":"<!-- This site is optimized with the Yoast SEO Premium plugin v23.9 (Yoast SEO v27.3) - https:\/\/yoast.com\/product\/yoast-seo-premium-wordpress\/ -->\n<title>GREEN GEORGE D\u017dIN 0.7L - Destilerija Petriot<\/title>\n<meta name=\"description\" content=\"D\u017ein iznimno aromati\u010dnog okusa. Njegovo podrijetlo izra\u017eavaju sastojci, tipi\u010dni za Belu Krajinu: brezova voda, \u0161ipak, kamilica i stolisnik.\" \/>\n<meta name=\"robots\" content=\"index, follow, max-snippet:-1, max-image-preview:large, max-video-preview:-1\" \/>\n<link rel=\"canonical\" href=\"https:\/\/petriotgin.com\/hr\/izdelek\/green-george\/\" \/>\n<meta property=\"og:locale\" content=\"hr_HR\" \/>\n<meta property=\"og:type\" content=\"article\" \/>\n<meta property=\"og:title\" content=\"GREEN GEORGE D\u017dIN 0.7L\" \/>\n<meta property=\"og:description\" content=\"D\u017ein iznimno aromati\u010dnog okusa. Njegovo podrijetlo izra\u017eavaju sastojci, tipi\u010dni za Belu Krajinu: brezova voda, \u0161ipak, kamilica i stolisnik.\" \/>\n<meta property=\"og:url\" content=\"https:\/\/petriotgin.com\/hr\/izdelek\/green-george\/\" \/>\n<meta property=\"og:site_name\" content=\"Destilerija Petriot\" \/>\n<meta property=\"article:publisher\" content=\"https:\/\/www.facebook.com\/PetriotGin\" \/>\n<meta property=\"article:modified_time\" content=\"2023-02-23T15:36:53+00:00\" \/>\n<meta property=\"og:image\" content=\"https:\/\/petriotgin.com\/wp-content\/uploads\/2020\/11\/GIN_bottle_700ml-02.png\" \/>\n\t<meta property=\"og:image:width\" content=\"332\" \/>\n\t<meta property=\"og:image:height\" content=\"899\" \/>\n\t<meta property=\"og:image:type\" content=\"image\/png\" \/>\n<meta name=\"twitter:card\" content=\"summary_large_image\" \/>\n<meta name=\"twitter:label1\" content=\"Price\" \/>\n\t<meta name=\"twitter:data1\" content=\"39.04&euro;\" \/>\n\t<meta name=\"twitter:label2\" content=\"Availability\" \/>\n\t<meta name=\"twitter:data2\" content=\"In stock\" \/>\n<script type=\"application\/ld+json\" class=\"yoast-schema-graph\">{\"@context\":\"https:\\\/\\\/schema.org\",\"@graph\":[{\"@type\":\"WebPage\",\"@id\":\"https:\\\/\\\/petriotgin.com\\\/hr\\\/izdelek\\\/green-george\\\/\",\"url\":\"https:\\\/\\\/petriotgin.com\\\/hr\\\/izdelek\\\/green-george\\\/\",\"name\":\"GREEN GEORGE D\u017dIN 0.7L - Destilerija Petriot\",\"isPartOf\":{\"@id\":\"https:\\\/\\\/petriotgin.com\\\/hr\\\/#website\"},\"primaryImageOfPage\":{\"@id\":\"https:\\\/\\\/petriotgin.com\\\/hr\\\/izdelek\\\/green-george\\\/#primaryimage\"},\"image\":{\"@id\":\"https:\\\/\\\/petriotgin.com\\\/hr\\\/izdelek\\\/green-george\\\/#primaryimage\"},\"thumbnailUrl\":\"https:\\\/\\\/petriotgin.com\\\/wp-content\\\/uploads\\\/2020\\\/11\\\/GIN_bottle_700ml-02.png\",\"datePublished\":\"2020-11-30T11:26:45+00:00\",\"dateModified\":\"2023-02-23T15:36:53+00:00\",\"description\":\"D\u017ein iznimno aromati\u010dnog okusa. Njegovo podrijetlo izra\u017eavaju sastojci, tipi\u010dni za Belu Krajinu: brezova voda, \u0161ipak, kamilica i stolisnik.\",\"breadcrumb\":{\"@id\":\"https:\\\/\\\/petriotgin.com\\\/hr\\\/izdelek\\\/green-george\\\/#breadcrumb\"},\"inLanguage\":\"hr\",\"potentialAction\":[{\"@type\":\"ReadAction\",\"target\":[\"https:\\\/\\\/petriotgin.com\\\/hr\\\/izdelek\\\/green-george\\\/\"]}]},{\"@type\":\"ImageObject\",\"inLanguage\":\"hr\",\"@id\":\"https:\\\/\\\/petriotgin.com\\\/hr\\\/izdelek\\\/green-george\\\/#primaryimage\",\"url\":\"https:\\\/\\\/petriotgin.com\\\/wp-content\\\/uploads\\\/2020\\\/11\\\/GIN_bottle_700ml-02.png\",\"contentUrl\":\"https:\\\/\\\/petriotgin.com\\\/wp-content\\\/uploads\\\/2020\\\/11\\\/GIN_bottle_700ml-02.png\",\"width\":\"332\",\"height\":\"899\",\"caption\":\"Boca slovenskog d\u017eina Petriot\"},{\"@type\":\"BreadcrumbList\",\"@id\":\"https:\\\/\\\/petriotgin.com\\\/hr\\\/izdelek\\\/green-george\\\/#breadcrumb\",\"itemListElement\":[{\"@type\":\"ListItem\",\"position\":1,\"name\":\"Po\u010detna\",\"item\":\"https:\\\/\\\/petriotgin.com\\\/hr\\\/\"},{\"@type\":\"ListItem\",\"position\":2,\"name\":\"Gin Trgovina\",\"item\":\"https:\\\/\\\/petriotgin.com\\\/hr\\\/trgovina\\\/\"},{\"@type\":\"ListItem\",\"position\":3,\"name\":\"GREEN GEORGE D\u017dIN 0.7L\"}]},{\"@type\":\"WebSite\",\"@id\":\"https:\\\/\\\/petriotgin.com\\\/hr\\\/#website\",\"url\":\"https:\\\/\\\/petriotgin.com\\\/hr\\\/\",\"name\":\"Petriot Gin\",\"description\":\"Petriot Distillery, Slovenia\",\"publisher\":{\"@id\":\"https:\\\/\\\/petriotgin.com\\\/hr\\\/#organization\"},\"alternateName\":\"Petriot distillery\",\"potentialAction\":[{\"@type\":\"SearchAction\",\"target\":{\"@type\":\"EntryPoint\",\"urlTemplate\":\"https:\\\/\\\/petriotgin.com\\\/hr\\\/?s={search_term_string}\"},\"query-input\":{\"@type\":\"PropertyValueSpecification\",\"valueRequired\":true,\"valueName\":\"search_term_string\"}}],\"inLanguage\":\"hr\"},{\"@type\":\"Organization\",\"@id\":\"https:\\\/\\\/petriotgin.com\\\/hr\\\/#organization\",\"name\":\"Petriot d.o.o.\",\"alternateName\":\"Petriot Distillery\",\"url\":\"https:\\\/\\\/petriotgin.com\\\/hr\\\/\",\"logo\":{\"@type\":\"ImageObject\",\"inLanguage\":\"hr\",\"@id\":\"https:\\\/\\\/petriotgin.com\\\/hr\\\/#\\\/schema\\\/logo\\\/image\\\/\",\"url\":\"https:\\\/\\\/petriotgin.com\\\/wp-content\\\/uploads\\\/2021\\\/02\\\/Petriot_profil.png\",\"contentUrl\":\"https:\\\/\\\/petriotgin.com\\\/wp-content\\\/uploads\\\/2021\\\/02\\\/Petriot_profil.png\",\"width\":1042,\"height\":1042,\"caption\":\"Petriot d.o.o.\"},\"image\":{\"@id\":\"https:\\\/\\\/petriotgin.com\\\/hr\\\/#\\\/schema\\\/logo\\\/image\\\/\"},\"sameAs\":[\"https:\\\/\\\/www.facebook.com\\\/PetriotGin\",\"https:\\\/\\\/www.instagram.com\\\/petriotgin\\\/\",\"https:\\\/\\\/www.linkedin.com\\\/company\\\/petriot-distillery\"],\"email\":\"ilove@petriotgin.com\",\"telephone\":\"+386 40 75 99 49\",\"legalName\":\"Petriot Distillery\",\"vatID\":\"84583185\",\"taxID\":\"SI84583185\",\"numberOfEmployees\":{\"@type\":\"QuantitativeValue\",\"minValue\":\"1\",\"maxValue\":\"10\"}}]}<\/script>\n<meta property=\"product:price:amount\" content=\"39.04\" \/>\n<meta property=\"product:price:currency\" content=\"EUR\" \/>\n<meta property=\"og:availability\" content=\"instock\" \/>\n<meta property=\"product:availability\" content=\"instock\" \/>\n<meta property=\"product:retailer_item_id\" content=\"GG70\" \/>\n<meta property=\"product:condition\" content=\"new\" \/>\n<!-- \/ Yoast SEO Premium plugin. -->","yoast_head_json":{"title":"GREEN GEORGE D\u017dIN 0.7L - Destilerija Petriot","description":"D\u017ein iznimno aromati\u010dnog okusa. Njegovo podrijetlo izra\u017eavaju sastojci, tipi\u010dni za Belu Krajinu: brezova voda, \u0161ipak, kamilica i stolisnik.","robots":{"index":"index","follow":"follow","max-snippet":"max-snippet:-1","max-image-preview":"max-image-preview:large","max-video-preview":"max-video-preview:-1"},"canonical":"https:\/\/petriotgin.com\/hr\/izdelek\/green-george\/","og_locale":"hr_HR","og_type":"article","og_title":"GREEN GEORGE D\u017dIN 0.7L","og_description":"D\u017ein iznimno aromati\u010dnog okusa. Njegovo podrijetlo izra\u017eavaju sastojci, tipi\u010dni za Belu Krajinu: brezova voda, \u0161ipak, kamilica i stolisnik.","og_url":"https:\/\/petriotgin.com\/hr\/izdelek\/green-george\/","og_site_name":"Destilerija Petriot","article_publisher":"https:\/\/www.facebook.com\/PetriotGin","article_modified_time":"2023-02-23T15:36:53+00:00","og_image":[{"width":332,"height":899,"url":"https:\/\/petriotgin.com\/wp-content\/uploads\/2020\/11\/GIN_bottle_700ml-02.png","type":"image\/png"}],"twitter_card":"summary_large_image","twitter_misc":{"Price":"39.04&euro;","Availability":"In stock"},"schema":{"@context":"https:\/\/schema.org","@graph":[{"@type":"WebPage","@id":"https:\/\/petriotgin.com\/hr\/izdelek\/green-george\/","url":"https:\/\/petriotgin.com\/hr\/izdelek\/green-george\/","name":"GREEN GEORGE D\u017dIN 0.7L - Destilerija Petriot","isPartOf":{"@id":"https:\/\/petriotgin.com\/hr\/#website"},"primaryImageOfPage":{"@id":"https:\/\/petriotgin.com\/hr\/izdelek\/green-george\/#primaryimage"},"image":{"@id":"https:\/\/petriotgin.com\/hr\/izdelek\/green-george\/#primaryimage"},"thumbnailUrl":"https:\/\/petriotgin.com\/wp-content\/uploads\/2020\/11\/GIN_bottle_700ml-02.png","datePublished":"2020-11-30T11:26:45+00:00","dateModified":"2023-02-23T15:36:53+00:00","description":"D\u017ein iznimno aromati\u010dnog okusa. Njegovo podrijetlo izra\u017eavaju sastojci, tipi\u010dni za Belu Krajinu: brezova voda, \u0161ipak, kamilica i stolisnik.","breadcrumb":{"@id":"https:\/\/petriotgin.com\/hr\/izdelek\/green-george\/#breadcrumb"},"inLanguage":"hr","potentialAction":[{"@type":"ReadAction","target":["https:\/\/petriotgin.com\/hr\/izdelek\/green-george\/"]}]},{"@type":"ImageObject","inLanguage":"hr","@id":"https:\/\/petriotgin.com\/hr\/izdelek\/green-george\/#primaryimage","url":"https:\/\/petriotgin.com\/wp-content\/uploads\/2020\/11\/GIN_bottle_700ml-02.png","contentUrl":"https:\/\/petriotgin.com\/wp-content\/uploads\/2020\/11\/GIN_bottle_700ml-02.png","width":"332","height":"899","caption":"Boca slovenskog d\u017eina Petriot"},{"@type":"BreadcrumbList","@id":"https:\/\/petriotgin.com\/hr\/izdelek\/green-george\/#breadcrumb","itemListElement":[{"@type":"ListItem","position":1,"name":"Po\u010detna","item":"https:\/\/petriotgin.com\/hr\/"},{"@type":"ListItem","position":2,"name":"Gin Trgovina","item":"https:\/\/petriotgin.com\/hr\/trgovina\/"},{"@type":"ListItem","position":3,"name":"GREEN GEORGE D\u017dIN 0.7L"}]},{"@type":"WebSite","@id":"https:\/\/petriotgin.com\/hr\/#website","url":"https:\/\/petriotgin.com\/hr\/","name":"Petriot Gin","description":"Petriot Distillery, Slovenia","publisher":{"@id":"https:\/\/petriotgin.com\/hr\/#organization"},"alternateName":"Petriot distillery","potentialAction":[{"@type":"SearchAction","target":{"@type":"EntryPoint","urlTemplate":"https:\/\/petriotgin.com\/hr\/?s={search_term_string}"},"query-input":{"@type":"PropertyValueSpecification","valueRequired":true,"valueName":"search_term_string"}}],"inLanguage":"hr"},{"@type":"Organization","@id":"https:\/\/petriotgin.com\/hr\/#organization","name":"Petriot d.o.o.","alternateName":"Petriot Distillery","url":"https:\/\/petriotgin.com\/hr\/","logo":{"@type":"ImageObject","inLanguage":"hr","@id":"https:\/\/petriotgin.com\/hr\/#\/schema\/logo\/image\/","url":"https:\/\/petriotgin.com\/wp-content\/uploads\/2021\/02\/Petriot_profil.png","contentUrl":"https:\/\/petriotgin.com\/wp-content\/uploads\/2021\/02\/Petriot_profil.png","width":1042,"height":1042,"caption":"Petriot d.o.o."},"image":{"@id":"https:\/\/petriotgin.com\/hr\/#\/schema\/logo\/image\/"},"sameAs":["https:\/\/www.facebook.com\/PetriotGin","https:\/\/www.instagram.com\/petriotgin\/","https:\/\/www.linkedin.com\/company\/petriot-distillery"],"email":"ilove@petriotgin.com","telephone":"+386 40 75 99 49","legalName":"Petriot Distillery","vatID":"84583185","taxID":"SI84583185","numberOfEmployees":{"@type":"QuantitativeValue","minValue":"1","maxValue":"10"}}]},"product_price_amount":"39.04","product_price_currency":"EUR","og_availability":"instock","product_availability":"instock","product_retailer_item_id":"GG70","product_condition":"new"},"_links":{"self":[{"href":"https:\/\/petriotgin.com\/hr\/wp-json\/wp\/v2\/product\/3347","targetHints":{"allow":["GET"]}}],"collection":[{"href":"https:\/\/petriotgin.com\/hr\/wp-json\/wp\/v2\/product"}],"about":[{"href":"https:\/\/petriotgin.com\/hr\/wp-json\/wp\/v2\/types\/product"}],"wp:featuredmedia":[{"embeddable":true,"href":"https:\/\/petriotgin.com\/hr\/wp-json\/wp\/v2\/media\/2937"}],"wp:attachment":[{"href":"https:\/\/petriotgin.com\/hr\/wp-json\/wp\/v2\/media?parent=3347"}],"wp:term":[{"taxonomy":"product_brand","embeddable":true,"href":"https:\/\/petriotgin.com\/hr\/wp-json\/wp\/v2\/product_brand?post=3347"},{"taxonomy":"product_cat","embeddable":true,"href":"https:\/\/petriotgin.com\/hr\/wp-json\/wp\/v2\/product_cat?post=3347"},{"taxonomy":"product_tag","embeddable":true,"href":"https:\/\/petriotgin.com\/hr\/wp-json\/wp\/v2\/product_tag?post=3347"}],"curies":[{"name":"wp","href":"https:\/\/api.w.org\/{rel}","templated":true}]}}