{"id":4141,"date":"2023-02-20T17:39:56","date_gmt":"2023-02-20T16:39:56","guid":{"rendered":"https:\/\/petriotgin.com\/izdelek\/boginja\/"},"modified":"2023-03-30T21:27:04","modified_gmt":"2023-03-30T19:27:04","slug":"boginja","status":"publish","type":"product","link":"https:\/\/petriotgin.com\/hr\/izdelek\/boginja\/","title":{"rendered":"Majica boGINja"},"content":{"rendered":"<p>\u017denska majica sa napisom &#8220;boGINja&#8221;<\/p>\n<p>&nbsp;<\/p>\n","protected":false},"excerpt":{"rendered":"<p>Majica s kratkim rukavom, izra\u0111ena od kvalitetnog i mekanog pamuka s dodatkom elastana, ugodna na dodir i vrlo udobna za no\u0161enje.<\/p>\n<p>Majica je dostupna u bijeloj boji, na prednjoj strani ima jednostavan, crni natpis &#8220;boGINja&#8221;. Dostupna je u svim veli\u010dinama (S, M, L, XL) i je \u017eenskog kroja. Namijenjena je svim ljubiteljicama, poznavateljicama i prijateljicama gina i pi\u0107a s ginom. Mo\u017ee biti odli\u010dan poklon za razli\u010dite prigode kada biste svojoj prijateljici, partnerici, kolegici&#8230; \u017eeljeli pokloniti originalan i zabavan poklon s simpati\u010dnom porukom.<\/p>\n<p>Jednostavno odr\u017eavanje i otporan tisak.<\/p>\n","protected":false},"featured_media":3973,"template":"","meta":{"_acf_changed":false},"product_brand":[],"product_cat":[184,178],"product_tag":[],"class_list":{"0":"post-4141","1":"product","2":"type-product","3":"status-publish","4":"has-post-thumbnail","6":"product_cat-majice-hr","7":"product_cat-originalno-hr","9":"first","10":"instock","11":"taxable","12":"shipping-taxable","13":"purchasable","14":"product-type-variable"},"bundled_by":[],"bundle_stock_status":"instock","bundle_stock_quantity":null,"bundle_virtual":false,"bundle_layout":"","bundle_add_to_cart_form_location":"","bundle_editable_in_cart":false,"bundle_sold_individually_context":"","bundle_item_grouping":"","bundle_min_size":"","bundle_max_size":"","bundle_price":[],"bundled_items":[],"bundle_sell_ids":[],"acf":[],"yoast_head":"<!-- This site is optimized with the Yoast SEO Premium plugin v23.9 (Yoast SEO v27.4) - https:\/\/yoast.com\/product\/yoast-seo-premium-wordpress\/ -->\n<title>Majica boGINja - Destilerija Petriot<\/title>\n<meta name=\"description\" content=\"Majica s natpisom boGINja. Kratko i jasno! Odli\u010dan poklon za svaku \u017eenu, majku, damu, \u010darobnicu, boginju i poznavateljicu gina!\" \/>\n<meta name=\"robots\" content=\"index, follow, max-snippet:-1, max-image-preview:large, max-video-preview:-1\" \/>\n<link rel=\"canonical\" href=\"https:\/\/petriotgin.com\/hr\/izdelek\/boginja\/\" \/>\n<meta property=\"og:locale\" content=\"hr_HR\" \/>\n<meta property=\"og:type\" content=\"article\" \/>\n<meta property=\"og:title\" content=\"Majica boGINja\" \/>\n<meta property=\"og:description\" content=\"Majica s natpisom boGINja. Kratko i jasno! Odli\u010dan poklon za svaku \u017eenu, majku, damu, \u010darobnicu, boginju i poznavateljicu gina!\" \/>\n<meta property=\"og:url\" content=\"https:\/\/petriotgin.com\/hr\/izdelek\/boginja\/\" \/>\n<meta property=\"og:site_name\" content=\"Destilerija Petriot\" \/>\n<meta property=\"article:publisher\" content=\"https:\/\/www.facebook.com\/PetriotGin\" \/>\n<meta property=\"article:modified_time\" content=\"2023-03-30T19:27:04+00:00\" \/>\n<meta property=\"og:image\" content=\"https:\/\/petriotgin.com\/wp-content\/uploads\/2023\/02\/Majica_boGINja-1.jpg\" \/>\n\t<meta property=\"og:image:width\" content=\"1024\" \/>\n\t<meta property=\"og:image:height\" content=\"1536\" \/>\n\t<meta property=\"og:image:type\" content=\"image\/jpeg\" \/>\n<meta name=\"twitter:card\" content=\"summary_large_image\" \/>\n<meta name=\"twitter:label1\" content=\"Availability\" \/>\n\t<meta name=\"twitter:data1\" content=\"In stock\" \/>\n<script type=\"application\/ld+json\" class=\"yoast-schema-graph\">{\"@context\":\"https:\\\/\\\/schema.org\",\"@graph\":[{\"@type\":\"WebPage\",\"@id\":\"https:\\\/\\\/petriotgin.com\\\/hr\\\/izdelek\\\/boginja\\\/\",\"url\":\"https:\\\/\\\/petriotgin.com\\\/hr\\\/izdelek\\\/boginja\\\/\",\"name\":\"Majica boGINja - Destilerija Petriot\",\"isPartOf\":{\"@id\":\"https:\\\/\\\/petriotgin.com\\\/hr\\\/#website\"},\"primaryImageOfPage\":{\"@id\":\"https:\\\/\\\/petriotgin.com\\\/hr\\\/izdelek\\\/boginja\\\/#primaryimage\"},\"image\":{\"@id\":\"https:\\\/\\\/petriotgin.com\\\/hr\\\/izdelek\\\/boginja\\\/#primaryimage\"},\"thumbnailUrl\":\"https:\\\/\\\/petriotgin.com\\\/wp-content\\\/uploads\\\/2023\\\/02\\\/Majica_boGINja-1.jpg\",\"datePublished\":\"2023-02-20T16:39:56+00:00\",\"dateModified\":\"2023-03-30T19:27:04+00:00\",\"description\":\"Majica s natpisom boGINja. Kratko i jasno! Odli\u010dan poklon za svaku \u017eenu, majku, damu, \u010darobnicu, boginju i poznavateljicu gina!\",\"breadcrumb\":{\"@id\":\"https:\\\/\\\/petriotgin.com\\\/hr\\\/izdelek\\\/boginja\\\/#breadcrumb\"},\"inLanguage\":\"hr\",\"potentialAction\":[{\"@type\":\"ReadAction\",\"target\":[\"https:\\\/\\\/petriotgin.com\\\/hr\\\/izdelek\\\/boginja\\\/\"]}]},{\"@type\":\"ImageObject\",\"inLanguage\":\"hr\",\"@id\":\"https:\\\/\\\/petriotgin.com\\\/hr\\\/izdelek\\\/boginja\\\/#primaryimage\",\"url\":\"https:\\\/\\\/petriotgin.com\\\/wp-content\\\/uploads\\\/2023\\\/02\\\/Majica_boGINja-1.jpg\",\"contentUrl\":\"https:\\\/\\\/petriotgin.com\\\/wp-content\\\/uploads\\\/2023\\\/02\\\/Majica_boGINja-1.jpg\",\"width\":1024,\"height\":1536,\"caption\":\"boGINja\"},{\"@type\":\"BreadcrumbList\",\"@id\":\"https:\\\/\\\/petriotgin.com\\\/hr\\\/izdelek\\\/boginja\\\/#breadcrumb\",\"itemListElement\":[{\"@type\":\"ListItem\",\"position\":1,\"name\":\"Po\u010detna\",\"item\":\"https:\\\/\\\/petriotgin.com\\\/hr\\\/\"},{\"@type\":\"ListItem\",\"position\":2,\"name\":\"Gin Trgovina\",\"item\":\"https:\\\/\\\/petriotgin.com\\\/hr\\\/trgovina\\\/\"},{\"@type\":\"ListItem\",\"position\":3,\"name\":\"Majica boGINja\"}]},{\"@type\":\"WebSite\",\"@id\":\"https:\\\/\\\/petriotgin.com\\\/hr\\\/#website\",\"url\":\"https:\\\/\\\/petriotgin.com\\\/hr\\\/\",\"name\":\"Petriot Gin\",\"description\":\"Petriot Distillery, Slovenia\",\"publisher\":{\"@id\":\"https:\\\/\\\/petriotgin.com\\\/hr\\\/#organization\"},\"alternateName\":\"Petriot distillery\",\"potentialAction\":[{\"@type\":\"SearchAction\",\"target\":{\"@type\":\"EntryPoint\",\"urlTemplate\":\"https:\\\/\\\/petriotgin.com\\\/hr\\\/?s={search_term_string}\"},\"query-input\":{\"@type\":\"PropertyValueSpecification\",\"valueRequired\":true,\"valueName\":\"search_term_string\"}}],\"inLanguage\":\"hr\"},{\"@type\":\"Organization\",\"@id\":\"https:\\\/\\\/petriotgin.com\\\/hr\\\/#organization\",\"name\":\"Petriot d.o.o.\",\"alternateName\":\"Petriot Distillery\",\"url\":\"https:\\\/\\\/petriotgin.com\\\/hr\\\/\",\"logo\":{\"@type\":\"ImageObject\",\"inLanguage\":\"hr\",\"@id\":\"https:\\\/\\\/petriotgin.com\\\/hr\\\/#\\\/schema\\\/logo\\\/image\\\/\",\"url\":\"https:\\\/\\\/petriotgin.com\\\/wp-content\\\/uploads\\\/2021\\\/02\\\/Petriot_profil.png\",\"contentUrl\":\"https:\\\/\\\/petriotgin.com\\\/wp-content\\\/uploads\\\/2021\\\/02\\\/Petriot_profil.png\",\"width\":1042,\"height\":1042,\"caption\":\"Petriot d.o.o.\"},\"image\":{\"@id\":\"https:\\\/\\\/petriotgin.com\\\/hr\\\/#\\\/schema\\\/logo\\\/image\\\/\"},\"sameAs\":[\"https:\\\/\\\/www.facebook.com\\\/PetriotGin\",\"https:\\\/\\\/www.instagram.com\\\/petriotgin\\\/\",\"https:\\\/\\\/www.linkedin.com\\\/company\\\/petriot-distillery\"],\"email\":\"ilove@petriotgin.com\",\"telephone\":\"+386 40 75 99 49\",\"legalName\":\"Petriot Distillery\",\"vatID\":\"84583185\",\"taxID\":\"SI84583185\",\"numberOfEmployees\":{\"@type\":\"QuantitativeValue\",\"minValue\":\"1\",\"maxValue\":\"10\"}}]}<\/script>\n<meta property=\"og:availability\" content=\"instock\" \/>\n<meta property=\"product:availability\" content=\"instock\" \/>\n<meta property=\"product:retailer_item_id\" content=\"TSHIRT-BOG\" \/>\n<meta property=\"product:condition\" content=\"new\" \/>\n<!-- \/ Yoast SEO Premium plugin. -->","yoast_head_json":{"title":"Majica boGINja - Destilerija Petriot","description":"Majica s natpisom boGINja. Kratko i jasno! Odli\u010dan poklon za svaku \u017eenu, majku, damu, \u010darobnicu, boginju i poznavateljicu gina!","robots":{"index":"index","follow":"follow","max-snippet":"max-snippet:-1","max-image-preview":"max-image-preview:large","max-video-preview":"max-video-preview:-1"},"canonical":"https:\/\/petriotgin.com\/hr\/izdelek\/boginja\/","og_locale":"hr_HR","og_type":"article","og_title":"Majica boGINja","og_description":"Majica s natpisom boGINja. Kratko i jasno! Odli\u010dan poklon za svaku \u017eenu, majku, damu, \u010darobnicu, boginju i poznavateljicu gina!","og_url":"https:\/\/petriotgin.com\/hr\/izdelek\/boginja\/","og_site_name":"Destilerija Petriot","article_publisher":"https:\/\/www.facebook.com\/PetriotGin","article_modified_time":"2023-03-30T19:27:04+00:00","og_image":[{"width":1024,"height":1536,"url":"https:\/\/petriotgin.com\/wp-content\/uploads\/2023\/02\/Majica_boGINja-1.jpg","type":"image\/jpeg"}],"twitter_card":"summary_large_image","twitter_misc":{"Availability":"In stock"},"schema":{"@context":"https:\/\/schema.org","@graph":[{"@type":"WebPage","@id":"https:\/\/petriotgin.com\/hr\/izdelek\/boginja\/","url":"https:\/\/petriotgin.com\/hr\/izdelek\/boginja\/","name":"Majica boGINja - Destilerija Petriot","isPartOf":{"@id":"https:\/\/petriotgin.com\/hr\/#website"},"primaryImageOfPage":{"@id":"https:\/\/petriotgin.com\/hr\/izdelek\/boginja\/#primaryimage"},"image":{"@id":"https:\/\/petriotgin.com\/hr\/izdelek\/boginja\/#primaryimage"},"thumbnailUrl":"https:\/\/petriotgin.com\/wp-content\/uploads\/2023\/02\/Majica_boGINja-1.jpg","datePublished":"2023-02-20T16:39:56+00:00","dateModified":"2023-03-30T19:27:04+00:00","description":"Majica s natpisom boGINja. Kratko i jasno! Odli\u010dan poklon za svaku \u017eenu, majku, damu, \u010darobnicu, boginju i poznavateljicu gina!","breadcrumb":{"@id":"https:\/\/petriotgin.com\/hr\/izdelek\/boginja\/#breadcrumb"},"inLanguage":"hr","potentialAction":[{"@type":"ReadAction","target":["https:\/\/petriotgin.com\/hr\/izdelek\/boginja\/"]}]},{"@type":"ImageObject","inLanguage":"hr","@id":"https:\/\/petriotgin.com\/hr\/izdelek\/boginja\/#primaryimage","url":"https:\/\/petriotgin.com\/wp-content\/uploads\/2023\/02\/Majica_boGINja-1.jpg","contentUrl":"https:\/\/petriotgin.com\/wp-content\/uploads\/2023\/02\/Majica_boGINja-1.jpg","width":1024,"height":1536,"caption":"boGINja"},{"@type":"BreadcrumbList","@id":"https:\/\/petriotgin.com\/hr\/izdelek\/boginja\/#breadcrumb","itemListElement":[{"@type":"ListItem","position":1,"name":"Po\u010detna","item":"https:\/\/petriotgin.com\/hr\/"},{"@type":"ListItem","position":2,"name":"Gin Trgovina","item":"https:\/\/petriotgin.com\/hr\/trgovina\/"},{"@type":"ListItem","position":3,"name":"Majica boGINja"}]},{"@type":"WebSite","@id":"https:\/\/petriotgin.com\/hr\/#website","url":"https:\/\/petriotgin.com\/hr\/","name":"Petriot Gin","description":"Petriot Distillery, Slovenia","publisher":{"@id":"https:\/\/petriotgin.com\/hr\/#organization"},"alternateName":"Petriot distillery","potentialAction":[{"@type":"SearchAction","target":{"@type":"EntryPoint","urlTemplate":"https:\/\/petriotgin.com\/hr\/?s={search_term_string}"},"query-input":{"@type":"PropertyValueSpecification","valueRequired":true,"valueName":"search_term_string"}}],"inLanguage":"hr"},{"@type":"Organization","@id":"https:\/\/petriotgin.com\/hr\/#organization","name":"Petriot d.o.o.","alternateName":"Petriot Distillery","url":"https:\/\/petriotgin.com\/hr\/","logo":{"@type":"ImageObject","inLanguage":"hr","@id":"https:\/\/petriotgin.com\/hr\/#\/schema\/logo\/image\/","url":"https:\/\/petriotgin.com\/wp-content\/uploads\/2021\/02\/Petriot_profil.png","contentUrl":"https:\/\/petriotgin.com\/wp-content\/uploads\/2021\/02\/Petriot_profil.png","width":1042,"height":1042,"caption":"Petriot d.o.o."},"image":{"@id":"https:\/\/petriotgin.com\/hr\/#\/schema\/logo\/image\/"},"sameAs":["https:\/\/www.facebook.com\/PetriotGin","https:\/\/www.instagram.com\/petriotgin\/","https:\/\/www.linkedin.com\/company\/petriot-distillery"],"email":"ilove@petriotgin.com","telephone":"+386 40 75 99 49","legalName":"Petriot Distillery","vatID":"84583185","taxID":"SI84583185","numberOfEmployees":{"@type":"QuantitativeValue","minValue":"1","maxValue":"10"}}]},"og_availability":"instock","product_availability":"instock","product_retailer_item_id":"TSHIRT-BOG","product_condition":"new"},"_links":{"self":[{"href":"https:\/\/petriotgin.com\/hr\/wp-json\/wp\/v2\/product\/4141","targetHints":{"allow":["GET"]}}],"collection":[{"href":"https:\/\/petriotgin.com\/hr\/wp-json\/wp\/v2\/product"}],"about":[{"href":"https:\/\/petriotgin.com\/hr\/wp-json\/wp\/v2\/types\/product"}],"wp:featuredmedia":[{"embeddable":true,"href":"https:\/\/petriotgin.com\/hr\/wp-json\/wp\/v2\/media\/3973"}],"wp:attachment":[{"href":"https:\/\/petriotgin.com\/hr\/wp-json\/wp\/v2\/media?parent=4141"}],"wp:term":[{"taxonomy":"product_brand","embeddable":true,"href":"https:\/\/petriotgin.com\/hr\/wp-json\/wp\/v2\/product_brand?post=4141"},{"taxonomy":"product_cat","embeddable":true,"href":"https:\/\/petriotgin.com\/hr\/wp-json\/wp\/v2\/product_cat?post=4141"},{"taxonomy":"product_tag","embeddable":true,"href":"https:\/\/petriotgin.com\/hr\/wp-json\/wp\/v2\/product_tag?post=4141"}],"curies":[{"name":"wp","href":"https:\/\/api.w.org\/{rel}","templated":true}]}}