{"id":4198,"date":"2023-03-16T23:11:41","date_gmt":"2023-03-16T22:11:41","guid":{"rendered":"https:\/\/petriotgin.com\/izdelek\/hoodie-boginja\/"},"modified":"2024-05-04T18:43:14","modified_gmt":"2024-05-04T16:43:14","slug":"hoodie-boginja","status":"publish","type":"product","link":"https:\/\/petriotgin.com\/hr\/izdelek\/hoodie-boginja\/","title":{"rendered":"Hoodie boGINja"},"content":{"rendered":"<p>\u017denski hoodie sa napisaom\u00a0&#8220;boGINja&#8221;<\/p>\n<p>&nbsp;<\/p>\n<p>&nbsp;<\/p>\n","protected":false},"excerpt":{"rendered":"<p>Moderna i izuzetno udobna \u017eenska majica s kapulja\u010dom i kenguru d\u017eepom. Izra\u0111ena je od 80% pamuka i 20% poliestera, \u0161to omogu\u0107uje da zadr\u017ei oblik i boju, te da je jednostavna za odr\u017eavanje. Kroj je lagano tijesan, a kapulja\u010da je oblo\u017eena trakom.<\/p>\n<p>Ovo je savr\u0161eni klasik me\u0111u odjevnim predmetima, pogodan za sve prigode. Hoodie u kojoj \u0107e se svaka \u017eena osje\u0107ati kao prava bo\u017eica.<\/p>\n","protected":false},"featured_media":4052,"template":"","meta":{"_acf_changed":false},"product_brand":[],"product_cat":[178],"product_tag":[],"class_list":{"0":"post-4198","1":"product","2":"type-product","3":"status-publish","4":"has-post-thumbnail","6":"product_cat-originalno-hr","8":"first","9":"instock","10":"taxable","11":"shipping-taxable","12":"purchasable","13":"product-type-variable","14":"has-default-attributes"},"bundled_by":[],"bundle_stock_status":"instock","bundle_stock_quantity":null,"bundle_virtual":false,"bundle_layout":"","bundle_add_to_cart_form_location":"","bundle_editable_in_cart":false,"bundle_sold_individually_context":"","bundle_item_grouping":"","bundle_min_size":"","bundle_max_size":"","bundle_price":[],"bundled_items":[],"bundle_sell_ids":[],"acf":[],"yoast_head":"<!-- This site is optimized with the Yoast SEO Premium plugin v23.9 (Yoast SEO v27.3) - https:\/\/yoast.com\/product\/yoast-seo-premium-wordpress\/ -->\n<title>Hoodie boGINja - Destilerija Petriot<\/title>\n<meta name=\"description\" content=\"Moderan i izuzetno udoban \u017eenski kapulja\u010da s kenguru d\u017eepom. Odli\u010dan poklon za prave ljubiteljice i poznavateljice gina.\" \/>\n<meta name=\"robots\" content=\"index, follow, max-snippet:-1, max-image-preview:large, max-video-preview:-1\" \/>\n<link rel=\"canonical\" href=\"https:\/\/petriotgin.com\/hr\/izdelek\/hoodie-boginja\/\" \/>\n<meta property=\"og:locale\" content=\"hr_HR\" \/>\n<meta property=\"og:type\" content=\"article\" \/>\n<meta property=\"og:title\" content=\"Hoodie boGINja\" \/>\n<meta property=\"og:description\" content=\"Moderan i izuzetno udoban \u017eenski kapulja\u010da s kenguru d\u017eepom. Odli\u010dan poklon za prave ljubiteljice i poznavateljice gina.\" \/>\n<meta property=\"og:url\" content=\"https:\/\/petriotgin.com\/hr\/izdelek\/hoodie-boginja\/\" \/>\n<meta property=\"og:site_name\" content=\"Destilerija Petriot\" \/>\n<meta property=\"article:publisher\" content=\"https:\/\/www.facebook.com\/PetriotGin\" \/>\n<meta property=\"article:modified_time\" content=\"2024-05-04T16:43:14+00:00\" \/>\n<meta property=\"og:image\" content=\"https:\/\/petriotgin.com\/wp-content\/uploads\/2021\/02\/Petriot_profil.png\" \/>\n\t<meta property=\"og:image:width\" content=\"1042\" \/>\n\t<meta property=\"og:image:height\" content=\"1042\" \/>\n\t<meta property=\"og:image:type\" content=\"image\/png\" \/>\n<meta name=\"twitter:card\" content=\"summary_large_image\" \/>\n<meta name=\"twitter:label1\" content=\"Availability\" \/>\n\t<meta name=\"twitter:data1\" content=\"In stock\" \/>\n<script type=\"application\/ld+json\" class=\"yoast-schema-graph\">{\"@context\":\"https:\\\/\\\/schema.org\",\"@graph\":[{\"@type\":\"WebPage\",\"@id\":\"https:\\\/\\\/petriotgin.com\\\/hr\\\/izdelek\\\/hoodie-boginja\\\/\",\"url\":\"https:\\\/\\\/petriotgin.com\\\/hr\\\/izdelek\\\/hoodie-boginja\\\/\",\"name\":\"Hoodie boGINja - Destilerija Petriot\",\"isPartOf\":{\"@id\":\"https:\\\/\\\/petriotgin.com\\\/hr\\\/#website\"},\"primaryImageOfPage\":{\"@id\":\"https:\\\/\\\/petriotgin.com\\\/hr\\\/izdelek\\\/hoodie-boginja\\\/#primaryimage\"},\"image\":{\"@id\":\"https:\\\/\\\/petriotgin.com\\\/hr\\\/izdelek\\\/hoodie-boginja\\\/#primaryimage\"},\"thumbnailUrl\":\"https:\\\/\\\/petriotgin.com\\\/wp-content\\\/uploads\\\/2023\\\/03\\\/Hoodie_boGINja1.jpg\",\"datePublished\":\"2023-03-16T22:11:41+00:00\",\"dateModified\":\"2024-05-04T16:43:14+00:00\",\"description\":\"Moderan i izuzetno udoban \u017eenski kapulja\u010da s kenguru d\u017eepom. Odli\u010dan poklon za prave ljubiteljice i poznavateljice gina.\",\"breadcrumb\":{\"@id\":\"https:\\\/\\\/petriotgin.com\\\/hr\\\/izdelek\\\/hoodie-boginja\\\/#breadcrumb\"},\"inLanguage\":\"hr\",\"potentialAction\":[{\"@type\":\"ReadAction\",\"target\":[\"https:\\\/\\\/petriotgin.com\\\/hr\\\/izdelek\\\/hoodie-boginja\\\/\"]}]},{\"@type\":\"ImageObject\",\"inLanguage\":\"hr\",\"@id\":\"https:\\\/\\\/petriotgin.com\\\/hr\\\/izdelek\\\/hoodie-boginja\\\/#primaryimage\",\"url\":\"https:\\\/\\\/petriotgin.com\\\/wp-content\\\/uploads\\\/2023\\\/03\\\/Hoodie_boGINja1.jpg\",\"contentUrl\":\"https:\\\/\\\/petriotgin.com\\\/wp-content\\\/uploads\\\/2023\\\/03\\\/Hoodie_boGINja1.jpg\",\"width\":\"1250\",\"height\":\"1688\",\"caption\":\"\u017denski hoodie Petriot\"},{\"@type\":\"BreadcrumbList\",\"@id\":\"https:\\\/\\\/petriotgin.com\\\/hr\\\/izdelek\\\/hoodie-boginja\\\/#breadcrumb\",\"itemListElement\":[{\"@type\":\"ListItem\",\"position\":1,\"name\":\"Po\u010detna\",\"item\":\"https:\\\/\\\/petriotgin.com\\\/hr\\\/\"},{\"@type\":\"ListItem\",\"position\":2,\"name\":\"Gin Trgovina\",\"item\":\"https:\\\/\\\/petriotgin.com\\\/hr\\\/trgovina\\\/\"},{\"@type\":\"ListItem\",\"position\":3,\"name\":\"Hoodie boGINja\"}]},{\"@type\":\"WebSite\",\"@id\":\"https:\\\/\\\/petriotgin.com\\\/hr\\\/#website\",\"url\":\"https:\\\/\\\/petriotgin.com\\\/hr\\\/\",\"name\":\"Petriot Gin\",\"description\":\"Petriot Distillery, Slovenia\",\"publisher\":{\"@id\":\"https:\\\/\\\/petriotgin.com\\\/hr\\\/#organization\"},\"alternateName\":\"Petriot distillery\",\"potentialAction\":[{\"@type\":\"SearchAction\",\"target\":{\"@type\":\"EntryPoint\",\"urlTemplate\":\"https:\\\/\\\/petriotgin.com\\\/hr\\\/?s={search_term_string}\"},\"query-input\":{\"@type\":\"PropertyValueSpecification\",\"valueRequired\":true,\"valueName\":\"search_term_string\"}}],\"inLanguage\":\"hr\"},{\"@type\":\"Organization\",\"@id\":\"https:\\\/\\\/petriotgin.com\\\/hr\\\/#organization\",\"name\":\"Petriot d.o.o.\",\"alternateName\":\"Petriot Distillery\",\"url\":\"https:\\\/\\\/petriotgin.com\\\/hr\\\/\",\"logo\":{\"@type\":\"ImageObject\",\"inLanguage\":\"hr\",\"@id\":\"https:\\\/\\\/petriotgin.com\\\/hr\\\/#\\\/schema\\\/logo\\\/image\\\/\",\"url\":\"https:\\\/\\\/petriotgin.com\\\/wp-content\\\/uploads\\\/2021\\\/02\\\/Petriot_profil.png\",\"contentUrl\":\"https:\\\/\\\/petriotgin.com\\\/wp-content\\\/uploads\\\/2021\\\/02\\\/Petriot_profil.png\",\"width\":1042,\"height\":1042,\"caption\":\"Petriot d.o.o.\"},\"image\":{\"@id\":\"https:\\\/\\\/petriotgin.com\\\/hr\\\/#\\\/schema\\\/logo\\\/image\\\/\"},\"sameAs\":[\"https:\\\/\\\/www.facebook.com\\\/PetriotGin\",\"https:\\\/\\\/www.instagram.com\\\/petriotgin\\\/\",\"https:\\\/\\\/www.linkedin.com\\\/company\\\/petriot-distillery\"],\"email\":\"ilove@petriotgin.com\",\"telephone\":\"+386 40 75 99 49\",\"legalName\":\"Petriot Distillery\",\"vatID\":\"84583185\",\"taxID\":\"SI84583185\",\"numberOfEmployees\":{\"@type\":\"QuantitativeValue\",\"minValue\":\"1\",\"maxValue\":\"10\"}}]}<\/script>\n<meta property=\"og:availability\" content=\"instock\" \/>\n<meta property=\"product:availability\" content=\"instock\" \/>\n<meta property=\"product:retailer_item_id\" content=\"HOODIE-BOG\" \/>\n<meta property=\"product:condition\" content=\"new\" \/>\n<!-- \/ Yoast SEO Premium plugin. -->","yoast_head_json":{"title":"Hoodie boGINja - Destilerija Petriot","description":"Moderan i izuzetno udoban \u017eenski kapulja\u010da s kenguru d\u017eepom. Odli\u010dan poklon za prave ljubiteljice i poznavateljice gina.","robots":{"index":"index","follow":"follow","max-snippet":"max-snippet:-1","max-image-preview":"max-image-preview:large","max-video-preview":"max-video-preview:-1"},"canonical":"https:\/\/petriotgin.com\/hr\/izdelek\/hoodie-boginja\/","og_locale":"hr_HR","og_type":"article","og_title":"Hoodie boGINja","og_description":"Moderan i izuzetno udoban \u017eenski kapulja\u010da s kenguru d\u017eepom. Odli\u010dan poklon za prave ljubiteljice i poznavateljice gina.","og_url":"https:\/\/petriotgin.com\/hr\/izdelek\/hoodie-boginja\/","og_site_name":"Destilerija Petriot","article_publisher":"https:\/\/www.facebook.com\/PetriotGin","article_modified_time":"2024-05-04T16:43:14+00:00","og_image":[{"width":1042,"height":1042,"url":"https:\/\/petriotgin.com\/wp-content\/uploads\/2021\/02\/Petriot_profil.png","type":"image\/png"}],"twitter_card":"summary_large_image","twitter_misc":{"Availability":"In stock"},"schema":{"@context":"https:\/\/schema.org","@graph":[{"@type":"WebPage","@id":"https:\/\/petriotgin.com\/hr\/izdelek\/hoodie-boginja\/","url":"https:\/\/petriotgin.com\/hr\/izdelek\/hoodie-boginja\/","name":"Hoodie boGINja - Destilerija Petriot","isPartOf":{"@id":"https:\/\/petriotgin.com\/hr\/#website"},"primaryImageOfPage":{"@id":"https:\/\/petriotgin.com\/hr\/izdelek\/hoodie-boginja\/#primaryimage"},"image":{"@id":"https:\/\/petriotgin.com\/hr\/izdelek\/hoodie-boginja\/#primaryimage"},"thumbnailUrl":"https:\/\/petriotgin.com\/wp-content\/uploads\/2023\/03\/Hoodie_boGINja1.jpg","datePublished":"2023-03-16T22:11:41+00:00","dateModified":"2024-05-04T16:43:14+00:00","description":"Moderan i izuzetno udoban \u017eenski kapulja\u010da s kenguru d\u017eepom. Odli\u010dan poklon za prave ljubiteljice i poznavateljice gina.","breadcrumb":{"@id":"https:\/\/petriotgin.com\/hr\/izdelek\/hoodie-boginja\/#breadcrumb"},"inLanguage":"hr","potentialAction":[{"@type":"ReadAction","target":["https:\/\/petriotgin.com\/hr\/izdelek\/hoodie-boginja\/"]}]},{"@type":"ImageObject","inLanguage":"hr","@id":"https:\/\/petriotgin.com\/hr\/izdelek\/hoodie-boginja\/#primaryimage","url":"https:\/\/petriotgin.com\/wp-content\/uploads\/2023\/03\/Hoodie_boGINja1.jpg","contentUrl":"https:\/\/petriotgin.com\/wp-content\/uploads\/2023\/03\/Hoodie_boGINja1.jpg","width":"1250","height":"1688","caption":"\u017denski hoodie Petriot"},{"@type":"BreadcrumbList","@id":"https:\/\/petriotgin.com\/hr\/izdelek\/hoodie-boginja\/#breadcrumb","itemListElement":[{"@type":"ListItem","position":1,"name":"Po\u010detna","item":"https:\/\/petriotgin.com\/hr\/"},{"@type":"ListItem","position":2,"name":"Gin Trgovina","item":"https:\/\/petriotgin.com\/hr\/trgovina\/"},{"@type":"ListItem","position":3,"name":"Hoodie boGINja"}]},{"@type":"WebSite","@id":"https:\/\/petriotgin.com\/hr\/#website","url":"https:\/\/petriotgin.com\/hr\/","name":"Petriot Gin","description":"Petriot Distillery, Slovenia","publisher":{"@id":"https:\/\/petriotgin.com\/hr\/#organization"},"alternateName":"Petriot distillery","potentialAction":[{"@type":"SearchAction","target":{"@type":"EntryPoint","urlTemplate":"https:\/\/petriotgin.com\/hr\/?s={search_term_string}"},"query-input":{"@type":"PropertyValueSpecification","valueRequired":true,"valueName":"search_term_string"}}],"inLanguage":"hr"},{"@type":"Organization","@id":"https:\/\/petriotgin.com\/hr\/#organization","name":"Petriot d.o.o.","alternateName":"Petriot Distillery","url":"https:\/\/petriotgin.com\/hr\/","logo":{"@type":"ImageObject","inLanguage":"hr","@id":"https:\/\/petriotgin.com\/hr\/#\/schema\/logo\/image\/","url":"https:\/\/petriotgin.com\/wp-content\/uploads\/2021\/02\/Petriot_profil.png","contentUrl":"https:\/\/petriotgin.com\/wp-content\/uploads\/2021\/02\/Petriot_profil.png","width":1042,"height":1042,"caption":"Petriot d.o.o."},"image":{"@id":"https:\/\/petriotgin.com\/hr\/#\/schema\/logo\/image\/"},"sameAs":["https:\/\/www.facebook.com\/PetriotGin","https:\/\/www.instagram.com\/petriotgin\/","https:\/\/www.linkedin.com\/company\/petriot-distillery"],"email":"ilove@petriotgin.com","telephone":"+386 40 75 99 49","legalName":"Petriot Distillery","vatID":"84583185","taxID":"SI84583185","numberOfEmployees":{"@type":"QuantitativeValue","minValue":"1","maxValue":"10"}}]},"og_availability":"instock","product_availability":"instock","product_retailer_item_id":"HOODIE-BOG","product_condition":"new"},"_links":{"self":[{"href":"https:\/\/petriotgin.com\/hr\/wp-json\/wp\/v2\/product\/4198","targetHints":{"allow":["GET"]}}],"collection":[{"href":"https:\/\/petriotgin.com\/hr\/wp-json\/wp\/v2\/product"}],"about":[{"href":"https:\/\/petriotgin.com\/hr\/wp-json\/wp\/v2\/types\/product"}],"wp:featuredmedia":[{"embeddable":true,"href":"https:\/\/petriotgin.com\/hr\/wp-json\/wp\/v2\/media\/4052"}],"wp:attachment":[{"href":"https:\/\/petriotgin.com\/hr\/wp-json\/wp\/v2\/media?parent=4198"}],"wp:term":[{"taxonomy":"product_brand","embeddable":true,"href":"https:\/\/petriotgin.com\/hr\/wp-json\/wp\/v2\/product_brand?post=4198"},{"taxonomy":"product_cat","embeddable":true,"href":"https:\/\/petriotgin.com\/hr\/wp-json\/wp\/v2\/product_cat?post=4198"},{"taxonomy":"product_tag","embeddable":true,"href":"https:\/\/petriotgin.com\/hr\/wp-json\/wp\/v2\/product_tag?post=4198"}],"curies":[{"name":"wp","href":"https:\/\/api.w.org\/{rel}","templated":true}]}}