{"id":4596,"date":"2023-06-01T11:49:57","date_gmt":"2023-06-01T09:49:57","guid":{"rendered":"https:\/\/petriotgin.com\/?post_type=product&#038;p=4596"},"modified":"2024-05-04T11:42:08","modified_gmt":"2024-05-04T09:42:08","slug":"belin-bathtub-gin-0-5l","status":"publish","type":"product","link":"https:\/\/petriotgin.com\/hr\/izdelek\/belin-bathtub-gin-0-5l\/","title":{"rendered":"Belin GIN 0.5L"},"content":{"rendered":"<p>Sunce i sol, povezani u na\u0161em primorskom ginu BELIN. Belin je staroslavenski bog sunca koji je osvijetlio solarna polja sun\u010devim zrakama i donio obilje soli. U solnim kutovima primorja, gdje sunce i more solinarima ve\u0107 stolje\u0107ima donose jedinstvenu Piransku sol, prona\u0161li smo inspiraciju za gin Belin.<\/p>\n","protected":false},"excerpt":{"rendered":"<p>Na\u0161a inspiracija je raznovrsnost slovenskog krajolika. Predivno vo\u0107e i bilje smo uklopili u autenti\u010dni okus na\u0161ih ginova.<\/p>\n<p>Belin je prvi slovenski gin, izra\u0111en po tradicionalnoj metodi nazvanoj &#8220;bathtub&#8221; (namakanje u kadi). Za tu metodu je karakteristi\u010dno da se odabrano bilje namaka u alkoholu &#8211; u na\u0161em slu\u010daju u prethodno pripremljenom destilatu gina (borove bobice, korijander, an\u0111elika). Namakanje bilja je tako\u0111er razlog zbog kojeg proizvod dobiva blagu boju.<\/p>\n<p>Kadulja, primorski vrisak i citrusi, dodani ginu naknadno maceracijom, pru\u017eaju pun i bogat okus, dok prstohvat Piranskog soli unosi u njega jedinstvenu inspiraciju mora.\t<\/p>\n","protected":false},"featured_media":5220,"template":"","meta":{"_acf_changed":false},"product_brand":[],"product_cat":[151,206],"product_tag":[],"class_list":{"0":"post-4596","1":"product","2":"type-product","3":"status-publish","4":"has-post-thumbnail","6":"product_cat-dzin","7":"product_cat-slovensko-primorje-hr","9":"first","10":"instock","11":"taxable","12":"shipping-taxable","13":"purchasable","14":"product-type-simple"},"bundled_by":[],"bundle_stock_status":"instock","bundle_stock_quantity":null,"bundle_virtual":false,"bundle_layout":"","bundle_add_to_cart_form_location":"","bundle_editable_in_cart":false,"bundle_sold_individually_context":"","bundle_item_grouping":"","bundle_min_size":"","bundle_max_size":"","bundle_price":[],"bundled_items":[],"bundle_sell_ids":[],"acf":[],"yoast_head":"<!-- This site is optimized with the Yoast SEO Premium plugin v23.9 (Yoast SEO v27.3) - https:\/\/yoast.com\/product\/yoast-seo-premium-wordpress\/ -->\n<title>Belin GIN 0.5L - Destilerija Petriot<\/title>\n<meta name=\"description\" content=\"Sunce i sol, povezani u na\u0161em primorskom ginu BELIN. Belin je prvi slovenski gin, izra\u0111en po tradicionalnoj metodi nazvanoj &quot;bathtub&quot; (namakanje u kadi).\" \/>\n<meta name=\"robots\" content=\"index, follow, max-snippet:-1, max-image-preview:large, max-video-preview:-1\" \/>\n<link rel=\"canonical\" href=\"https:\/\/petriotgin.com\/hr\/izdelek\/belin-bathtub-gin-0-5l\/\" \/>\n<meta property=\"og:locale\" content=\"hr_HR\" \/>\n<meta property=\"og:type\" content=\"article\" \/>\n<meta property=\"og:title\" content=\"Belin GIN 0.5L\" \/>\n<meta property=\"og:description\" content=\"Sunce i sol, povezani u na\u0161em primorskom ginu BELIN. Belin je prvi slovenski gin, izra\u0111en po tradicionalnoj metodi nazvanoj &quot;bathtub&quot; (namakanje u kadi).\" \/>\n<meta property=\"og:url\" content=\"https:\/\/petriotgin.com\/hr\/izdelek\/belin-bathtub-gin-0-5l\/\" \/>\n<meta property=\"og:site_name\" content=\"Destilerija Petriot\" \/>\n<meta property=\"article:publisher\" content=\"https:\/\/www.facebook.com\/PetriotGin\" \/>\n<meta property=\"article:modified_time\" content=\"2024-05-04T09:42:08+00:00\" \/>\n<meta property=\"og:image\" content=\"https:\/\/petriotgin.com\/wp-content\/uploads\/2024\/03\/belin-bathtub-gin-botanical-signature.webp\" \/>\n\t<meta property=\"og:image:width\" content=\"800\" \/>\n\t<meta property=\"og:image:height\" content=\"838\" \/>\n\t<meta property=\"og:image:type\" content=\"image\/webp\" \/>\n<meta name=\"twitter:card\" content=\"summary_large_image\" \/>\n<meta name=\"twitter:label1\" content=\"Price\" \/>\n\t<meta name=\"twitter:data1\" content=\"34.16&euro;\" \/>\n\t<meta name=\"twitter:label2\" content=\"Availability\" \/>\n\t<meta name=\"twitter:data2\" content=\"In stock\" \/>\n<script type=\"application\/ld+json\" class=\"yoast-schema-graph\">{\"@context\":\"https:\\\/\\\/schema.org\",\"@graph\":[{\"@type\":\"WebPage\",\"@id\":\"https:\\\/\\\/petriotgin.com\\\/hr\\\/izdelek\\\/belin-bathtub-gin-0-5l\\\/\",\"url\":\"https:\\\/\\\/petriotgin.com\\\/hr\\\/izdelek\\\/belin-bathtub-gin-0-5l\\\/\",\"name\":\"Belin GIN 0.5L - Destilerija Petriot\",\"isPartOf\":{\"@id\":\"https:\\\/\\\/petriotgin.com\\\/hr\\\/#website\"},\"primaryImageOfPage\":{\"@id\":\"https:\\\/\\\/petriotgin.com\\\/hr\\\/izdelek\\\/belin-bathtub-gin-0-5l\\\/#primaryimage\"},\"image\":{\"@id\":\"https:\\\/\\\/petriotgin.com\\\/hr\\\/izdelek\\\/belin-bathtub-gin-0-5l\\\/#primaryimage\"},\"thumbnailUrl\":\"https:\\\/\\\/petriotgin.com\\\/wp-content\\\/uploads\\\/2024\\\/03\\\/belin-bathtub-gin-botanical-signature.webp\",\"datePublished\":\"2023-06-01T09:49:57+00:00\",\"dateModified\":\"2024-05-04T09:42:08+00:00\",\"description\":\"Sunce i sol, povezani u na\u0161em primorskom ginu BELIN. Belin je prvi slovenski gin, izra\u0111en po tradicionalnoj metodi nazvanoj \\\"bathtub\\\" (namakanje u kadi).\",\"breadcrumb\":{\"@id\":\"https:\\\/\\\/petriotgin.com\\\/hr\\\/izdelek\\\/belin-bathtub-gin-0-5l\\\/#breadcrumb\"},\"inLanguage\":\"hr\",\"potentialAction\":[{\"@type\":\"ReadAction\",\"target\":[\"https:\\\/\\\/petriotgin.com\\\/hr\\\/izdelek\\\/belin-bathtub-gin-0-5l\\\/\"]}]},{\"@type\":\"ImageObject\",\"inLanguage\":\"hr\",\"@id\":\"https:\\\/\\\/petriotgin.com\\\/hr\\\/izdelek\\\/belin-bathtub-gin-0-5l\\\/#primaryimage\",\"url\":\"https:\\\/\\\/petriotgin.com\\\/wp-content\\\/uploads\\\/2024\\\/03\\\/belin-bathtub-gin-botanical-signature.webp\",\"contentUrl\":\"https:\\\/\\\/petriotgin.com\\\/wp-content\\\/uploads\\\/2024\\\/03\\\/belin-bathtub-gin-botanical-signature.webp\",\"width\":800,\"height\":838,\"caption\":\"Belin bathtub gin\"},{\"@type\":\"BreadcrumbList\",\"@id\":\"https:\\\/\\\/petriotgin.com\\\/hr\\\/izdelek\\\/belin-bathtub-gin-0-5l\\\/#breadcrumb\",\"itemListElement\":[{\"@type\":\"ListItem\",\"position\":1,\"name\":\"Po\u010detna\",\"item\":\"https:\\\/\\\/petriotgin.com\\\/hr\\\/\"},{\"@type\":\"ListItem\",\"position\":2,\"name\":\"Gin Trgovina\",\"item\":\"https:\\\/\\\/petriotgin.com\\\/hr\\\/trgovina\\\/\"},{\"@type\":\"ListItem\",\"position\":3,\"name\":\"Belin GIN 0.5L\"}]},{\"@type\":\"WebSite\",\"@id\":\"https:\\\/\\\/petriotgin.com\\\/hr\\\/#website\",\"url\":\"https:\\\/\\\/petriotgin.com\\\/hr\\\/\",\"name\":\"Petriot Gin\",\"description\":\"Petriot Distillery, Slovenia\",\"publisher\":{\"@id\":\"https:\\\/\\\/petriotgin.com\\\/hr\\\/#organization\"},\"alternateName\":\"Petriot distillery\",\"potentialAction\":[{\"@type\":\"SearchAction\",\"target\":{\"@type\":\"EntryPoint\",\"urlTemplate\":\"https:\\\/\\\/petriotgin.com\\\/hr\\\/?s={search_term_string}\"},\"query-input\":{\"@type\":\"PropertyValueSpecification\",\"valueRequired\":true,\"valueName\":\"search_term_string\"}}],\"inLanguage\":\"hr\"},{\"@type\":\"Organization\",\"@id\":\"https:\\\/\\\/petriotgin.com\\\/hr\\\/#organization\",\"name\":\"Petriot d.o.o.\",\"alternateName\":\"Petriot Distillery\",\"url\":\"https:\\\/\\\/petriotgin.com\\\/hr\\\/\",\"logo\":{\"@type\":\"ImageObject\",\"inLanguage\":\"hr\",\"@id\":\"https:\\\/\\\/petriotgin.com\\\/hr\\\/#\\\/schema\\\/logo\\\/image\\\/\",\"url\":\"https:\\\/\\\/petriotgin.com\\\/wp-content\\\/uploads\\\/2021\\\/02\\\/Petriot_profil.png\",\"contentUrl\":\"https:\\\/\\\/petriotgin.com\\\/wp-content\\\/uploads\\\/2021\\\/02\\\/Petriot_profil.png\",\"width\":1042,\"height\":1042,\"caption\":\"Petriot d.o.o.\"},\"image\":{\"@id\":\"https:\\\/\\\/petriotgin.com\\\/hr\\\/#\\\/schema\\\/logo\\\/image\\\/\"},\"sameAs\":[\"https:\\\/\\\/www.facebook.com\\\/PetriotGin\",\"https:\\\/\\\/www.instagram.com\\\/petriotgin\\\/\",\"https:\\\/\\\/www.linkedin.com\\\/company\\\/petriot-distillery\"],\"email\":\"ilove@petriotgin.com\",\"telephone\":\"+386 40 75 99 49\",\"legalName\":\"Petriot Distillery\",\"vatID\":\"84583185\",\"taxID\":\"SI84583185\",\"numberOfEmployees\":{\"@type\":\"QuantitativeValue\",\"minValue\":\"1\",\"maxValue\":\"10\"}}]}<\/script>\n<meta property=\"product:price:amount\" content=\"34.16\" \/>\n<meta property=\"product:price:currency\" content=\"EUR\" \/>\n<meta property=\"og:availability\" content=\"instock\" \/>\n<meta property=\"product:availability\" content=\"instock\" \/>\n<meta property=\"product:retailer_item_id\" content=\"BE50\" \/>\n<meta property=\"product:condition\" content=\"new\" \/>\n<!-- \/ Yoast SEO Premium plugin. -->","yoast_head_json":{"title":"Belin GIN 0.5L - Destilerija Petriot","description":"Sunce i sol, povezani u na\u0161em primorskom ginu BELIN. Belin je prvi slovenski gin, izra\u0111en po tradicionalnoj metodi nazvanoj \"bathtub\" (namakanje u kadi).","robots":{"index":"index","follow":"follow","max-snippet":"max-snippet:-1","max-image-preview":"max-image-preview:large","max-video-preview":"max-video-preview:-1"},"canonical":"https:\/\/petriotgin.com\/hr\/izdelek\/belin-bathtub-gin-0-5l\/","og_locale":"hr_HR","og_type":"article","og_title":"Belin GIN 0.5L","og_description":"Sunce i sol, povezani u na\u0161em primorskom ginu BELIN. Belin je prvi slovenski gin, izra\u0111en po tradicionalnoj metodi nazvanoj \"bathtub\" (namakanje u kadi).","og_url":"https:\/\/petriotgin.com\/hr\/izdelek\/belin-bathtub-gin-0-5l\/","og_site_name":"Destilerija Petriot","article_publisher":"https:\/\/www.facebook.com\/PetriotGin","article_modified_time":"2024-05-04T09:42:08+00:00","og_image":[{"width":800,"height":838,"url":"https:\/\/petriotgin.com\/wp-content\/uploads\/2024\/03\/belin-bathtub-gin-botanical-signature.webp","type":"image\/webp"}],"twitter_card":"summary_large_image","twitter_misc":{"Price":"34.16&euro;","Availability":"In stock"},"schema":{"@context":"https:\/\/schema.org","@graph":[{"@type":"WebPage","@id":"https:\/\/petriotgin.com\/hr\/izdelek\/belin-bathtub-gin-0-5l\/","url":"https:\/\/petriotgin.com\/hr\/izdelek\/belin-bathtub-gin-0-5l\/","name":"Belin GIN 0.5L - Destilerija Petriot","isPartOf":{"@id":"https:\/\/petriotgin.com\/hr\/#website"},"primaryImageOfPage":{"@id":"https:\/\/petriotgin.com\/hr\/izdelek\/belin-bathtub-gin-0-5l\/#primaryimage"},"image":{"@id":"https:\/\/petriotgin.com\/hr\/izdelek\/belin-bathtub-gin-0-5l\/#primaryimage"},"thumbnailUrl":"https:\/\/petriotgin.com\/wp-content\/uploads\/2024\/03\/belin-bathtub-gin-botanical-signature.webp","datePublished":"2023-06-01T09:49:57+00:00","dateModified":"2024-05-04T09:42:08+00:00","description":"Sunce i sol, povezani u na\u0161em primorskom ginu BELIN. Belin je prvi slovenski gin, izra\u0111en po tradicionalnoj metodi nazvanoj \"bathtub\" (namakanje u kadi).","breadcrumb":{"@id":"https:\/\/petriotgin.com\/hr\/izdelek\/belin-bathtub-gin-0-5l\/#breadcrumb"},"inLanguage":"hr","potentialAction":[{"@type":"ReadAction","target":["https:\/\/petriotgin.com\/hr\/izdelek\/belin-bathtub-gin-0-5l\/"]}]},{"@type":"ImageObject","inLanguage":"hr","@id":"https:\/\/petriotgin.com\/hr\/izdelek\/belin-bathtub-gin-0-5l\/#primaryimage","url":"https:\/\/petriotgin.com\/wp-content\/uploads\/2024\/03\/belin-bathtub-gin-botanical-signature.webp","contentUrl":"https:\/\/petriotgin.com\/wp-content\/uploads\/2024\/03\/belin-bathtub-gin-botanical-signature.webp","width":800,"height":838,"caption":"Belin bathtub gin"},{"@type":"BreadcrumbList","@id":"https:\/\/petriotgin.com\/hr\/izdelek\/belin-bathtub-gin-0-5l\/#breadcrumb","itemListElement":[{"@type":"ListItem","position":1,"name":"Po\u010detna","item":"https:\/\/petriotgin.com\/hr\/"},{"@type":"ListItem","position":2,"name":"Gin Trgovina","item":"https:\/\/petriotgin.com\/hr\/trgovina\/"},{"@type":"ListItem","position":3,"name":"Belin GIN 0.5L"}]},{"@type":"WebSite","@id":"https:\/\/petriotgin.com\/hr\/#website","url":"https:\/\/petriotgin.com\/hr\/","name":"Petriot Gin","description":"Petriot Distillery, Slovenia","publisher":{"@id":"https:\/\/petriotgin.com\/hr\/#organization"},"alternateName":"Petriot distillery","potentialAction":[{"@type":"SearchAction","target":{"@type":"EntryPoint","urlTemplate":"https:\/\/petriotgin.com\/hr\/?s={search_term_string}"},"query-input":{"@type":"PropertyValueSpecification","valueRequired":true,"valueName":"search_term_string"}}],"inLanguage":"hr"},{"@type":"Organization","@id":"https:\/\/petriotgin.com\/hr\/#organization","name":"Petriot d.o.o.","alternateName":"Petriot Distillery","url":"https:\/\/petriotgin.com\/hr\/","logo":{"@type":"ImageObject","inLanguage":"hr","@id":"https:\/\/petriotgin.com\/hr\/#\/schema\/logo\/image\/","url":"https:\/\/petriotgin.com\/wp-content\/uploads\/2021\/02\/Petriot_profil.png","contentUrl":"https:\/\/petriotgin.com\/wp-content\/uploads\/2021\/02\/Petriot_profil.png","width":1042,"height":1042,"caption":"Petriot d.o.o."},"image":{"@id":"https:\/\/petriotgin.com\/hr\/#\/schema\/logo\/image\/"},"sameAs":["https:\/\/www.facebook.com\/PetriotGin","https:\/\/www.instagram.com\/petriotgin\/","https:\/\/www.linkedin.com\/company\/petriot-distillery"],"email":"ilove@petriotgin.com","telephone":"+386 40 75 99 49","legalName":"Petriot Distillery","vatID":"84583185","taxID":"SI84583185","numberOfEmployees":{"@type":"QuantitativeValue","minValue":"1","maxValue":"10"}}]},"product_price_amount":"34.16","product_price_currency":"EUR","og_availability":"instock","product_availability":"instock","product_retailer_item_id":"BE50","product_condition":"new"},"_links":{"self":[{"href":"https:\/\/petriotgin.com\/hr\/wp-json\/wp\/v2\/product\/4596","targetHints":{"allow":["GET"]}}],"collection":[{"href":"https:\/\/petriotgin.com\/hr\/wp-json\/wp\/v2\/product"}],"about":[{"href":"https:\/\/petriotgin.com\/hr\/wp-json\/wp\/v2\/types\/product"}],"wp:featuredmedia":[{"embeddable":true,"href":"https:\/\/petriotgin.com\/hr\/wp-json\/wp\/v2\/media\/5220"}],"wp:attachment":[{"href":"https:\/\/petriotgin.com\/hr\/wp-json\/wp\/v2\/media?parent=4596"}],"wp:term":[{"taxonomy":"product_brand","embeddable":true,"href":"https:\/\/petriotgin.com\/hr\/wp-json\/wp\/v2\/product_brand?post=4596"},{"taxonomy":"product_cat","embeddable":true,"href":"https:\/\/petriotgin.com\/hr\/wp-json\/wp\/v2\/product_cat?post=4596"},{"taxonomy":"product_tag","embeddable":true,"href":"https:\/\/petriotgin.com\/hr\/wp-json\/wp\/v2\/product_tag?post=4596"}],"curies":[{"name":"wp","href":"https:\/\/api.w.org\/{rel}","templated":true}]}}