{"id":4625,"date":"2023-06-14T19:51:52","date_gmt":"2023-04-14T17:51:52","guid":{"rendered":"https:\/\/petriotgin.com\/?post_type=product&#038;p=4625"},"modified":"2024-05-04T15:56:10","modified_gmt":"2024-05-04T13:56:10","slug":"bezalkoholni-gin-virgin-style","status":"publish","type":"product","link":"https:\/\/petriotgin.com\/hr\/izdelek\/bezalkoholni-gin-virgin-style\/","title":{"rendered":"Ciciban virgin style 0.5L"},"content":{"rendered":"<p>BEZ ALKOHOLA!<\/p>\n<p>Na\u0161a inspiracija dolazi iz raznolikosti slovenskog krajolika. Predivno vo\u0107e i bilje smo ukomponirali u autenti\u010dan okus na\u0161ih pi\u0107a.<\/p>\n<p>Ciciban je znati\u017eeljan dje\u010dak koji svojom iskreno\u0161\u0107u, dobrotom i smijehom istra\u017euje svijet oko sebe. Veliki slovenski pjesnik Oton \u017dupan\u010di\u010d koji dolazi iz Bele krajine prikazao ga je u svojoj pjesni\u010dkoj zbirci &#8220;Mehur\u010dki&#8221;. Pjesme o Cicibanu su prava eksplozija \u017eivotne radosti, raznolikosti i sun\u010danog raspolo\u017eenja.<\/p>\n","protected":false},"excerpt":{"rendered":"<p>Bezalkoholni destilirani napitak napravljen od prirodnih destilata biljaka, vode i limunske kiseline. Konzervans: kalijev sorbat. Najbolje upotrijebiti u roku od 12 mjeseci od datuma proizvodnje. Nakon otvaranja, \u010duvati na vidljivom mjestu i potro\u0161iti u roku od 4 tjedna.<\/p>\n","protected":false},"featured_media":5216,"template":"","meta":{"_acf_changed":false},"product_brand":[],"product_cat":[152,151],"product_tag":[],"class_list":{"0":"post-4625","1":"product","2":"type-product","3":"status-publish","4":"has-post-thumbnail","6":"product_cat-serija-bela-krajina-hr","7":"product_cat-dzin","9":"first","10":"instock","11":"taxable","12":"shipping-taxable","13":"purchasable","14":"product-type-simple"},"bundled_by":[],"bundle_stock_status":"instock","bundle_stock_quantity":null,"bundle_virtual":false,"bundle_layout":"","bundle_add_to_cart_form_location":"","bundle_editable_in_cart":false,"bundle_sold_individually_context":"","bundle_item_grouping":"","bundle_min_size":"","bundle_max_size":"","bundle_price":[],"bundled_items":[],"bundle_sell_ids":[],"acf":[],"yoast_head":"<!-- This site is optimized with the Yoast SEO Premium plugin v23.9 (Yoast SEO v27.3) - https:\/\/yoast.com\/product\/yoast-seo-premium-wordpress\/ -->\n<title>Ciciban virgin style 0.5L - Destilerija Petriot<\/title>\n<meta name=\"description\" content=\"Ciciban virgin style je destilirani bezalkoholni napitak bogatog okusa bobica borovice i ostalih biljnih sastojaka, izvrstan za pripremu ukusnih koktela.\" \/>\n<meta name=\"robots\" content=\"index, follow, max-snippet:-1, max-image-preview:large, max-video-preview:-1\" \/>\n<link rel=\"canonical\" href=\"https:\/\/petriotgin.com\/hr\/izdelek\/bezalkoholni-gin-virgin-style\/\" \/>\n<meta property=\"og:locale\" content=\"hr_HR\" \/>\n<meta property=\"og:type\" content=\"article\" \/>\n<meta property=\"og:title\" content=\"Ciciban virgin style 0.5L\" \/>\n<meta property=\"og:description\" content=\"Ciciban virgin style je destilirani bezalkoholni napitak bogatog okusa bobica borovice i ostalih biljnih sastojaka, izvrstan za pripremu ukusnih koktela.\" \/>\n<meta property=\"og:url\" content=\"https:\/\/petriotgin.com\/hr\/izdelek\/bezalkoholni-gin-virgin-style\/\" \/>\n<meta property=\"og:site_name\" content=\"Destilerija Petriot\" \/>\n<meta property=\"article:publisher\" content=\"https:\/\/www.facebook.com\/PetriotGin\" \/>\n<meta property=\"article:modified_time\" content=\"2024-05-04T13:56:10+00:00\" \/>\n<meta property=\"og:image\" content=\"https:\/\/petriotgin.com\/wp-content\/uploads\/2024\/03\/ciciban-virgin-style-gin.webp\" \/>\n\t<meta property=\"og:image:width\" content=\"800\" \/>\n\t<meta property=\"og:image:height\" content=\"838\" \/>\n\t<meta property=\"og:image:type\" content=\"image\/webp\" \/>\n<meta name=\"twitter:card\" content=\"summary_large_image\" \/>\n<meta name=\"twitter:label1\" content=\"Price\" \/>\n\t<meta name=\"twitter:data1\" content=\"24.40&euro;\" \/>\n\t<meta name=\"twitter:label2\" content=\"Availability\" \/>\n\t<meta name=\"twitter:data2\" content=\"In stock\" \/>\n<script type=\"application\/ld+json\" class=\"yoast-schema-graph\">{\"@context\":\"https:\\\/\\\/schema.org\",\"@graph\":[{\"@type\":\"WebPage\",\"@id\":\"https:\\\/\\\/petriotgin.com\\\/hr\\\/izdelek\\\/bezalkoholni-gin-virgin-style\\\/\",\"url\":\"https:\\\/\\\/petriotgin.com\\\/hr\\\/izdelek\\\/bezalkoholni-gin-virgin-style\\\/\",\"name\":\"Ciciban virgin style 0.5L - Destilerija Petriot\",\"isPartOf\":{\"@id\":\"https:\\\/\\\/petriotgin.com\\\/hr\\\/#website\"},\"primaryImageOfPage\":{\"@id\":\"https:\\\/\\\/petriotgin.com\\\/hr\\\/izdelek\\\/bezalkoholni-gin-virgin-style\\\/#primaryimage\"},\"image\":{\"@id\":\"https:\\\/\\\/petriotgin.com\\\/hr\\\/izdelek\\\/bezalkoholni-gin-virgin-style\\\/#primaryimage\"},\"thumbnailUrl\":\"https:\\\/\\\/petriotgin.com\\\/wp-content\\\/uploads\\\/2024\\\/03\\\/ciciban-virgin-style-gin.webp\",\"datePublished\":\"2023-04-14T17:51:52+00:00\",\"dateModified\":\"2024-05-04T13:56:10+00:00\",\"description\":\"Ciciban virgin style je destilirani bezalkoholni napitak bogatog okusa bobica borovice i ostalih biljnih sastojaka, izvrstan za pripremu ukusnih koktela.\",\"breadcrumb\":{\"@id\":\"https:\\\/\\\/petriotgin.com\\\/hr\\\/izdelek\\\/bezalkoholni-gin-virgin-style\\\/#breadcrumb\"},\"inLanguage\":\"hr\",\"potentialAction\":[{\"@type\":\"ReadAction\",\"target\":[\"https:\\\/\\\/petriotgin.com\\\/hr\\\/izdelek\\\/bezalkoholni-gin-virgin-style\\\/\"]}]},{\"@type\":\"ImageObject\",\"inLanguage\":\"hr\",\"@id\":\"https:\\\/\\\/petriotgin.com\\\/hr\\\/izdelek\\\/bezalkoholni-gin-virgin-style\\\/#primaryimage\",\"url\":\"https:\\\/\\\/petriotgin.com\\\/wp-content\\\/uploads\\\/2024\\\/03\\\/ciciban-virgin-style-gin.webp\",\"contentUrl\":\"https:\\\/\\\/petriotgin.com\\\/wp-content\\\/uploads\\\/2024\\\/03\\\/ciciban-virgin-style-gin.webp\",\"width\":800,\"height\":838,\"caption\":\"Ciciban virgin style gin\"},{\"@type\":\"BreadcrumbList\",\"@id\":\"https:\\\/\\\/petriotgin.com\\\/hr\\\/izdelek\\\/bezalkoholni-gin-virgin-style\\\/#breadcrumb\",\"itemListElement\":[{\"@type\":\"ListItem\",\"position\":1,\"name\":\"Po\u010detna\",\"item\":\"https:\\\/\\\/petriotgin.com\\\/hr\\\/\"},{\"@type\":\"ListItem\",\"position\":2,\"name\":\"Gin Trgovina\",\"item\":\"https:\\\/\\\/petriotgin.com\\\/hr\\\/trgovina\\\/\"},{\"@type\":\"ListItem\",\"position\":3,\"name\":\"Ciciban virgin style 0.5L\"}]},{\"@type\":\"WebSite\",\"@id\":\"https:\\\/\\\/petriotgin.com\\\/hr\\\/#website\",\"url\":\"https:\\\/\\\/petriotgin.com\\\/hr\\\/\",\"name\":\"Petriot Gin\",\"description\":\"Petriot Distillery, Slovenia\",\"publisher\":{\"@id\":\"https:\\\/\\\/petriotgin.com\\\/hr\\\/#organization\"},\"alternateName\":\"Petriot distillery\",\"potentialAction\":[{\"@type\":\"SearchAction\",\"target\":{\"@type\":\"EntryPoint\",\"urlTemplate\":\"https:\\\/\\\/petriotgin.com\\\/hr\\\/?s={search_term_string}\"},\"query-input\":{\"@type\":\"PropertyValueSpecification\",\"valueRequired\":true,\"valueName\":\"search_term_string\"}}],\"inLanguage\":\"hr\"},{\"@type\":\"Organization\",\"@id\":\"https:\\\/\\\/petriotgin.com\\\/hr\\\/#organization\",\"name\":\"Petriot d.o.o.\",\"alternateName\":\"Petriot Distillery\",\"url\":\"https:\\\/\\\/petriotgin.com\\\/hr\\\/\",\"logo\":{\"@type\":\"ImageObject\",\"inLanguage\":\"hr\",\"@id\":\"https:\\\/\\\/petriotgin.com\\\/hr\\\/#\\\/schema\\\/logo\\\/image\\\/\",\"url\":\"https:\\\/\\\/petriotgin.com\\\/wp-content\\\/uploads\\\/2021\\\/02\\\/Petriot_profil.png\",\"contentUrl\":\"https:\\\/\\\/petriotgin.com\\\/wp-content\\\/uploads\\\/2021\\\/02\\\/Petriot_profil.png\",\"width\":1042,\"height\":1042,\"caption\":\"Petriot d.o.o.\"},\"image\":{\"@id\":\"https:\\\/\\\/petriotgin.com\\\/hr\\\/#\\\/schema\\\/logo\\\/image\\\/\"},\"sameAs\":[\"https:\\\/\\\/www.facebook.com\\\/PetriotGin\",\"https:\\\/\\\/www.instagram.com\\\/petriotgin\\\/\",\"https:\\\/\\\/www.linkedin.com\\\/company\\\/petriot-distillery\"],\"email\":\"ilove@petriotgin.com\",\"telephone\":\"+386 40 75 99 49\",\"legalName\":\"Petriot Distillery\",\"vatID\":\"84583185\",\"taxID\":\"SI84583185\",\"numberOfEmployees\":{\"@type\":\"QuantitativeValue\",\"minValue\":\"1\",\"maxValue\":\"10\"}}]}<\/script>\n<meta property=\"product:price:amount\" content=\"24.40\" \/>\n<meta property=\"product:price:currency\" content=\"EUR\" \/>\n<meta property=\"og:availability\" content=\"instock\" \/>\n<meta property=\"product:availability\" content=\"instock\" \/>\n<meta property=\"product:retailer_item_id\" content=\"CI50\" \/>\n<meta property=\"product:condition\" content=\"new\" \/>\n<!-- \/ Yoast SEO Premium plugin. -->","yoast_head_json":{"title":"Ciciban virgin style 0.5L - Destilerija Petriot","description":"Ciciban virgin style je destilirani bezalkoholni napitak bogatog okusa bobica borovice i ostalih biljnih sastojaka, izvrstan za pripremu ukusnih koktela.","robots":{"index":"index","follow":"follow","max-snippet":"max-snippet:-1","max-image-preview":"max-image-preview:large","max-video-preview":"max-video-preview:-1"},"canonical":"https:\/\/petriotgin.com\/hr\/izdelek\/bezalkoholni-gin-virgin-style\/","og_locale":"hr_HR","og_type":"article","og_title":"Ciciban virgin style 0.5L","og_description":"Ciciban virgin style je destilirani bezalkoholni napitak bogatog okusa bobica borovice i ostalih biljnih sastojaka, izvrstan za pripremu ukusnih koktela.","og_url":"https:\/\/petriotgin.com\/hr\/izdelek\/bezalkoholni-gin-virgin-style\/","og_site_name":"Destilerija Petriot","article_publisher":"https:\/\/www.facebook.com\/PetriotGin","article_modified_time":"2024-05-04T13:56:10+00:00","og_image":[{"width":800,"height":838,"url":"https:\/\/petriotgin.com\/wp-content\/uploads\/2024\/03\/ciciban-virgin-style-gin.webp","type":"image\/webp"}],"twitter_card":"summary_large_image","twitter_misc":{"Price":"24.40&euro;","Availability":"In stock"},"schema":{"@context":"https:\/\/schema.org","@graph":[{"@type":"WebPage","@id":"https:\/\/petriotgin.com\/hr\/izdelek\/bezalkoholni-gin-virgin-style\/","url":"https:\/\/petriotgin.com\/hr\/izdelek\/bezalkoholni-gin-virgin-style\/","name":"Ciciban virgin style 0.5L - Destilerija Petriot","isPartOf":{"@id":"https:\/\/petriotgin.com\/hr\/#website"},"primaryImageOfPage":{"@id":"https:\/\/petriotgin.com\/hr\/izdelek\/bezalkoholni-gin-virgin-style\/#primaryimage"},"image":{"@id":"https:\/\/petriotgin.com\/hr\/izdelek\/bezalkoholni-gin-virgin-style\/#primaryimage"},"thumbnailUrl":"https:\/\/petriotgin.com\/wp-content\/uploads\/2024\/03\/ciciban-virgin-style-gin.webp","datePublished":"2023-04-14T17:51:52+00:00","dateModified":"2024-05-04T13:56:10+00:00","description":"Ciciban virgin style je destilirani bezalkoholni napitak bogatog okusa bobica borovice i ostalih biljnih sastojaka, izvrstan za pripremu ukusnih koktela.","breadcrumb":{"@id":"https:\/\/petriotgin.com\/hr\/izdelek\/bezalkoholni-gin-virgin-style\/#breadcrumb"},"inLanguage":"hr","potentialAction":[{"@type":"ReadAction","target":["https:\/\/petriotgin.com\/hr\/izdelek\/bezalkoholni-gin-virgin-style\/"]}]},{"@type":"ImageObject","inLanguage":"hr","@id":"https:\/\/petriotgin.com\/hr\/izdelek\/bezalkoholni-gin-virgin-style\/#primaryimage","url":"https:\/\/petriotgin.com\/wp-content\/uploads\/2024\/03\/ciciban-virgin-style-gin.webp","contentUrl":"https:\/\/petriotgin.com\/wp-content\/uploads\/2024\/03\/ciciban-virgin-style-gin.webp","width":800,"height":838,"caption":"Ciciban virgin style gin"},{"@type":"BreadcrumbList","@id":"https:\/\/petriotgin.com\/hr\/izdelek\/bezalkoholni-gin-virgin-style\/#breadcrumb","itemListElement":[{"@type":"ListItem","position":1,"name":"Po\u010detna","item":"https:\/\/petriotgin.com\/hr\/"},{"@type":"ListItem","position":2,"name":"Gin Trgovina","item":"https:\/\/petriotgin.com\/hr\/trgovina\/"},{"@type":"ListItem","position":3,"name":"Ciciban virgin style 0.5L"}]},{"@type":"WebSite","@id":"https:\/\/petriotgin.com\/hr\/#website","url":"https:\/\/petriotgin.com\/hr\/","name":"Petriot Gin","description":"Petriot Distillery, Slovenia","publisher":{"@id":"https:\/\/petriotgin.com\/hr\/#organization"},"alternateName":"Petriot distillery","potentialAction":[{"@type":"SearchAction","target":{"@type":"EntryPoint","urlTemplate":"https:\/\/petriotgin.com\/hr\/?s={search_term_string}"},"query-input":{"@type":"PropertyValueSpecification","valueRequired":true,"valueName":"search_term_string"}}],"inLanguage":"hr"},{"@type":"Organization","@id":"https:\/\/petriotgin.com\/hr\/#organization","name":"Petriot d.o.o.","alternateName":"Petriot Distillery","url":"https:\/\/petriotgin.com\/hr\/","logo":{"@type":"ImageObject","inLanguage":"hr","@id":"https:\/\/petriotgin.com\/hr\/#\/schema\/logo\/image\/","url":"https:\/\/petriotgin.com\/wp-content\/uploads\/2021\/02\/Petriot_profil.png","contentUrl":"https:\/\/petriotgin.com\/wp-content\/uploads\/2021\/02\/Petriot_profil.png","width":1042,"height":1042,"caption":"Petriot d.o.o."},"image":{"@id":"https:\/\/petriotgin.com\/hr\/#\/schema\/logo\/image\/"},"sameAs":["https:\/\/www.facebook.com\/PetriotGin","https:\/\/www.instagram.com\/petriotgin\/","https:\/\/www.linkedin.com\/company\/petriot-distillery"],"email":"ilove@petriotgin.com","telephone":"+386 40 75 99 49","legalName":"Petriot Distillery","vatID":"84583185","taxID":"SI84583185","numberOfEmployees":{"@type":"QuantitativeValue","minValue":"1","maxValue":"10"}}]},"product_price_amount":"24.40","product_price_currency":"EUR","og_availability":"instock","product_availability":"instock","product_retailer_item_id":"CI50","product_condition":"new"},"_links":{"self":[{"href":"https:\/\/petriotgin.com\/hr\/wp-json\/wp\/v2\/product\/4625","targetHints":{"allow":["GET"]}}],"collection":[{"href":"https:\/\/petriotgin.com\/hr\/wp-json\/wp\/v2\/product"}],"about":[{"href":"https:\/\/petriotgin.com\/hr\/wp-json\/wp\/v2\/types\/product"}],"wp:featuredmedia":[{"embeddable":true,"href":"https:\/\/petriotgin.com\/hr\/wp-json\/wp\/v2\/media\/5216"}],"wp:attachment":[{"href":"https:\/\/petriotgin.com\/hr\/wp-json\/wp\/v2\/media?parent=4625"}],"wp:term":[{"taxonomy":"product_brand","embeddable":true,"href":"https:\/\/petriotgin.com\/hr\/wp-json\/wp\/v2\/product_brand?post=4625"},{"taxonomy":"product_cat","embeddable":true,"href":"https:\/\/petriotgin.com\/hr\/wp-json\/wp\/v2\/product_cat?post=4625"},{"taxonomy":"product_tag","embeddable":true,"href":"https:\/\/petriotgin.com\/hr\/wp-json\/wp\/v2\/product_tag?post=4625"}],"curies":[{"name":"wp","href":"https:\/\/api.w.org\/{rel}","templated":true}]}}